{"id":100,"date":"2024-08-25T08:12:04","date_gmt":"2024-08-25T12:12:04","guid":{"rendered":"https:\/\/clarendon.ottawavalleymedia.ca\/?page_id=100"},"modified":"2026-04-25T18:27:43","modified_gmt":"2026-04-25T22:27:43","slug":"conseil-municipal","status":"publish","type":"page","link":"https:\/\/clarendon.ca\/fr\/municipalite-de-clarendon\/conseil-municipal\/","title":{"rendered":"Conseil Municipal"},"content":{"rendered":"\t\t<div data-elementor-type=\"wp-page\" data-elementor-id=\"100\" class=\"elementor elementor-100 elementor-2101\" data-elementor-post-type=\"page\">\n\t\t\t\t<div class=\"elementor-element elementor-element-1aeb3ad e-flex e-con-boxed e-con e-parent\" data-id=\"1aeb3ad\" data-element_type=\"container\" data-e-type=\"container\">\n\t\t\t\t\t<div class=\"e-con-inner\">\n\t\t<div class=\"elementor-element elementor-element-43d17c5 e-con-full e-flex e-con e-child\" data-id=\"43d17c5\" data-element_type=\"container\" data-e-type=\"container\" data-settings=\"{&quot;background_background&quot;:&quot;classic&quot;}\">\n\t\t<div class=\"elementor-element elementor-element-df7f310 e-con-full e-flex e-con e-child\" data-id=\"df7f310\" data-element_type=\"container\" data-e-type=\"container\">\n\t\t\t\t<div class=\"elementor-element elementor-element-d951c33 dekoline elementor-widget elementor-widget-heading\" data-id=\"d951c33\" data-element_type=\"widget\" data-e-type=\"widget\" data-widget_type=\"heading.default\">\n\t\t\t\t<div class=\"elementor-widget-container\">\n\t\t\t\t\t<h2 class=\"elementor-heading-title elementor-size-xl\">Edward Walsh, Maire<\/h2>\t\t\t\t<\/div>\n\t\t\t\t<\/div>\n\t\t\t\t<div class=\"elementor-element elementor-element-f58d945 elementor-widget elementor-widget-text-editor\" data-id=\"f58d945\" data-element_type=\"widget\" data-e-type=\"widget\" data-widget_type=\"text-editor.default\">\n\t\t\t\t<div class=\"elementor-widget-container\">\n\t\t\t\t\t\t\t\t\t<p>Le maire <strong>Edward Walsh<\/strong> et le conseil municipal de Clarendon sont des leaders d\u00e9vou\u00e9s qui \u0153uvrent continuellement pour le d\u00e9veloppement, le bien-\u00eatre et la vitalit\u00e9 communautaire de notre municipalit\u00e9. Ils collaborent \u00e9troitement avec divers comit\u00e9s sp\u00e9cialis\u00e9s pour g\u00e9rer des aspects cl\u00e9s de l&rsquo;administration locale, notamment la planification, la s\u00e9curit\u00e9 et les initiatives culturelles. Gr\u00e2ce \u00e0 ces efforts concert\u00e9s, Clarendon demeure une communaut\u00e9 dynamique et accueillante pour ses r\u00e9sidents et ses visiteurs.<\/p>\t\t\t\t\t\t\t\t<\/div>\n\t\t\t\t<\/div>\n\t\t\t\t<div class=\"elementor-element elementor-element-3579ea8 elementor-widget elementor-widget-text-editor\" data-id=\"3579ea8\" data-element_type=\"widget\" data-e-type=\"widget\" data-widget_type=\"text-editor.default\">\n\t\t\t\t<div class=\"elementor-widget-container\">\n\t\t\t\t\t\t\t\t\t<p>Vous pouvez envoyer un courriel \u00e0 Maire Walsh \u00e0 <a href=\"mailto:maire@clarendon.ca\"><strong>maire@clarendon.ca<\/strong><\/a><\/p>\t\t\t\t\t\t\t\t<\/div>\n\t\t\t\t<\/div>\n\t\t\t\t<\/div>\n\t\t\t\t<\/div>\n\t\t<div class=\"elementor-element elementor-element-a694cc2 e-con-full e-flex e-con e-child\" data-id=\"a694cc2\" data-element_type=\"container\" data-e-type=\"container\">\n\t\t\t\t<div class=\"elementor-element elementor-element-da6f909 elementor-widget elementor-widget-image\" data-id=\"da6f909\" data-element_type=\"widget\" data-e-type=\"widget\" data-widget_type=\"image.default\">\n\t\t\t\t<div class=\"elementor-widget-container\">\n\t\t\t\t\t\t\t\t\t\t\t\t\t\t\t<img fetchpriority=\"high\" decoding=\"async\" width=\"384\" height=\"308\" src=\"https:\/\/clarendon.ca\/wp-content\/uploads\/2025\/07\/Edward-Walsh-Mayor-copy.jpg\" class=\"attachment-full size-full wp-image-7916\" alt=\"Ed Walsh\" srcset=\"https:\/\/clarendon.ca\/wp-content\/uploads\/2025\/07\/Edward-Walsh-Mayor-copy.jpg 384w, https:\/\/clarendon.ca\/wp-content\/uploads\/2025\/07\/Edward-Walsh-Mayor-copy-300x241.jpg 300w\" sizes=\"(max-width: 384px) 100vw, 384px\" \/>\t\t\t\t\t\t\t\t\t\t\t\t\t\t\t<\/div>\n\t\t\t\t<\/div>\n\t\t\t\t<\/div>\n\t\t\t\t\t<\/div>\n\t\t\t\t<\/div>\n\t\t<div class=\"elementor-element elementor-element-86d58d5 e-flex e-con-boxed e-con e-parent\" data-id=\"86d58d5\" data-element_type=\"container\" data-e-type=\"container\">\n\t\t\t\t\t<div class=\"e-con-inner\">\n\t\t\t\t<div class=\"elementor-element elementor-element-6ad9be1 elementor-widget elementor-widget-heading\" data-id=\"6ad9be1\" data-element_type=\"widget\" data-e-type=\"widget\" data-widget_type=\"heading.default\">\n\t\t\t\t<div class=\"elementor-widget-container\">\n\t\t\t\t\t<h2 class=\"elementor-heading-title elementor-size-default\">Le conseil<\/h2>\t\t\t\t<\/div>\n\t\t\t\t<\/div>\n\t\t<div class=\"elementor-element elementor-element-135a8a8 e-con-full e-flex e-con e-child\" data-id=\"135a8a8\" data-element_type=\"container\" data-e-type=\"container\">\n\t\t<div class=\"elementor-element elementor-element-5b586c7 e-con-full e-flex e-con e-child\" data-id=\"5b586c7\" data-element_type=\"container\" data-e-type=\"container\" data-settings=\"{&quot;background_background&quot;:&quot;classic&quot;}\">\n\t\t\t\t<div class=\"elementor-element elementor-element-f0afd97 elementor-widget elementor-widget-image\" data-id=\"f0afd97\" data-element_type=\"widget\" data-e-type=\"widget\" data-widget_type=\"image.default\">\n\t\t\t\t<div class=\"elementor-widget-container\">\n\t\t\t\t\t\t\t\t\t\t\t\t\t\t\t<img decoding=\"async\" width=\"416\" height=\"334\" src=\"https:\/\/clarendon.ca\/wp-content\/uploads\/2025\/07\/Rick-Younge-Councillor-Seat1-copy.jpg\" class=\"attachment-large size-large wp-image-7918\" alt=\"Rick Young\" srcset=\"https:\/\/clarendon.ca\/wp-content\/uploads\/2025\/07\/Rick-Younge-Councillor-Seat1-copy.jpg 416w, https:\/\/clarendon.ca\/wp-content\/uploads\/2025\/07\/Rick-Younge-Councillor-Seat1-copy-300x241.jpg 300w\" sizes=\"(max-width: 416px) 100vw, 416px\" \/>\t\t\t\t\t\t\t\t\t\t\t\t\t\t\t<\/div>\n\t\t\t\t<\/div>\n\t\t\t\t<div class=\"elementor-element elementor-element-d98866e elementor-widget elementor-widget-heading\" data-id=\"d98866e\" data-element_type=\"widget\" data-e-type=\"widget\" data-widget_type=\"heading.default\">\n\t\t\t\t<div class=\"elementor-widget-container\">\n\t\t\t\t\t<h3 class=\"elementor-heading-title elementor-size-default\">Rick Younge<\/h3>\t\t\t\t<\/div>\n\t\t\t\t<\/div>\n\t\t\t\t<\/div>\n\t\t<div class=\"elementor-element elementor-element-0339765 e-con-full e-flex e-con e-child\" data-id=\"0339765\" data-element_type=\"container\" data-e-type=\"container\" data-settings=\"{&quot;background_background&quot;:&quot;classic&quot;}\">\n\t\t\t\t<div class=\"elementor-element elementor-element-fddd724 elementor-widget elementor-widget-image\" data-id=\"fddd724\" data-element_type=\"widget\" data-e-type=\"widget\" data-widget_type=\"image.default\">\n\t\t\t\t<div class=\"elementor-widget-container\">\n\t\t\t\t\t\t\t\t\t\t\t\t\t\t\t<img decoding=\"async\" width=\"427\" height=\"342\" src=\"https:\/\/clarendon.ca\/wp-content\/uploads\/2026\/04\/jeff-hannaberry-1.webp\" class=\"attachment-large size-large wp-image-10208\" alt=\"\" srcset=\"https:\/\/clarendon.ca\/wp-content\/uploads\/2026\/04\/jeff-hannaberry-1.webp 427w, https:\/\/clarendon.ca\/wp-content\/uploads\/2026\/04\/jeff-hannaberry-1-300x240.webp 300w\" sizes=\"(max-width: 427px) 100vw, 427px\" \/>\t\t\t\t\t\t\t\t\t\t\t\t\t\t\t<\/div>\n\t\t\t\t<\/div>\n\t\t\t\t<div class=\"elementor-element elementor-element-e516923 elementor-widget elementor-widget-heading\" data-id=\"e516923\" data-element_type=\"widget\" data-e-type=\"widget\" data-widget_type=\"heading.default\">\n\t\t\t\t<div class=\"elementor-widget-container\">\n\t\t\t\t\t<h3 class=\"elementor-heading-title elementor-size-default\">Jeffrey Hannaberry<\/h3>\t\t\t\t<\/div>\n\t\t\t\t<\/div>\n\t\t\t\t<\/div>\n\t\t<div class=\"elementor-element elementor-element-fbad91c e-con-full e-flex e-con e-child\" data-id=\"fbad91c\" data-element_type=\"container\" data-e-type=\"container\" data-settings=\"{&quot;background_background&quot;:&quot;classic&quot;}\">\n\t\t\t\t<div class=\"elementor-element elementor-element-42f14eb elementor-widget elementor-widget-image\" data-id=\"42f14eb\" data-element_type=\"widget\" data-e-type=\"widget\" data-widget_type=\"image.default\">\n\t\t\t\t<div class=\"elementor-widget-container\">\n\t\t\t\t\t\t\t\t\t\t\t\t\t\t\t<img loading=\"lazy\" decoding=\"async\" width=\"400\" height=\"320\" src=\"https:\/\/clarendon.ca\/wp-content\/uploads\/2025\/07\/Phillip-Elliott-Councillor-Seat3-copy.jpg\" class=\"attachment-large size-large wp-image-7927\" alt=\"Phillip Elliot\" srcset=\"https:\/\/clarendon.ca\/wp-content\/uploads\/2025\/07\/Phillip-Elliott-Councillor-Seat3-copy.jpg 400w, https:\/\/clarendon.ca\/wp-content\/uploads\/2025\/07\/Phillip-Elliott-Councillor-Seat3-copy-300x240.jpg 300w\" sizes=\"(max-width: 400px) 100vw, 400px\" \/>\t\t\t\t\t\t\t\t\t\t\t\t\t\t\t<\/div>\n\t\t\t\t<\/div>\n\t\t\t\t<div class=\"elementor-element elementor-element-42f7a5f elementor-widget elementor-widget-heading\" data-id=\"42f7a5f\" data-element_type=\"widget\" data-e-type=\"widget\" data-widget_type=\"heading.default\">\n\t\t\t\t<div class=\"elementor-widget-container\">\n\t\t\t\t\t<h3 class=\"elementor-heading-title elementor-size-default\">Phillip Elliott<\/h3>\t\t\t\t<\/div>\n\t\t\t\t<\/div>\n\t\t\t\t<\/div>\n\t\t<div class=\"elementor-element elementor-element-7eb6acf e-con-full e-flex e-con e-child\" data-id=\"7eb6acf\" data-element_type=\"container\" data-e-type=\"container\" data-settings=\"{&quot;background_background&quot;:&quot;classic&quot;}\">\n\t\t\t\t<div class=\"elementor-element elementor-element-004dee7 elementor-widget elementor-widget-image\" data-id=\"004dee7\" data-element_type=\"widget\" data-e-type=\"widget\" data-widget_type=\"image.default\">\n\t\t\t\t<div class=\"elementor-widget-container\">\n\t\t\t\t\t\t\t\t\t\t\t\t\t\t\t<img loading=\"lazy\" decoding=\"async\" width=\"380\" height=\"304\" src=\"https:\/\/clarendon.ca\/wp-content\/uploads\/2025\/07\/Phillip-Holmes-Councillor-Seat4-copy.jpg\" class=\"attachment-large size-large wp-image-7929\" alt=\"\" srcset=\"https:\/\/clarendon.ca\/wp-content\/uploads\/2025\/07\/Phillip-Holmes-Councillor-Seat4-copy.jpg 380w, https:\/\/clarendon.ca\/wp-content\/uploads\/2025\/07\/Phillip-Holmes-Councillor-Seat4-copy-300x240.jpg 300w\" sizes=\"(max-width: 380px) 100vw, 380px\" \/>\t\t\t\t\t\t\t\t\t\t\t\t\t\t\t<\/div>\n\t\t\t\t<\/div>\n\t\t\t\t<div class=\"elementor-element elementor-element-09be40e elementor-widget elementor-widget-heading\" data-id=\"09be40e\" data-element_type=\"widget\" data-e-type=\"widget\" data-widget_type=\"heading.default\">\n\t\t\t\t<div class=\"elementor-widget-container\">\n\t\t\t\t\t<h3 class=\"elementor-heading-title elementor-size-default\">Phillip Holmes<\/h3>\t\t\t\t<\/div>\n\t\t\t\t<\/div>\n\t\t\t\t<\/div>\n\t\t<div class=\"elementor-element elementor-element-b901bd6 e-con-full e-flex e-con e-child\" data-id=\"b901bd6\" data-element_type=\"container\" data-e-type=\"container\" data-settings=\"{&quot;background_background&quot;:&quot;classic&quot;}\">\n\t\t\t\t<div class=\"elementor-element elementor-element-4b0ec7f elementor-widget elementor-widget-image\" data-id=\"4b0ec7f\" data-element_type=\"widget\" data-e-type=\"widget\" data-widget_type=\"image.default\">\n\t\t\t\t<div class=\"elementor-widget-container\">\n\t\t\t\t\t\t\t\t\t\t\t\t\t\t\t<img loading=\"lazy\" decoding=\"async\" width=\"408\" height=\"326\" src=\"https:\/\/clarendon.ca\/wp-content\/uploads\/2025\/07\/Eric-Smith-Councillor-Seat-5-copy.jpg\" class=\"attachment-large size-large wp-image-7931\" alt=\"Eric Smith\" srcset=\"https:\/\/clarendon.ca\/wp-content\/uploads\/2025\/07\/Eric-Smith-Councillor-Seat-5-copy.jpg 408w, https:\/\/clarendon.ca\/wp-content\/uploads\/2025\/07\/Eric-Smith-Councillor-Seat-5-copy-300x240.jpg 300w\" sizes=\"(max-width: 408px) 100vw, 408px\" \/>\t\t\t\t\t\t\t\t\t\t\t\t\t\t\t<\/div>\n\t\t\t\t<\/div>\n\t\t\t\t<div class=\"elementor-element elementor-element-b6a18e8 elementor-widget elementor-widget-heading\" data-id=\"b6a18e8\" data-element_type=\"widget\" data-e-type=\"widget\" data-widget_type=\"heading.default\">\n\t\t\t\t<div class=\"elementor-widget-container\">\n\t\t\t\t\t<h3 class=\"elementor-heading-title elementor-size-default\">Eric Smith<\/h3>\t\t\t\t<\/div>\n\t\t\t\t<\/div>\n\t\t\t\t<\/div>\n\t\t<div class=\"elementor-element elementor-element-d730c85 e-con-full e-flex e-con e-child\" data-id=\"d730c85\" data-element_type=\"container\" data-e-type=\"container\" data-settings=\"{&quot;background_background&quot;:&quot;classic&quot;}\">\n\t\t\t\t<div class=\"elementor-element elementor-element-bb2595b elementor-widget elementor-widget-image\" data-id=\"bb2595b\" data-element_type=\"widget\" data-e-type=\"widget\" data-widget_type=\"image.default\">\n\t\t\t\t<div class=\"elementor-widget-container\">\n\t\t\t\t\t\t\t\t\t\t\t\t\t\t\t<img loading=\"lazy\" decoding=\"async\" width=\"397\" height=\"318\" src=\"https:\/\/clarendon.ca\/wp-content\/uploads\/2025\/07\/Mavis-Hanna-Councillor-Seat-6-copy.jpg\" class=\"attachment-large size-large wp-image-7933\" alt=\"Mavis Hanna\" srcset=\"https:\/\/clarendon.ca\/wp-content\/uploads\/2025\/07\/Mavis-Hanna-Councillor-Seat-6-copy.jpg 397w, https:\/\/clarendon.ca\/wp-content\/uploads\/2025\/07\/Mavis-Hanna-Councillor-Seat-6-copy-300x240.jpg 300w\" sizes=\"(max-width: 397px) 100vw, 397px\" \/>\t\t\t\t\t\t\t\t\t\t\t\t\t\t\t<\/div>\n\t\t\t\t<\/div>\n\t\t\t\t<div class=\"elementor-element elementor-element-72a6b43 elementor-widget elementor-widget-heading\" data-id=\"72a6b43\" data-element_type=\"widget\" data-e-type=\"widget\" data-widget_type=\"heading.default\">\n\t\t\t\t<div class=\"elementor-widget-container\">\n\t\t\t\t\t<h3 class=\"elementor-heading-title elementor-size-default\">Mavis Hanna<\/h3>\t\t\t\t<\/div>\n\t\t\t\t<\/div>\n\t\t\t\t<\/div>\n\t\t\t\t<\/div>\n\t\t\t\t\t<\/div>\n\t\t\t\t<\/div>\n\t\t\t\t<\/div>\n\t\t","protected":false},"excerpt":{"rendered":"<p>Edward Walsh, Maire Le maire Edward Walsh et le conseil municipal de Clarendon sont des leaders d\u00e9vou\u00e9s qui \u0153uvrent continuellement pour le d\u00e9veloppement, le bien-\u00eatre et la vitalit\u00e9 communautaire de notre municipalit\u00e9. Ils collaborent \u00e9troitement avec divers comit\u00e9s sp\u00e9cialis\u00e9s pour g\u00e9rer des aspects cl\u00e9s de l&rsquo;administration locale, notamment la planification, la s\u00e9curit\u00e9 et les initiatives [&hellip;]<\/p>\n","protected":false},"author":1,"featured_media":7911,"parent":248,"menu_order":0,"comment_status":"closed","ping_status":"closed","template":"","meta":{"_acf_changed":false,"footnotes":""},"class_list":["post-100","page","type-page","status-publish","has-post-thumbnail","hentry"],"acf":[],"_links":{"self":[{"href":"https:\/\/clarendon.ca\/fr\/wp-json\/wp\/v2\/pages\/100","targetHints":{"allow":["GET"]}}],"collection":[{"href":"https:\/\/clarendon.ca\/fr\/wp-json\/wp\/v2\/pages"}],"about":[{"href":"https:\/\/clarendon.ca\/fr\/wp-json\/wp\/v2\/types\/page"}],"author":[{"embeddable":true,"href":"https:\/\/clarendon.ca\/fr\/wp-json\/wp\/v2\/users\/1"}],"replies":[{"embeddable":true,"href":"https:\/\/clarendon.ca\/fr\/wp-json\/wp\/v2\/comments?post=100"}],"version-history":[{"count":94,"href":"https:\/\/clarendon.ca\/fr\/wp-json\/wp\/v2\/pages\/100\/revisions"}],"predecessor-version":[{"id":10218,"href":"https:\/\/clarendon.ca\/fr\/wp-json\/wp\/v2\/pages\/100\/revisions\/10218"}],"up":[{"embeddable":true,"href":"https:\/\/clarendon.ca\/fr\/wp-json\/wp\/v2\/pages\/248"}],"wp:featuredmedia":[{"embeddable":true,"href":"https:\/\/clarendon.ca\/fr\/wp-json\/wp\/v2\/media\/7911"}],"wp:attachment":[{"href":"https:\/\/clarendon.ca\/fr\/wp-json\/wp\/v2\/media?parent=100"}],"curies":[{"name":"wp","href":"https:\/\/api.w.org\/{rel}","templated":true}]}}