{"id":105,"date":"2024-08-25T08:15:49","date_gmt":"2024-08-25T12:15:49","guid":{"rendered":"https:\/\/clarendon.ottawavalleymedia.ca\/?page_id=105"},"modified":"2026-04-30T14:33:24","modified_gmt":"2026-04-30T18:33:24","slug":"reunions-du-conseil","status":"publish","type":"page","link":"https:\/\/clarendon.ca\/fr\/municipalite-de-clarendon\/reunions-du-conseil\/","title":{"rendered":"R\u00e9unions du conseil"},"content":{"rendered":"\t\t<div data-elementor-type=\"wp-page\" data-elementor-id=\"105\" class=\"elementor elementor-105 elementor-2105\" data-elementor-post-type=\"page\">\n\t\t\t\t<div class=\"elementor-element elementor-element-ba54ffa e-flex e-con-boxed e-con e-parent\" data-id=\"ba54ffa\" data-element_type=\"container\" data-e-type=\"container\">\n\t\t\t\t\t<div class=\"e-con-inner\">\n\t\t\t\t<div class=\"elementor-element elementor-element-bcf1db7 elementor-widget elementor-widget-text-editor\" data-id=\"bcf1db7\" data-element_type=\"widget\" data-e-type=\"widget\" data-widget_type=\"text-editor.default\">\n\t\t\t\t<div class=\"elementor-widget-container\">\n\t\t\t\t\t\t\t\t\t<p>Les r\u00e9unions du conseil municipal de Clarendon sont l&rsquo;occasion de prendre des d\u00e9cisions importantes concernant l&rsquo;avenir de notre communaut\u00e9. Elles sont ouvertes au public et permettent aux r\u00e9sidents de se tenir inform\u00e9s, de poser des questions et de voir comment les priorit\u00e9s sont fix\u00e9es. Nous encourageons tout le monde \u00e0 y assister et \u00e0 y participer, car votre opinion compte. Le conseil municipal est l\u00e0 pour servir les habitants de Clarendon et contribuer \u00e0 fa\u00e7onner une municipalit\u00e9 forte et dynamique.<\/p>\t\t\t\t\t\t\t\t<\/div>\n\t\t\t\t<\/div>\n\t\t\t\t\t<\/div>\n\t\t\t\t<\/div>\n\t\t<div class=\"elementor-element elementor-element-4085a8a e-flex e-con-boxed e-con e-parent\" data-id=\"4085a8a\" data-element_type=\"container\" data-e-type=\"container\">\n\t\t\t\t\t<div class=\"e-con-inner\">\n\t\t<div class=\"elementor-element elementor-element-6ab0bdd e-con-full e-flex e-con e-child\" data-id=\"6ab0bdd\" data-element_type=\"container\" data-e-type=\"container\">\n\t\t\t\t<div class=\"elementor-element elementor-element-4c51e97 elementor-widget elementor-widget-heading\" data-id=\"4c51e97\" data-element_type=\"widget\" data-e-type=\"widget\" data-widget_type=\"heading.default\">\n\t\t\t\t<div class=\"elementor-widget-container\">\n\t\t\t\t\t<h2 class=\"elementor-heading-title elementor-size-default\">R\u00e9unions \u00e0 venir<\/h2>\t\t\t\t<\/div>\n\t\t\t\t<\/div>\n\t\t\t\t<div class=\"elementor-element elementor-element-ef21046 elementor-widget elementor-widget-html\" data-id=\"ef21046\" data-element_type=\"widget\" data-e-type=\"widget\" data-widget_type=\"html.default\">\n\t\t\t\t<div class=\"elementor-widget-container\">\n\t\t\t\t\t<div class=\"em em-view-container\" id=\"em-view-824933846\" data-view=\"list-grouped\">\r\n\t<div class=\"em pixelbones em-list em-events-list em-events-list-grouped\" id=\"em-events-list-grouped-824933846\">\r\n\tNo Events\t<\/div>\r\n<\/div>\r\n\t\t\t\t<\/div>\n\t\t\t\t<\/div>\n\t\t\t\t<\/div>\n\t\t\t\t\t<\/div>\n\t\t\t\t<\/div>\n\t\t<div class=\"elementor-element elementor-element-b2afe6c e-flex e-con-boxed e-con e-parent\" data-id=\"b2afe6c\" data-element_type=\"container\" data-e-type=\"container\">\n\t\t\t\t\t<div class=\"e-con-inner\">\n\t\t<div class=\"elementor-element elementor-element-7fa686d e-con-full e-flex e-con e-child\" data-id=\"7fa686d\" data-element_type=\"container\" data-e-type=\"container\">\n\t\t\t\t<div class=\"elementor-element elementor-element-332b4ca elementor-widget elementor-widget-heading\" data-id=\"332b4ca\" data-element_type=\"widget\" data-e-type=\"widget\" data-widget_type=\"heading.default\">\n\t\t\t\t<div class=\"elementor-widget-container\">\n\t\t\t\t\t<h2 class=\"elementor-heading-title elementor-size-default\">R\u00e9unions pr\u00e9c\u00e9dentes<\/h2>\t\t\t\t<\/div>\n\t\t\t\t<\/div>\n\t\t\t\t<div class=\"elementor-element elementor-element-389a305 elementor-widget elementor-widget-html\" data-id=\"389a305\" data-element_type=\"widget\" data-e-type=\"widget\" data-widget_type=\"html.default\">\n\t\t\t\t<div class=\"elementor-widget-container\">\n\t\t\t\t\t<div class=\"past-events-grid\">\r\n  <div class=\"em em-view-container\" id=\"em-view-1614285186\" data-view=\"list-grouped\">\r\n\t<div class=\"em pixelbones em-list em-events-list em-events-list-grouped\" id=\"em-events-list-grouped-1614285186\">\r\n\t\r\n  <a href=\"https:\/\/clarendon.ca\/fr\/events\/reunion-du-conseil-municipal-2026-04-14\/\" class=\"council-meeting-grid-item\">\r\n    <div class=\"council-meeting-date\">avril 14, 2026<\/div>\r\n    <div class=\"council-meeting-title\">Reunion du conseil municipal<\/div>\r\n  <\/a>\r\n  \r\n  <a href=\"https:\/\/clarendon.ca\/fr\/events\/reunion-du-conseil-municipal-2026-03-24\/\" class=\"council-meeting-grid-item\">\r\n    <div class=\"council-meeting-date\">mars 24, 2026<\/div>\r\n    <div class=\"council-meeting-title\">Reunion du conseil municipal<\/div>\r\n  <\/a>\r\n  \r\n  <a href=\"https:\/\/clarendon.ca\/fr\/events\/reunion-du-conseil-municipal-2026-03-10\/\" class=\"council-meeting-grid-item\">\r\n    <div class=\"council-meeting-date\">mars 10, 2026<\/div>\r\n    <div class=\"council-meeting-title\">Reunion du conseil municipal<\/div>\r\n  <\/a>\r\n  \r\n  <a href=\"https:\/\/clarendon.ca\/fr\/events\/reunion-du-conseil-19\/\" class=\"council-meeting-grid-item\">\r\n    <div class=\"council-meeting-date\">f\u00e9vrier 25, 2026<\/div>\r\n    <div class=\"council-meeting-title\">R\u00e9union du conseil<\/div>\r\n  <\/a>\r\n  \r\n  <a href=\"https:\/\/clarendon.ca\/fr\/events\/reunion-du-conseil-municipal-2026-01-27\/\" class=\"council-meeting-grid-item\">\r\n    <div class=\"council-meeting-date\">janvier 27, 2026<\/div>\r\n    <div class=\"council-meeting-title\">Reunion du conseil municipal<\/div>\r\n  <\/a>\r\n  \r\n  <a href=\"https:\/\/clarendon.ca\/fr\/events\/reunion-du-conseil-municipal-2026-01-13\/\" class=\"council-meeting-grid-item\">\r\n    <div class=\"council-meeting-date\">janvier 13, 2026<\/div>\r\n    <div class=\"council-meeting-title\">Reunion du conseil municipal<\/div>\r\n  <\/a>\r\n  \r\n  <a href=\"https:\/\/clarendon.ca\/fr\/events\/reunion-du-conseil-17\/\" class=\"council-meeting-grid-item\">\r\n    <div class=\"council-meeting-date\">d\u00e9cembre 16, 2025<\/div>\r\n    <div class=\"council-meeting-title\">R\u00e9union du Conseil<\/div>\r\n  <\/a>\r\n  \r\n  <a href=\"https:\/\/clarendon.ca\/fr\/events\/reunion-du-conseil-5\/\" class=\"council-meeting-grid-item\">\r\n    <div class=\"council-meeting-date\">octobre 1, 2025<\/div>\r\n    <div class=\"council-meeting-title\">R\u00e9union du Conseil<\/div>\r\n  <\/a>\r\n  \r\n  <a href=\"https:\/\/clarendon.ca\/fr\/events\/reunion-du-conseil-16\/\" class=\"council-meeting-grid-item\">\r\n    <div class=\"council-meeting-date\">septembre 9, 2025<\/div>\r\n    <div class=\"council-meeting-title\">R\u00e9union du Conseil<\/div>\r\n  <\/a>\r\n  \r\n  <a href=\"https:\/\/clarendon.ca\/fr\/events\/reunion-du-conseil-15\/\" class=\"council-meeting-grid-item\">\r\n    <div class=\"council-meeting-date\">ao\u00fbt 12, 2025<\/div>\r\n    <div class=\"council-meeting-title\">R\u00e9union du Conseil<\/div>\r\n  <\/a>\r\n  \r\n  <a href=\"https:\/\/clarendon.ca\/fr\/events\/reunion-du-conseil-13\/\" class=\"council-meeting-grid-item\">\r\n    <div class=\"council-meeting-date\">juillet 8, 2025<\/div>\r\n    <div class=\"council-meeting-title\">R\u00e9union du Conseil<\/div>\r\n  <\/a>\r\n  \r\n  <a href=\"https:\/\/clarendon.ca\/fr\/events\/reunion-du-conseil-12\/\" class=\"council-meeting-grid-item\">\r\n    <div class=\"council-meeting-date\">juin 17, 2025<\/div>\r\n    <div class=\"council-meeting-title\">R\u00e9union du Conseil<\/div>\r\n  <\/a>\r\n  \r\n  <a href=\"https:\/\/clarendon.ca\/fr\/events\/reunion-du-conseil-2\/\" class=\"council-meeting-grid-item\">\r\n    <div class=\"council-meeting-date\">mai 27, 2025<\/div>\r\n    <div class=\"council-meeting-title\">R\u00e9union du Conseil<\/div>\r\n  <\/a>\r\n  \r\n  <a href=\"https:\/\/clarendon.ca\/fr\/events\/reunion-du-conseil-10\/\" class=\"council-meeting-grid-item\">\r\n    <div class=\"council-meeting-date\">mai 13, 2025<\/div>\r\n    <div class=\"council-meeting-title\">R\u00e9union du Conseil<\/div>\r\n  <\/a>\r\n  \r\n  <a href=\"https:\/\/clarendon.ca\/fr\/events\/reunion-du-conseil-18\/\" class=\"council-meeting-grid-item\">\r\n    <div class=\"council-meeting-date\">avril 22, 2025<\/div>\r\n    <div class=\"council-meeting-title\">R\u00e9union du Conseil<\/div>\r\n  <\/a>\r\n  \r\n  <a href=\"https:\/\/clarendon.ca\/fr\/events\/reunion-du-conseil-11\/\" class=\"council-meeting-grid-item\">\r\n    <div class=\"council-meeting-date\">avril 8, 2025<\/div>\r\n    <div class=\"council-meeting-title\">R\u00e9union du Conseil<\/div>\r\n  <\/a>\r\n  \r\n  <a href=\"https:\/\/clarendon.ca\/fr\/events\/reunion-du-conseil-6\/\" class=\"council-meeting-grid-item\">\r\n    <div class=\"council-meeting-date\">mars 25, 2025<\/div>\r\n    <div class=\"council-meeting-title\">R\u00e9union du Conseil<\/div>\r\n  <\/a>\r\n  \r\n  <a href=\"https:\/\/clarendon.ca\/fr\/events\/reunion-du-conseil-9\/\" class=\"council-meeting-grid-item\">\r\n    <div class=\"council-meeting-date\">mars 10, 2025<\/div>\r\n    <div class=\"council-meeting-title\">R\u00e9union du Conseil<\/div>\r\n  <\/a>\r\n  \r\n  <a href=\"https:\/\/clarendon.ca\/fr\/events\/reunion-du-conseil-4\/\" class=\"council-meeting-grid-item\">\r\n    <div class=\"council-meeting-date\">f\u00e9vrier 24, 2025<\/div>\r\n    <div class=\"council-meeting-title\">R\u00e9union du Conseil<\/div>\r\n  <\/a>\r\n  \r\n  <a href=\"https:\/\/clarendon.ca\/fr\/events\/reunion-du-conseil-8\/\" class=\"council-meeting-grid-item\">\r\n    <div class=\"council-meeting-date\">f\u00e9vrier 11, 2025<\/div>\r\n    <div class=\"council-meeting-title\">R\u00e9union du Conseil<\/div>\r\n  <\/a>\r\n  \r\n  <a href=\"https:\/\/clarendon.ca\/fr\/events\/reunion-du-conseil-3\/\" class=\"council-meeting-grid-item\">\r\n    <div class=\"council-meeting-date\">janvier 28, 2025<\/div>\r\n    <div class=\"council-meeting-title\">R\u00e9union du Conseil<\/div>\r\n  <\/a>\r\n  \r\n  <a href=\"https:\/\/clarendon.ca\/fr\/events\/reunion-du-conseil-7\/\" class=\"council-meeting-grid-item\">\r\n    <div class=\"council-meeting-date\">janvier 14, 2025<\/div>\r\n    <div class=\"council-meeting-title\">R\u00e9union du Conseil<\/div>\r\n  <\/a>\r\n  \r\n  <a href=\"https:\/\/clarendon.ca\/fr\/events\/council-meeting-16\/\" class=\"council-meeting-grid-item\">\r\n    <div class=\"council-meeting-date\">d\u00e9cembre 10, 2024<\/div>\r\n    <div class=\"council-meeting-title\">R\u00e9union du Conseil<\/div>\r\n  <\/a>\r\n  \r\n  <a href=\"https:\/\/clarendon.ca\/fr\/events\/council-meeting-15\/\" class=\"council-meeting-grid-item\">\r\n    <div class=\"council-meeting-date\">novembre 26, 2024<\/div>\r\n    <div class=\"council-meeting-title\">R\u00e9union du Conseil<\/div>\r\n  <\/a>\r\n  \r\n  <a href=\"https:\/\/clarendon.ca\/fr\/events\/budget-meeting\/\" class=\"council-meeting-grid-item\">\r\n    <div class=\"council-meeting-date\">novembre 25, 2024<\/div>\r\n    <div class=\"council-meeting-title\">R\u00e9union sur le budget 2025<\/div>\r\n  <\/a>\r\n  \r\n  <a href=\"https:\/\/clarendon.ca\/fr\/events\/council-meeting-14\/\" class=\"council-meeting-grid-item\">\r\n    <div class=\"council-meeting-date\">novembre 12, 2024<\/div>\r\n    <div class=\"council-meeting-title\">R\u00e9union du Conseil<\/div>\r\n  <\/a>\r\n  \r\n  <a href=\"https:\/\/clarendon.ca\/fr\/events\/council-meeting-13\/\" class=\"council-meeting-grid-item\">\r\n    <div class=\"council-meeting-date\">octobre 22, 2024<\/div>\r\n    <div class=\"council-meeting-title\">R\u00e9union du Conseil<\/div>\r\n  <\/a>\r\n  \r\n  <a href=\"https:\/\/clarendon.ca\/fr\/events\/council-meeting-12\/\" class=\"council-meeting-grid-item\">\r\n    <div class=\"council-meeting-date\">octobre 8, 2024<\/div>\r\n    <div class=\"council-meeting-title\">Council Meeting<\/div>\r\n  <\/a>\r\n  \r\n  <a href=\"https:\/\/clarendon.ca\/fr\/events\/reunion-du-conseil\/\" class=\"council-meeting-grid-item\">\r\n    <div class=\"council-meeting-date\">septembre 24, 2024<\/div>\r\n    <div class=\"council-meeting-title\">R\u00e9union du Conseil<\/div>\r\n  <\/a>\r\n  \r\n  <a href=\"https:\/\/clarendon.ca\/fr\/events\/council-meeting-10\/\" class=\"council-meeting-grid-item\">\r\n    <div class=\"council-meeting-date\">septembre 10, 2024<\/div>\r\n    <div class=\"council-meeting-title\">R\u00e9union du Conseil<\/div>\r\n  <\/a>\r\n  \r\n  <a href=\"https:\/\/clarendon.ca\/fr\/events\/council-meeting-9\/\" class=\"council-meeting-grid-item\">\r\n    <div class=\"council-meeting-date\">ao\u00fbt 13, 2024<\/div>\r\n    <div class=\"council-meeting-title\">R\u00e9union du Conseil<\/div>\r\n  <\/a>\r\n  \r\n  <a href=\"https:\/\/clarendon.ca\/fr\/events\/council-meeting-8\/\" class=\"council-meeting-grid-item\">\r\n    <div class=\"council-meeting-date\">juillet 9, 2024<\/div>\r\n    <div class=\"council-meeting-title\">R\u00e9union du Conseil<\/div>\r\n  <\/a>\r\n  \r\n  <a href=\"https:\/\/clarendon.ca\/fr\/events\/council-meeting-7\/\" class=\"council-meeting-grid-item\">\r\n    <div class=\"council-meeting-date\">juin 25, 2024<\/div>\r\n    <div class=\"council-meeting-title\">R\u00e9union du Conseil<\/div>\r\n  <\/a>\r\n  \r\n  <a href=\"https:\/\/clarendon.ca\/fr\/events\/council-meeting-6\/\" class=\"council-meeting-grid-item\">\r\n    <div class=\"council-meeting-date\">mai 28, 2024<\/div>\r\n    <div class=\"council-meeting-title\">R\u00e9union du Conseil<\/div>\r\n  <\/a>\r\n  \r\n  <a href=\"https:\/\/clarendon.ca\/fr\/events\/council-meeting-5\/\" class=\"council-meeting-grid-item\">\r\n    <div class=\"council-meeting-date\">avril 9, 2024<\/div>\r\n    <div class=\"council-meeting-title\">R\u00e9union du Conseil<\/div>\r\n  <\/a>\r\n  \r\n  <a href=\"https:\/\/clarendon.ca\/fr\/events\/council-meeting-4\/\" class=\"council-meeting-grid-item\">\r\n    <div class=\"council-meeting-date\">mars 26, 2024<\/div>\r\n    <div class=\"council-meeting-title\">R\u00e9union du Conseil<\/div>\r\n  <\/a>\r\n  \r\n  <a href=\"https:\/\/clarendon.ca\/fr\/events\/council-meeting-3\/\" class=\"council-meeting-grid-item\">\r\n    <div class=\"council-meeting-date\">mars 12, 2024<\/div>\r\n    <div class=\"council-meeting-title\">R\u00e9union du Conseil<\/div>\r\n  <\/a>\r\n  \r\n  <a href=\"https:\/\/clarendon.ca\/fr\/events\/council-meeting-2\/\" class=\"council-meeting-grid-item\">\r\n    <div class=\"council-meeting-date\">f\u00e9vrier 13, 2024<\/div>\r\n    <div class=\"council-meeting-title\">R\u00e9union du Conseil<\/div>\r\n  <\/a>\r\n  \r\n  <a href=\"https:\/\/clarendon.ca\/fr\/events\/council-meeting\/\" class=\"council-meeting-grid-item\">\r\n    <div class=\"council-meeting-date\">janvier 16, 2024<\/div>\r\n    <div class=\"council-meeting-title\">R\u00e9union du Conseil<\/div>\r\n  <\/a>\r\n  \t<\/div>\r\n<\/div>\r\n<\/div>\t\t\t\t<\/div>\n\t\t\t\t<\/div>\n\t\t\t\t<\/div>\n\t\t<div class=\"elementor-element elementor-element-9fd0792 e-con-full e-flex e-con e-child\" data-id=\"9fd0792\" data-element_type=\"container\" data-e-type=\"container\">\n\t\t\t\t<div class=\"elementor-element elementor-element-80c2924 elementor-widget elementor-widget-heading\" data-id=\"80c2924\" data-element_type=\"widget\" data-e-type=\"widget\" data-widget_type=\"heading.default\">\n\t\t\t\t<div class=\"elementor-widget-container\">\n\t\t\t\t\t<h3 class=\"elementor-heading-title elementor-size-default\">Budget et Finances<\/h3>\t\t\t\t<\/div>\n\t\t\t\t<\/div>\n\t\t\t\t<div class=\"elementor-element elementor-element-7513318 elementor-widget elementor-widget-html\" data-id=\"7513318\" data-element_type=\"widget\" data-e-type=\"widget\" data-widget_type=\"html.default\">\n\t\t\t\t<div class=\"elementor-widget-container\">\n\t\t\t\t\t<div class=\"single-column-grid\">\r\n  <div class=\"em em-view-container\" id=\"em-view-1041065646\" data-view=\"list-grouped\">\r\n\t<div class=\"em pixelbones em-list em-events-list em-events-list-grouped\" id=\"em-events-list-grouped-1041065646\">\r\n\t\r\n  <a href=\"https:\/\/clarendon.ca\/fr\/events\/budget-meeting\/\" class=\"council-meeting-grid-item\">\r\n    <div class=\"council-meeting-date\">novembre 25, 2024<\/div>\r\n    <div class=\"council-meeting-title\">R\u00e9union sur le budget 2025<\/div>\r\n  <\/a>\r\n  \t<\/div>\r\n<\/div>\r\n<\/div>\t\t\t\t<\/div>\n\t\t\t\t<\/div>\n\t\t\t\t<div class=\"elementor-element elementor-element-be4b07b elementor-widget elementor-widget-heading\" data-id=\"be4b07b\" data-element_type=\"widget\" data-e-type=\"widget\" data-widget_type=\"heading.default\">\n\t\t\t\t<div class=\"elementor-widget-container\">\n\t\t\t\t\t<h3 class=\"elementor-heading-title elementor-size-default\">Archives<\/h3>\t\t\t\t<\/div>\n\t\t\t\t<\/div>\n\t\t\t\t<div class=\"elementor-element elementor-element-f1fca5a elementor-widget elementor-widget-text-editor\" data-id=\"f1fca5a\" data-element_type=\"widget\" data-e-type=\"widget\" data-widget_type=\"text-editor.default\">\n\t\t\t\t<div class=\"elementor-widget-container\">\n\t\t\t\t\t\t\t\t\t<p><a href=\"https:\/\/clarendon.ca\/wp-content\/uploads\/2025\/07\/Clarendon-reunion-du-conseil-2024-fr.zip\"><em><strong>2024<\/strong><\/em><\/a><\/p>\t\t\t\t\t\t\t\t<\/div>\n\t\t\t\t<\/div>\n\t\t\t\t<div class=\"elementor-element elementor-element-3c6e26f elementor-widget elementor-widget-text-editor\" data-id=\"3c6e26f\" data-element_type=\"widget\" data-e-type=\"widget\" data-widget_type=\"text-editor.default\">\n\t\t\t\t<div class=\"elementor-widget-container\">\n\t\t\t\t\t\t\t\t\t<p><a href=\"https:\/\/clarendon.ca\/wp-content\/uploads\/2025\/07\/Clarendon-minutes-2023-frn.zip\"><em><strong>2023<\/strong><\/em><\/a><\/p>\t\t\t\t\t\t\t\t<\/div>\n\t\t\t\t<\/div>\n\t\t\t\t<\/div>\n\t\t\t\t\t<\/div>\n\t\t\t\t<\/div>\n\t\t\t\t<\/div>\n\t\t","protected":false},"excerpt":{"rendered":"<p>Les r\u00e9unions du conseil municipal de Clarendon sont l&rsquo;occasion de prendre des d\u00e9cisions importantes concernant l&rsquo;avenir de notre communaut\u00e9. Elles sont ouvertes au public et permettent aux r\u00e9sidents de se tenir inform\u00e9s, de poser des questions et de voir comment les priorit\u00e9s sont fix\u00e9es. Nous encourageons tout le monde \u00e0 y assister et \u00e0 y [&hellip;]<\/p>\n","protected":false},"author":1,"featured_media":7911,"parent":248,"menu_order":0,"comment_status":"closed","ping_status":"closed","template":"","meta":{"_acf_changed":false,"footnotes":""},"class_list":["post-105","page","type-page","status-publish","has-post-thumbnail","hentry"],"acf":[],"_links":{"self":[{"href":"https:\/\/clarendon.ca\/fr\/wp-json\/wp\/v2\/pages\/105","targetHints":{"allow":["GET"]}}],"collection":[{"href":"https:\/\/clarendon.ca\/fr\/wp-json\/wp\/v2\/pages"}],"about":[{"href":"https:\/\/clarendon.ca\/fr\/wp-json\/wp\/v2\/types\/page"}],"author":[{"embeddable":true,"href":"https:\/\/clarendon.ca\/fr\/wp-json\/wp\/v2\/users\/1"}],"replies":[{"embeddable":true,"href":"https:\/\/clarendon.ca\/fr\/wp-json\/wp\/v2\/comments?post=105"}],"version-history":[{"count":307,"href":"https:\/\/clarendon.ca\/fr\/wp-json\/wp\/v2\/pages\/105\/revisions"}],"predecessor-version":[{"id":10661,"href":"https:\/\/clarendon.ca\/fr\/wp-json\/wp\/v2\/pages\/105\/revisions\/10661"}],"up":[{"embeddable":true,"href":"https:\/\/clarendon.ca\/fr\/wp-json\/wp\/v2\/pages\/248"}],"wp:featuredmedia":[{"embeddable":true,"href":"https:\/\/clarendon.ca\/fr\/wp-json\/wp\/v2\/media\/7911"}],"wp:attachment":[{"href":"https:\/\/clarendon.ca\/fr\/wp-json\/wp\/v2\/media?parent=105"}],"curies":[{"name":"wp","href":"https:\/\/api.w.org\/{rel}","templated":true}]}}