{"id":110,"date":"2024-08-25T08:18:17","date_gmt":"2024-08-25T12:18:17","guid":{"rendered":"https:\/\/clarendon.ottawavalleymedia.ca\/?page_id=110"},"modified":"2025-10-27T12:18:16","modified_gmt":"2025-10-27T16:18:16","slug":"avis-publics","status":"publish","type":"page","link":"https:\/\/clarendon.ca\/fr\/residents\/avis-publics\/","title":{"rendered":"Avis publics"},"content":{"rendered":"\t\t<div data-elementor-type=\"wp-page\" data-elementor-id=\"110\" class=\"elementor elementor-110 elementor-2115\" data-elementor-post-type=\"page\">\n\t\t\t\t<div class=\"elementor-element elementor-element-28e11c8 e-flex e-con-boxed e-con e-parent\" data-id=\"28e11c8\" data-element_type=\"container\" data-e-type=\"container\">\n\t\t\t\t\t<div class=\"e-con-inner\">\n\t\t<div class=\"elementor-element elementor-element-af3418c e-con-full e-flex e-con e-child\" data-id=\"af3418c\" data-element_type=\"container\" data-e-type=\"container\">\n\t\t\t\t<div class=\"elementor-element elementor-element-eee370d elementor-widget elementor-widget-text-editor\" data-id=\"eee370d\" data-element_type=\"widget\" data-e-type=\"widget\" data-widget_type=\"text-editor.default\">\n\t\t\t\t<div class=\"elementor-widget-container\">\n\t\t\t\t\t\t\t\t\t<p>Votre centre n\u00e9vralgique pour toutes les annonces officielles de la municipalit\u00e9 de Clarendon. Vous trouverez ici des mises \u00e0 jour importantes et des informations essentielles concernant les d\u00e9cisions municipales, les r\u00e9unions publiques, les modifications des r\u00e8glements, les appels d&rsquo;offres et autres avis essentiels \u00e0 notre communaut\u00e9. Nous nous engageons \u00e0 tenir les r\u00e9sidents et les parties prenantes bien inform\u00e9s et impliqu\u00e9s dans le d\u00e9veloppement et la gouvernance continus de Clarendon.<\/p>\t\t\t\t\t\t\t\t<\/div>\n\t\t\t\t<\/div>\n\t\t\t\t<\/div>\n\t\t<div class=\"elementor-element elementor-element-3d7176f e-con-full e-flex e-con e-child\" data-id=\"3d7176f\" data-element_type=\"container\" data-e-type=\"container\">\n\t\t\t\t<div class=\"elementor-element elementor-element-8bd0e6c elementor-widget elementor-widget-heading\" data-id=\"8bd0e6c\" data-element_type=\"widget\" data-e-type=\"widget\" data-widget_type=\"heading.default\">\n\t\t\t\t<div class=\"elementor-widget-container\">\n\t\t\t\t\t<h2 class=\"elementor-heading-title elementor-size-default\">Avis<\/h2>\t\t\t\t<\/div>\n\t\t\t\t<\/div>\n\t\t\t\t<div class=\"elementor-element elementor-element-c311d45 elementor-align-center elementor-widget elementor-widget-button\" data-id=\"c311d45\" data-element_type=\"widget\" data-e-type=\"widget\" data-widget_type=\"button.default\">\n\t\t\t\t<div class=\"elementor-widget-container\">\n\t\t\t\t\t\t\t\t\t<div class=\"elementor-button-wrapper\">\n\t\t\t\t\t<a class=\"elementor-button elementor-button-link elementor-size-sm\" href=\"https:\/\/clarendon.ca\/contactez\/\">\n\t\t\t\t\t\t<span class=\"elementor-button-content-wrapper\">\n\t\t\t\t\t\t\t\t\t<span class=\"elementor-button-text\">Des questions ? Contactez-nous<\/span>\n\t\t\t\t\t<\/span>\n\t\t\t\t\t<\/a>\n\t\t\t\t<\/div>\n\t\t\t\t\t\t\t\t<\/div>\n\t\t\t\t<\/div>\n\t\t\t\t<\/div>\n\t\t\t\t\t<\/div>\n\t\t\t\t<\/div>\n\t\t\t\t<\/div>\n\t\t","protected":false},"excerpt":{"rendered":"<p>Votre centre n\u00e9vralgique pour toutes les annonces officielles de la municipalit\u00e9 de Clarendon. Vous trouverez ici des mises \u00e0 jour importantes et des informations essentielles concernant les d\u00e9cisions municipales, les r\u00e9unions publiques, les modifications des r\u00e8glements, les appels d&rsquo;offres et autres avis essentiels \u00e0 notre communaut\u00e9. Nous nous engageons \u00e0 tenir les r\u00e9sidents et les [&hellip;]<\/p>\n","protected":false},"author":1,"featured_media":8025,"parent":344,"menu_order":0,"comment_status":"closed","ping_status":"closed","template":"","meta":{"_acf_changed":false,"footnotes":""},"class_list":["post-110","page","type-page","status-publish","has-post-thumbnail","hentry"],"acf":[],"_links":{"self":[{"href":"https:\/\/clarendon.ca\/fr\/wp-json\/wp\/v2\/pages\/110","targetHints":{"allow":["GET"]}}],"collection":[{"href":"https:\/\/clarendon.ca\/fr\/wp-json\/wp\/v2\/pages"}],"about":[{"href":"https:\/\/clarendon.ca\/fr\/wp-json\/wp\/v2\/types\/page"}],"author":[{"embeddable":true,"href":"https:\/\/clarendon.ca\/fr\/wp-json\/wp\/v2\/users\/1"}],"replies":[{"embeddable":true,"href":"https:\/\/clarendon.ca\/fr\/wp-json\/wp\/v2\/comments?post=110"}],"version-history":[{"count":47,"href":"https:\/\/clarendon.ca\/fr\/wp-json\/wp\/v2\/pages\/110\/revisions"}],"predecessor-version":[{"id":9933,"href":"https:\/\/clarendon.ca\/fr\/wp-json\/wp\/v2\/pages\/110\/revisions\/9933"}],"up":[{"embeddable":true,"href":"https:\/\/clarendon.ca\/fr\/wp-json\/wp\/v2\/pages\/344"}],"wp:featuredmedia":[{"embeddable":true,"href":"https:\/\/clarendon.ca\/fr\/wp-json\/wp\/v2\/media\/8025"}],"wp:attachment":[{"href":"https:\/\/clarendon.ca\/fr\/wp-json\/wp\/v2\/media?parent=110"}],"curies":[{"name":"wp","href":"https:\/\/api.w.org\/{rel}","templated":true}]}}