{"id":115,"date":"2024-08-25T08:20:35","date_gmt":"2024-08-25T12:20:35","guid":{"rendered":"https:\/\/clarendon.ottawavalleymedia.ca\/?page_id=115"},"modified":"2025-10-27T12:14:19","modified_gmt":"2025-10-27T16:14:19","slug":"annuaire-des-employes","status":"publish","type":"page","link":"https:\/\/clarendon.ca\/fr\/municipalite-de-clarendon\/annuaire-des-employes\/","title":{"rendered":"Annuaire des employ\u00e9s"},"content":{"rendered":"\t\t<div data-elementor-type=\"wp-page\" data-elementor-id=\"115\" class=\"elementor elementor-115 elementor-2096\" data-elementor-post-type=\"page\">\n\t\t\t\t<div class=\"elementor-element elementor-element-8474702 e-flex e-con-boxed e-con e-parent\" data-id=\"8474702\" data-element_type=\"container\" data-e-type=\"container\">\n\t\t\t\t\t<div class=\"e-con-inner\">\n\t\t<div class=\"elementor-element elementor-element-68ba7a0 e-con-full e-flex e-con e-child\" data-id=\"68ba7a0\" data-element_type=\"container\" data-e-type=\"container\">\n\t\t\t\t<div class=\"elementor-element elementor-element-22f9c39 elementor-widget elementor-widget-text-editor\" data-id=\"22f9c39\" data-element_type=\"widget\" data-e-type=\"widget\" data-widget_type=\"text-editor.default\">\n\t\t\t\t<div class=\"elementor-widget-container\">\n\t\t\t\t\t\t\t\t\t<p>D\u00e9couvrez ici les professionnels d\u00e9vou\u00e9s qui travaillent sans rel\u00e2che pour entretenir et am\u00e9liorer notre municipalit\u00e9. Notre \u00e9quipe est compos\u00e9e de personnel administratif, de sp\u00e9cialistes de la maintenance, d&rsquo;agents de s\u00e9curit\u00e9 publique et d&rsquo;urbanistes, tous engag\u00e9s \u00e0 fournir un service et un soutien exceptionnels. Ce r\u00e9pertoire est con\u00e7u pour faciliter l&rsquo;acc\u00e8s des r\u00e9sidents et des visiteurs aux personnes qui veillent au bon fonctionnement et au dynamisme de notre belle municipalit\u00e9.<\/p>\t\t\t\t\t\t\t\t<\/div>\n\t\t\t\t<\/div>\n\t\t\t\t<\/div>\n\t\t<div class=\"elementor-element elementor-element-7932f66 e-con-full e-flex e-con e-child\" data-id=\"7932f66\" data-element_type=\"container\" data-e-type=\"container\">\n\t\t\t\t<div class=\"elementor-element elementor-element-6679c5b elementor-widget elementor-widget-image\" data-id=\"6679c5b\" data-element_type=\"widget\" data-e-type=\"widget\" data-widget_type=\"image.default\">\n\t\t\t\t<div class=\"elementor-widget-container\">\n\t\t\t\t\t\t\t\t\t\t\t\t\t\t\t<img fetchpriority=\"high\" decoding=\"async\" width=\"800\" height=\"534\" src=\"https:\/\/clarendon.ca\/wp-content\/uploads\/2025\/07\/clarendon-town-hall-1024x683.webp\" class=\"attachment-large size-large wp-image-7950\" alt=\"Clarendon Town Hall\" srcset=\"https:\/\/clarendon.ca\/wp-content\/uploads\/2025\/07\/clarendon-town-hall-1024x683.webp 1024w, https:\/\/clarendon.ca\/wp-content\/uploads\/2025\/07\/clarendon-town-hall-300x200.webp 300w, https:\/\/clarendon.ca\/wp-content\/uploads\/2025\/07\/clarendon-town-hall-768x512.webp 768w, https:\/\/clarendon.ca\/wp-content\/uploads\/2025\/07\/clarendon-town-hall-1536x1024.webp 1536w, https:\/\/clarendon.ca\/wp-content\/uploads\/2025\/07\/clarendon-town-hall-2048x1365.webp 2048w\" sizes=\"(max-width: 800px) 100vw, 800px\" \/>\t\t\t\t\t\t\t\t\t\t\t\t\t\t\t<\/div>\n\t\t\t\t<\/div>\n\t\t\t\t<\/div>\n\t\t\t\t\t<\/div>\n\t\t\t\t<\/div>\n\t\t<div class=\"elementor-element elementor-element-0f639f7 e-flex e-con-boxed e-con e-parent\" data-id=\"0f639f7\" data-element_type=\"container\" data-e-type=\"container\">\n\t\t\t\t\t<div class=\"e-con-inner\">\n\t\t<div class=\"elementor-element elementor-element-0d06587 e-con-full e-flex e-con e-child\" data-id=\"0d06587\" data-element_type=\"container\" data-e-type=\"container\" data-settings=\"{&quot;background_background&quot;:&quot;classic&quot;}\">\n\t\t\t\t<div class=\"elementor-element elementor-element-61c24fd elementor-widget elementor-widget-image\" data-id=\"61c24fd\" data-element_type=\"widget\" data-e-type=\"widget\" data-widget_type=\"image.default\">\n\t\t\t\t<div class=\"elementor-widget-container\">\n\t\t\t\t\t\t\t\t\t\t\t\t\t\t\t<img decoding=\"async\" width=\"174\" height=\"218\" src=\"https:\/\/clarendon.ca\/wp-content\/uploads\/2025\/06\/Patrica-Hobbs-Director-General-8x10-1.webp\" class=\"attachment-large size-large wp-image-6055\" alt=\"\" \/>\t\t\t\t\t\t\t\t\t\t\t\t\t\t\t<\/div>\n\t\t\t\t<\/div>\n\t\t\t\t<div class=\"elementor-element elementor-element-a0992c1 elementor-widget elementor-widget-heading\" data-id=\"a0992c1\" data-element_type=\"widget\" data-e-type=\"widget\" data-widget_type=\"heading.default\">\n\t\t\t\t<div class=\"elementor-widget-container\">\n\t\t\t\t\t<h3 class=\"elementor-heading-title elementor-size-default\">Patricia Hobbs\n<\/h3>\t\t\t\t<\/div>\n\t\t\t\t<\/div>\n\t\t\t\t<div class=\"elementor-element elementor-element-ee9335d elementor-widget elementor-widget-text-editor\" data-id=\"ee9335d\" data-element_type=\"widget\" data-e-type=\"widget\" data-widget_type=\"text-editor.default\">\n\t\t\t\t<div class=\"elementor-widget-container\">\n\t\t\t\t\t\t\t\t\t<p>Directrice g\u00e9n\u00e9rale<\/p><p><em>\u00a0<\/em><\/p>\t\t\t\t\t\t\t\t<\/div>\n\t\t\t\t<\/div>\n\t\t\t\t<\/div>\n\t\t<div class=\"elementor-element elementor-element-e82e9d4 e-con-full e-flex e-con e-child\" data-id=\"e82e9d4\" data-element_type=\"container\" data-e-type=\"container\" data-settings=\"{&quot;background_background&quot;:&quot;classic&quot;}\">\n\t\t\t\t<div class=\"elementor-element elementor-element-6573b2a elementor-widget elementor-widget-image\" data-id=\"6573b2a\" data-element_type=\"widget\" data-e-type=\"widget\" data-widget_type=\"image.default\">\n\t\t\t\t<div class=\"elementor-widget-container\">\n\t\t\t\t\t\t\t\t\t\t\t\t\t\t\t<img decoding=\"async\" width=\"168\" height=\"210\" src=\"https:\/\/clarendon.ca\/wp-content\/uploads\/2025\/06\/Joan-Rusenstrom-Administative-Assistant-8x10-1.webp\" class=\"attachment-large size-large wp-image-6047\" alt=\"\" \/>\t\t\t\t\t\t\t\t\t\t\t\t\t\t\t<\/div>\n\t\t\t\t<\/div>\n\t\t\t\t<div class=\"elementor-element elementor-element-29ca67a elementor-widget elementor-widget-heading\" data-id=\"29ca67a\" data-element_type=\"widget\" data-e-type=\"widget\" data-widget_type=\"heading.default\">\n\t\t\t\t<div class=\"elementor-widget-container\">\n\t\t\t\t\t<h3 class=\"elementor-heading-title elementor-size-default\">Joan Rusenstrom<\/h3>\t\t\t\t<\/div>\n\t\t\t\t<\/div>\n\t\t\t\t<div class=\"elementor-element elementor-element-d51d29d elementor-widget elementor-widget-text-editor\" data-id=\"d51d29d\" data-element_type=\"widget\" data-e-type=\"widget\" data-widget_type=\"text-editor.default\">\n\t\t\t\t<div class=\"elementor-widget-container\">\n\t\t\t\t\t\t\t\t\t<p>Assistante administrative<\/p><p><em>\u00a0<\/em><\/p>\t\t\t\t\t\t\t\t<\/div>\n\t\t\t\t<\/div>\n\t\t\t\t<\/div>\n\t\t<div class=\"elementor-element elementor-element-d1fa085 e-con-full e-flex e-con e-child\" data-id=\"d1fa085\" data-element_type=\"container\" data-e-type=\"container\" data-settings=\"{&quot;background_background&quot;:&quot;classic&quot;}\">\n\t\t\t\t<div class=\"elementor-element elementor-element-6beba36 elementor-widget elementor-widget-image\" data-id=\"6beba36\" data-element_type=\"widget\" data-e-type=\"widget\" data-widget_type=\"image.default\">\n\t\t\t\t<div class=\"elementor-widget-container\">\n\t\t\t\t\t\t\t\t\t\t\t\t\t\t\t<img loading=\"lazy\" decoding=\"async\" width=\"136\" height=\"170\" src=\"https:\/\/clarendon.ca\/wp-content\/uploads\/2025\/06\/Gary-Duncan-Building-Inspector-5x7-1.webp\" class=\"attachment-full size-full wp-image-6045\" alt=\"\" \/>\t\t\t\t\t\t\t\t\t\t\t\t\t\t\t<\/div>\n\t\t\t\t<\/div>\n\t\t\t\t<div class=\"elementor-element elementor-element-01491aa elementor-widget elementor-widget-heading\" data-id=\"01491aa\" data-element_type=\"widget\" data-e-type=\"widget\" data-widget_type=\"heading.default\">\n\t\t\t\t<div class=\"elementor-widget-container\">\n\t\t\t\t\t<h3 class=\"elementor-heading-title elementor-size-default\">Gary Duncan\n<\/h3>\t\t\t\t<\/div>\n\t\t\t\t<\/div>\n\t\t\t\t<div class=\"elementor-element elementor-element-c093fe8 elementor-widget elementor-widget-text-editor\" data-id=\"c093fe8\" data-element_type=\"widget\" data-e-type=\"widget\" data-widget_type=\"text-editor.default\">\n\t\t\t\t<div class=\"elementor-widget-container\">\n\t\t\t\t\t\t\t\t\t<p>Inspecteur des b\u00e2timents<\/p>\t\t\t\t\t\t\t\t<\/div>\n\t\t\t\t<\/div>\n\t\t\t\t<\/div>\n\t\t<div class=\"elementor-element elementor-element-0c0ff35 e-con-full e-flex e-con e-child\" data-id=\"0c0ff35\" data-element_type=\"container\" data-e-type=\"container\" data-settings=\"{&quot;background_background&quot;:&quot;classic&quot;}\">\n\t\t\t\t<div class=\"elementor-element elementor-element-d477013 elementor-widget elementor-widget-image\" data-id=\"d477013\" data-element_type=\"widget\" data-e-type=\"widget\" data-widget_type=\"image.default\">\n\t\t\t\t<div class=\"elementor-widget-container\">\n\t\t\t\t\t\t\t\t\t\t\t\t\t\t\t<img loading=\"lazy\" decoding=\"async\" width=\"200\" height=\"180\" src=\"https:\/\/clarendon.ca\/wp-content\/uploads\/2025\/06\/Lee-Laframboise-Fire-Chief-Shawville-Clarendon-Fire-Department.webp\" class=\"attachment-large size-large wp-image-6051\" alt=\"\" \/>\t\t\t\t\t\t\t\t\t\t\t\t\t\t\t<\/div>\n\t\t\t\t<\/div>\n\t\t\t\t<div class=\"elementor-element elementor-element-6ce5616 elementor-widget elementor-widget-heading\" data-id=\"6ce5616\" data-element_type=\"widget\" data-e-type=\"widget\" data-widget_type=\"heading.default\">\n\t\t\t\t<div class=\"elementor-widget-container\">\n\t\t\t\t\t<h3 class=\"elementor-heading-title elementor-size-default\">Lee Laframboise<\/h3>\t\t\t\t<\/div>\n\t\t\t\t<\/div>\n\t\t\t\t<div class=\"elementor-element elementor-element-95a3647 elementor-widget elementor-widget-text-editor\" data-id=\"95a3647\" data-element_type=\"widget\" data-e-type=\"widget\" data-widget_type=\"text-editor.default\">\n\t\t\t\t<div class=\"elementor-widget-container\">\n\t\t\t\t\t\t\t\t\t<p style=\"text-align: center;\">Chef des pompiers<\/p><p style=\"text-align: center;\"><i class=\"fas fa-envelope\" aria-hidden=\"true\"><\/i><a href=\"mailto:\u00a0scfd@shawville.ca\"><strong><span class=\"elementor-icon-list-text\">\u00a0scfd@shawville.ca<\/span><\/strong><\/a><\/p><p style=\"text-align: center;\"><a href=\"tel:819-647-3837\">819-647-3837\u00a0<\/a> <br \/>\u00a0<a href=\"tel:819-744-1961\">819-744-1961<\/a><\/p>\t\t\t\t\t\t\t\t<\/div>\n\t\t\t\t<\/div>\n\t\t\t\t<\/div>\n\t\t\t\t\t<\/div>\n\t\t\t\t<\/div>\n\t\t\t\t<\/div>\n\t\t","protected":false},"excerpt":{"rendered":"<p>D\u00e9couvrez ici les professionnels d\u00e9vou\u00e9s qui travaillent sans rel\u00e2che pour entretenir et am\u00e9liorer notre municipalit\u00e9. Notre \u00e9quipe est compos\u00e9e de personnel administratif, de sp\u00e9cialistes de la maintenance, d&rsquo;agents de s\u00e9curit\u00e9 publique et d&rsquo;urbanistes, tous engag\u00e9s \u00e0 fournir un service et un soutien exceptionnels. Ce r\u00e9pertoire est con\u00e7u pour faciliter l&rsquo;acc\u00e8s des r\u00e9sidents et des visiteurs [&hellip;]<\/p>\n","protected":false},"author":1,"featured_media":7988,"parent":248,"menu_order":0,"comment_status":"closed","ping_status":"closed","template":"","meta":{"_acf_changed":false,"footnotes":""},"class_list":["post-115","page","type-page","status-publish","has-post-thumbnail","hentry"],"acf":[],"_links":{"self":[{"href":"https:\/\/clarendon.ca\/fr\/wp-json\/wp\/v2\/pages\/115","targetHints":{"allow":["GET"]}}],"collection":[{"href":"https:\/\/clarendon.ca\/fr\/wp-json\/wp\/v2\/pages"}],"about":[{"href":"https:\/\/clarendon.ca\/fr\/wp-json\/wp\/v2\/types\/page"}],"author":[{"embeddable":true,"href":"https:\/\/clarendon.ca\/fr\/wp-json\/wp\/v2\/users\/1"}],"replies":[{"embeddable":true,"href":"https:\/\/clarendon.ca\/fr\/wp-json\/wp\/v2\/comments?post=115"}],"version-history":[{"count":70,"href":"https:\/\/clarendon.ca\/fr\/wp-json\/wp\/v2\/pages\/115\/revisions"}],"predecessor-version":[{"id":9921,"href":"https:\/\/clarendon.ca\/fr\/wp-json\/wp\/v2\/pages\/115\/revisions\/9921"}],"up":[{"embeddable":true,"href":"https:\/\/clarendon.ca\/fr\/wp-json\/wp\/v2\/pages\/248"}],"wp:featuredmedia":[{"embeddable":true,"href":"https:\/\/clarendon.ca\/fr\/wp-json\/wp\/v2\/media\/7988"}],"wp:attachment":[{"href":"https:\/\/clarendon.ca\/fr\/wp-json\/wp\/v2\/media?parent=115"}],"curies":[{"name":"wp","href":"https:\/\/api.w.org\/{rel}","templated":true}]}}