{"id":120,"date":"2024-08-25T08:22:02","date_gmt":"2024-08-25T12:22:02","guid":{"rendered":"https:\/\/clarendon.ottawavalleymedia.ca\/?page_id=120"},"modified":"2025-10-27T12:16:24","modified_gmt":"2025-10-27T16:16:24","slug":"reglements","status":"publish","type":"page","link":"https:\/\/clarendon.ca\/fr\/reglements\/","title":{"rendered":"R\u00e8glements"},"content":{"rendered":"\t\t<div data-elementor-type=\"wp-page\" data-elementor-id=\"120\" class=\"elementor elementor-120 elementor-2109\" data-elementor-post-type=\"page\">\n\t\t\t\t<div class=\"elementor-element elementor-element-4cfbf4e e-flex e-con-boxed e-con e-parent\" data-id=\"4cfbf4e\" data-element_type=\"container\" data-e-type=\"container\">\n\t\t\t\t\t<div class=\"e-con-inner\">\n\t\t<div class=\"elementor-element elementor-element-aec81fc e-con-full e-flex e-con e-child\" data-id=\"aec81fc\" data-element_type=\"container\" data-e-type=\"container\">\n\t\t\t\t<div class=\"elementor-element elementor-element-a020708 elementor-widget elementor-widget-text-editor\" data-id=\"a020708\" data-element_type=\"widget\" data-e-type=\"widget\" data-widget_type=\"text-editor.default\">\n\t\t\t\t<div class=\"elementor-widget-container\">\n\t\t\t\t\t\t\t\t\t<p>Les r\u00e8glements municipaux de Clarendon sont essentiels pour garantir l&rsquo;ordre, la s\u00e9curit\u00e9 et le bien-\u00eatre de notre communaut\u00e9. Ils couvrent un large \u00e9ventail d&rsquo;aspects critiques, notamment les normes immobili\u00e8res, la gestion du bruit et les activit\u00e9s commerciales. Soigneusement r\u00e9vis\u00e9s et con\u00e7us pour \u00e9tablir un \u00e9quilibre judicieux entre les libert\u00e9s individuelles et les int\u00e9r\u00eats collectifs, ils contribuent ainsi de mani\u00e8re significative \u00e0 faire de Clarendon une municipalit\u00e9 harmonieuse et accueillante pour tous les r\u00e9sidents et visiteurs.<\/p>\t\t\t\t\t\t\t\t<\/div>\n\t\t\t\t<\/div>\n\t\t\t\t<\/div>\n\t\t<div class=\"elementor-element elementor-element-d78bdbb e-con-full e-flex e-con e-child\" data-id=\"d78bdbb\" data-element_type=\"container\" data-e-type=\"container\">\n\t\t\t\t<div class=\"elementor-element elementor-element-e243c72 elementor-widget elementor-widget-image\" data-id=\"e243c72\" data-element_type=\"widget\" data-e-type=\"widget\" data-widget_type=\"image.default\">\n\t\t\t\t<div class=\"elementor-widget-container\">\n\t\t\t\t\t\t\t\t\t\t\t\t\t\t\t<img fetchpriority=\"high\" decoding=\"async\" width=\"800\" height=\"534\" src=\"https:\/\/clarendon.ca\/wp-content\/uploads\/2025\/07\/Claredon-icon-1024x683.webp\" class=\"attachment-large size-large wp-image-8114\" alt=\"\" srcset=\"https:\/\/clarendon.ca\/wp-content\/uploads\/2025\/07\/Claredon-icon-1024x683.webp 1024w, https:\/\/clarendon.ca\/wp-content\/uploads\/2025\/07\/Claredon-icon-300x200.webp 300w, https:\/\/clarendon.ca\/wp-content\/uploads\/2025\/07\/Claredon-icon-768x512.webp 768w, https:\/\/clarendon.ca\/wp-content\/uploads\/2025\/07\/Claredon-icon-1536x1024.webp 1536w, https:\/\/clarendon.ca\/wp-content\/uploads\/2025\/07\/Claredon-icon-2048x1365.webp 2048w\" sizes=\"(max-width: 800px) 100vw, 800px\" \/>\t\t\t\t\t\t\t\t\t\t\t\t\t\t\t<\/div>\n\t\t\t\t<\/div>\n\t\t\t\t<\/div>\n\t\t\t\t\t<\/div>\n\t\t\t\t<\/div>\n\t\t<div class=\"elementor-element elementor-element-83b1ac3 e-flex e-con-boxed e-con e-parent\" data-id=\"83b1ac3\" data-element_type=\"container\" data-e-type=\"container\">\n\t\t\t\t\t<div class=\"e-con-inner\">\n\t\t\t\t<div class=\"elementor-element elementor-element-37d3759 elementor-widget elementor-widget-heading\" data-id=\"37d3759\" data-element_type=\"widget\" data-e-type=\"widget\" data-widget_type=\"heading.default\">\n\t\t\t\t<div class=\"elementor-widget-container\">\n\t\t\t\t\t<h2 class=\"elementor-heading-title elementor-size-default\">R\u00e8glements officiels<\/h2>\t\t\t\t<\/div>\n\t\t\t\t<\/div>\n\t\t\t\t\t<\/div>\n\t\t\t\t<\/div>\n\t\t\t\t<\/div>\n\t\t","protected":false},"excerpt":{"rendered":"<p>Les r\u00e8glements municipaux de Clarendon sont essentiels pour garantir l&rsquo;ordre, la s\u00e9curit\u00e9 et le bien-\u00eatre de notre communaut\u00e9. Ils couvrent un large \u00e9ventail d&rsquo;aspects critiques, notamment les normes immobili\u00e8res, la gestion du bruit et les activit\u00e9s commerciales. Soigneusement r\u00e9vis\u00e9s et con\u00e7us pour \u00e9tablir un \u00e9quilibre judicieux entre les libert\u00e9s individuelles et les int\u00e9r\u00eats collectifs, ils [&hellip;]<\/p>\n","protected":false},"author":1,"featured_media":8105,"parent":0,"menu_order":0,"comment_status":"closed","ping_status":"closed","template":"","meta":{"_acf_changed":false,"footnotes":""},"class_list":["post-120","page","type-page","status-publish","has-post-thumbnail","hentry"],"acf":[],"_links":{"self":[{"href":"https:\/\/clarendon.ca\/fr\/wp-json\/wp\/v2\/pages\/120","targetHints":{"allow":["GET"]}}],"collection":[{"href":"https:\/\/clarendon.ca\/fr\/wp-json\/wp\/v2\/pages"}],"about":[{"href":"https:\/\/clarendon.ca\/fr\/wp-json\/wp\/v2\/types\/page"}],"author":[{"embeddable":true,"href":"https:\/\/clarendon.ca\/fr\/wp-json\/wp\/v2\/users\/1"}],"replies":[{"embeddable":true,"href":"https:\/\/clarendon.ca\/fr\/wp-json\/wp\/v2\/comments?post=120"}],"version-history":[{"count":43,"href":"https:\/\/clarendon.ca\/fr\/wp-json\/wp\/v2\/pages\/120\/revisions"}],"predecessor-version":[{"id":9927,"href":"https:\/\/clarendon.ca\/fr\/wp-json\/wp\/v2\/pages\/120\/revisions\/9927"}],"wp:featuredmedia":[{"embeddable":true,"href":"https:\/\/clarendon.ca\/fr\/wp-json\/wp\/v2\/media\/8105"}],"wp:attachment":[{"href":"https:\/\/clarendon.ca\/fr\/wp-json\/wp\/v2\/media?parent=120"}],"curies":[{"name":"wp","href":"https:\/\/api.w.org\/{rel}","templated":true}]}}