{"id":122,"date":"2024-08-25T08:23:44","date_gmt":"2024-08-25T12:23:44","guid":{"rendered":"https:\/\/clarendon.ottawavalleymedia.ca\/?page_id=122"},"modified":"2025-08-08T11:04:19","modified_gmt":"2025-08-08T15:04:19","slug":"carrieres","status":"publish","type":"page","link":"https:\/\/clarendon.ca\/fr\/municipalite-de-clarendon\/carrieres\/","title":{"rendered":"Carri\u00e8res"},"content":{"rendered":"\t\t<div data-elementor-type=\"wp-page\" data-elementor-id=\"122\" class=\"elementor elementor-122 elementor-2098\" data-elementor-post-type=\"page\">\n\t\t\t\t<div class=\"elementor-element elementor-element-44e90b4 e-flex e-con-boxed e-con e-parent\" data-id=\"44e90b4\" data-element_type=\"container\" data-e-type=\"container\">\n\t\t\t\t\t<div class=\"e-con-inner\">\n\t\t<div class=\"elementor-element elementor-element-1730fd1 e-con-full e-flex e-con e-child\" data-id=\"1730fd1\" data-element_type=\"container\" data-e-type=\"container\">\n\t\t\t\t<div class=\"elementor-element elementor-element-2c76c8f elementor-widget elementor-widget-text-editor\" data-id=\"2c76c8f\" data-element_type=\"widget\" data-e-type=\"widget\" data-widget_type=\"text-editor.default\">\n\t\t\t\t<div class=\"elementor-widget-container\">\n\t\t\t\t\t\t\t\t\t<p>La municipalit\u00e9 de Clarendon offre diverses possibilit\u00e9s d&#8217;emploi dans les secteurs de l&rsquo;administration, des travaux publics et des services communautaires. Rejoindre notre \u00e9quipe signifie contribuer directement au bien-\u00eatre local dans un environnement motivant et stimulant. Nous offrons des salaires comp\u00e9titifs et des possibilit\u00e9s concr\u00e8tes de d\u00e9veloppement professionnel. Aidez-nous \u00e0 faire une r\u00e9elle diff\u00e9rence !<\/p>\t\t\t\t\t\t\t\t<\/div>\n\t\t\t\t<\/div>\n\t\t\t\t<\/div>\n\t\t<div class=\"elementor-element elementor-element-a165173 e-con-full e-flex e-con e-child\" data-id=\"a165173\" data-element_type=\"container\" data-e-type=\"container\">\n\t\t\t\t<div class=\"elementor-element elementor-element-014f091 elementor-widget elementor-widget-image\" data-id=\"014f091\" data-element_type=\"widget\" data-e-type=\"widget\" data-widget_type=\"image.default\">\n\t\t\t\t<div class=\"elementor-widget-container\">\n\t\t\t\t\t\t\t\t\t\t\t\t\t\t\t<img fetchpriority=\"high\" decoding=\"async\" width=\"800\" height=\"534\" src=\"https:\/\/clarendon.ca\/wp-content\/uploads\/2025\/07\/everything-for-business-meeting-2025-01-29-12-21-58-utc-1024x683.webp\" class=\"attachment-large size-large wp-image-7428\" alt=\"\" srcset=\"https:\/\/clarendon.ca\/wp-content\/uploads\/2025\/07\/everything-for-business-meeting-2025-01-29-12-21-58-utc-1024x683.webp 1024w, https:\/\/clarendon.ca\/wp-content\/uploads\/2025\/07\/everything-for-business-meeting-2025-01-29-12-21-58-utc-300x200.webp 300w, https:\/\/clarendon.ca\/wp-content\/uploads\/2025\/07\/everything-for-business-meeting-2025-01-29-12-21-58-utc-768x513.webp 768w, https:\/\/clarendon.ca\/wp-content\/uploads\/2025\/07\/everything-for-business-meeting-2025-01-29-12-21-58-utc-1536x1025.webp 1536w, https:\/\/clarendon.ca\/wp-content\/uploads\/2025\/07\/everything-for-business-meeting-2025-01-29-12-21-58-utc-2048x1367.webp 2048w\" sizes=\"(max-width: 800px) 100vw, 800px\" \/>\t\t\t\t\t\t\t\t\t\t\t\t\t\t\t<\/div>\n\t\t\t\t<\/div>\n\t\t\t\t<\/div>\n\t\t\t\t\t<\/div>\n\t\t\t\t<\/div>\n\t\t<div class=\"elementor-element elementor-element-cc79158 e-flex e-con-boxed e-con e-parent\" data-id=\"cc79158\" data-element_type=\"container\" data-e-type=\"container\">\n\t\t\t\t\t<div class=\"e-con-inner\">\n\t\t\t\t<div class=\"elementor-element elementor-element-e5c1ffb elementor-widget elementor-widget-heading\" data-id=\"e5c1ffb\" data-element_type=\"widget\" data-e-type=\"widget\" data-widget_type=\"heading.default\">\n\t\t\t\t<div class=\"elementor-widget-container\">\n\t\t\t\t\t<h3 class=\"elementor-heading-title elementor-size-default\">Offres d'emploi actuelles<\/h3>\t\t\t\t<\/div>\n\t\t\t\t<\/div>\n\t\t\t\t<div class=\"elementor-element elementor-element-a8a3020 elementor-grid-1 elementor-grid-tablet-2 elementor-grid-mobile-1 elementor-widget elementor-widget-loop-grid\" data-id=\"a8a3020\" data-element_type=\"widget\" data-e-type=\"widget\" data-settings=\"{&quot;template_id&quot;:2885,&quot;columns&quot;:1,&quot;_skin&quot;:&quot;post&quot;,&quot;columns_tablet&quot;:&quot;2&quot;,&quot;columns_mobile&quot;:&quot;1&quot;,&quot;edit_handle_selector&quot;:&quot;[data-elementor-type=\\&quot;loop-item\\&quot;]&quot;,&quot;row_gap&quot;:{&quot;unit&quot;:&quot;px&quot;,&quot;size&quot;:&quot;&quot;,&quot;sizes&quot;:[]},&quot;row_gap_tablet&quot;:{&quot;unit&quot;:&quot;px&quot;,&quot;size&quot;:&quot;&quot;,&quot;sizes&quot;:[]},&quot;row_gap_mobile&quot;:{&quot;unit&quot;:&quot;px&quot;,&quot;size&quot;:&quot;&quot;,&quot;sizes&quot;:[]}}\" data-widget_type=\"loop-grid.post\">\n\t\t\t\t<div class=\"elementor-widget-container\">\n\t\t\t\t\t\t\t<div class=\"e-loop-nothing-found-message\">\n\t\t\t\t\t<div class=\"e-loop-nothing-found-message__text\">\n\t\t\t\tAucune offre d'emploi ne correspond \u00e0 votre recherche pour le moment\t\t\t<\/div>\n\t\t\t<\/div>\n\t\t\t\t\t\t<\/div>\n\t\t\t\t<\/div>\n\t\t\t\t\t<\/div>\n\t\t\t\t<\/div>\n\t\t\t\t<\/div>\n\t\t","protected":false},"excerpt":{"rendered":"<p>La municipalit\u00e9 de Clarendon offre diverses possibilit\u00e9s d&#8217;emploi dans les secteurs de l&rsquo;administration, des travaux publics et des services communautaires. Rejoindre notre \u00e9quipe signifie contribuer directement au bien-\u00eatre local dans un environnement motivant et stimulant. Nous offrons des salaires comp\u00e9titifs et des possibilit\u00e9s concr\u00e8tes de d\u00e9veloppement professionnel. Aidez-nous \u00e0 faire une r\u00e9elle diff\u00e9rence ! Offres [&hellip;]<\/p>\n","protected":false},"author":1,"featured_media":8019,"parent":248,"menu_order":0,"comment_status":"closed","ping_status":"closed","template":"","meta":{"_acf_changed":false,"footnotes":""},"class_list":["post-122","page","type-page","status-publish","has-post-thumbnail","hentry"],"acf":[],"_links":{"self":[{"href":"https:\/\/clarendon.ca\/fr\/wp-json\/wp\/v2\/pages\/122","targetHints":{"allow":["GET"]}}],"collection":[{"href":"https:\/\/clarendon.ca\/fr\/wp-json\/wp\/v2\/pages"}],"about":[{"href":"https:\/\/clarendon.ca\/fr\/wp-json\/wp\/v2\/types\/page"}],"author":[{"embeddable":true,"href":"https:\/\/clarendon.ca\/fr\/wp-json\/wp\/v2\/users\/1"}],"replies":[{"embeddable":true,"href":"https:\/\/clarendon.ca\/fr\/wp-json\/wp\/v2\/comments?post=122"}],"version-history":[{"count":56,"href":"https:\/\/clarendon.ca\/fr\/wp-json\/wp\/v2\/pages\/122\/revisions"}],"predecessor-version":[{"id":9347,"href":"https:\/\/clarendon.ca\/fr\/wp-json\/wp\/v2\/pages\/122\/revisions\/9347"}],"up":[{"embeddable":true,"href":"https:\/\/clarendon.ca\/fr\/wp-json\/wp\/v2\/pages\/248"}],"wp:featuredmedia":[{"embeddable":true,"href":"https:\/\/clarendon.ca\/fr\/wp-json\/wp\/v2\/media\/8019"}],"wp:attachment":[{"href":"https:\/\/clarendon.ca\/fr\/wp-json\/wp\/v2\/media?parent=122"}],"curies":[{"name":"wp","href":"https:\/\/api.w.org\/{rel}","templated":true}]}}