{"id":127,"date":"2024-08-25T08:42:32","date_gmt":"2024-08-25T12:42:32","guid":{"rendered":"https:\/\/clarendon.ottawavalleymedia.ca\/?page_id=127"},"modified":"2025-08-08T11:24:55","modified_gmt":"2025-08-08T15:24:55","slug":"payer-des-taxes","status":"publish","type":"page","link":"https:\/\/clarendon.ca\/fr\/residents\/payer-des-taxes\/","title":{"rendered":"Payer des taxes"},"content":{"rendered":"\t\t<div data-elementor-type=\"wp-page\" data-elementor-id=\"127\" class=\"elementor elementor-127 elementor-2119\" data-elementor-post-type=\"page\">\n\t\t\t\t<div class=\"elementor-element elementor-element-f2d0b3a e-flex e-con-boxed e-con e-parent\" data-id=\"f2d0b3a\" data-element_type=\"container\" data-e-type=\"container\">\n\t\t\t\t\t<div class=\"e-con-inner\">\n\t\t\t\t<div class=\"elementor-element elementor-element-0db0279 elementor-widget__width-initial elementor-widget elementor-widget-text-editor\" data-id=\"0db0279\" data-element_type=\"widget\" data-e-type=\"widget\" data-widget_type=\"text-editor.default\">\n\t\t\t\t<div class=\"elementor-widget-container\">\n\t\t\t\t\t\t\t\t\t<p>Les imp\u00f4ts fonciers annuels sont envoy\u00e9s \u00e0 la fin du mois de f\u00e9vrier aux propri\u00e9taires inscrits au r\u00f4le d\u2019\u00e9valuation fonci\u00e8re.\u00a0Si le total des taxes municipales est de <strong>300 $<\/strong> ou plus, le compte peut \u00eatre pay\u00e9\u00a0en trois versements \u00e9gaux.<br \/><br \/><\/p><p>Outre l&rsquo;imp\u00f4t foncier annuel, il est possible que vous receviez en cours d\u2019ann\u00e9e un ou des comptes compl\u00e9mentaires. Ces comptes font suite \u00e0 l\u2019ajustement de la valeur de votre propri\u00e9t\u00e9 apr\u00e8s des travaux de r\u00e9novation, par exemple, ou de tout autre \u00e9v\u00e9nement ayant une influence sur la valeur de votre propri\u00e9t\u00e9. Chaque compte compl\u00e9mentaire a ses propres dates d\u2019\u00e9ch\u00e9ance.<\/p>\t\t\t\t\t\t\t\t<\/div>\n\t\t\t\t<\/div>\n\t\t\t\t<div class=\"elementor-element elementor-element-c59a08e elementor-widget__width-initial elementor-widget elementor-widget-text-editor\" data-id=\"c59a08e\" data-element_type=\"widget\" data-e-type=\"widget\" data-widget_type=\"text-editor.default\">\n\t\t\t\t<div class=\"elementor-widget-container\">\n\t\t\t\t\t\t\t\t\t<p><strong style=\"font-family: Raleway, sans-serif; font-size: 22px;\">Les dates de\u00a0versement des comptes sont\u00a0:\u00a0<\/strong><\/p><p><span style=\"font-family: Raleway, sans-serif; font-size: 22px; font-weight: 900;\">\u00a0<\/span><\/p><ul class=\"spip\" role=\"list\"><li><strong>\u00c0 venir<\/strong><\/li><\/ul><p>\u00a0<\/p><p>Tout versement effectu\u00e9 apr\u00e8s les dates limites entra\u00eene l\u2019ajout de frais calcul\u00e9s de jour en jour au taux annuel de 17%.<br class=\"autobr\" \/><br \/>En cas de non-paiement du ou des comptes \u00e0 \u00e9ch\u00e9ance, diff\u00e9rents avis sont envoy\u00e9s.<\/p>\t\t\t\t\t\t\t\t<\/div>\n\t\t\t\t<\/div>\n\t\t\t\t\t<\/div>\n\t\t\t\t<\/div>\n\t\t<div class=\"elementor-element elementor-element-f384a8d e-flex e-con-boxed e-con e-parent\" data-id=\"f384a8d\" data-element_type=\"container\" data-e-type=\"container\">\n\t\t\t\t\t<div class=\"e-con-inner\">\n\t\t<div class=\"elementor-element elementor-element-fb4d3be e-con-full e-flex e-con e-child\" data-id=\"fb4d3be\" data-element_type=\"container\" data-e-type=\"container\">\n\t\t\t\t<div class=\"elementor-element elementor-element-1c6e522 elementor-widget elementor-widget-text-editor\" data-id=\"1c6e522\" data-element_type=\"widget\" data-e-type=\"widget\" data-widget_type=\"text-editor.default\">\n\t\t\t\t<div class=\"elementor-widget-container\">\n\t\t\t\t\t\t\t\t\t<h2><strong>Il y a plusieurs fa\u00e7ons de payer l&rsquo;imp\u00f4t foncier \u00e0 Clarendon :<\/strong><\/h2><ul class=\"spip\" role=\"list\"><li><strong>Paiement par internet<\/strong><\/li><li><strong>E-Transfer<\/strong><\/li><li><strong>Paiement au bureau municipal<\/strong><\/li><li><strong>Paiement par la poste<\/strong><\/li><\/ul><p>\u00a0<\/p><p>Votre paiement est port\u00e9 \u00e0 votre compte le jour de sa r\u00e9ception \u00e0 nos bureaux. Pr\u00e9voyez par cons\u00e9quent un\u00a0d\u00e9lai minimal de deux jours (48\u00a0heures),\u00a0excluant le samedi et le dimanche, pour que ce paiement nous parvienne, et ce, quel que soit le mode de paiement que vous utilisez. De plus, vous ne pouvez pas effectuer un paiement par carte de cr\u00e9dit.<\/p>\t\t\t\t\t\t\t\t<\/div>\n\t\t\t\t<\/div>\n\t\t\t\t<div class=\"elementor-element elementor-element-af9a16f elementor-widget elementor-widget-text-editor\" data-id=\"af9a16f\" data-element_type=\"widget\" data-e-type=\"widget\" data-widget_type=\"text-editor.default\">\n\t\t\t\t<div class=\"elementor-widget-container\">\n\t\t\t\t\t\t\t\t\t<h2><strong>Paiement par Internet<\/strong><\/h2><p>Les institutions financi\u00e8res suivantes acceptent le paiement par Internet des taxes de la municipalit\u00e9 du Clarendon :<\/p><p>\u00a0<\/p><p><a href=\"https:\/\/accweb.mouv.desjardins.com\/identifiantunique\/securite-garantie\/authentification\/auth\/manuel?domaineVirtuel=desjardins&amp;langueCible=en&amp;executeTime=10\"><img decoding=\"async\" class=\"wp-image-173237 aligncenter\" src=\"https:\/\/fortcoulonge.qc.ca\/wp-content\/uploads\/2024\/04\/DESJARDINS-57872-300x169.jpeg\" alt=\"\" width=\"200\" height=\"113\" \/><\/a><\/p><p>\u00a0<\/p><p>Pour effectuer votre paiement, inscrivez les 10 chiffres constituant le num\u00e9ro de matricule qui apparaissent sur le compte. Veuillez \u00e9galement s\u00e9lectionner \u00ab Clarendon \u00bb dans la liste des fournisseurs.<\/p>\t\t\t\t\t\t\t\t<\/div>\n\t\t\t\t<\/div>\n\t\t\t\t<div class=\"elementor-element elementor-element-e548718 elementor-widget elementor-widget-text-editor\" data-id=\"e548718\" data-element_type=\"widget\" data-e-type=\"widget\" data-widget_type=\"text-editor.default\">\n\t\t\t\t<div class=\"elementor-widget-container\">\n\t\t\t\t\t\t\t\t\t<h2><strong>Paiement des taxes au bureau municipal de Clarendon<\/strong><\/h2><p>Vous pouvez payer par ch\u00e8que et argent comptant au bureau municipal situ\u00e9 au adresse.<\/p>\t\t\t\t\t\t\t\t<\/div>\n\t\t\t\t<\/div>\n\t\t\t\t<\/div>\n\t\t<div class=\"elementor-element elementor-element-52056d6 e-con-full e-flex e-con e-child\" data-id=\"52056d6\" data-element_type=\"container\" data-e-type=\"container\">\n\t\t\t\t<div class=\"elementor-element elementor-element-0ab2b70 elementor-widget elementor-widget-text-editor\" data-id=\"0ab2b70\" data-element_type=\"widget\" data-e-type=\"widget\" data-widget_type=\"text-editor.default\">\n\t\t\t\t<div class=\"elementor-widget-container\">\n\t\t\t\t\t\t\t\t\t<h2><strong>Paiement de la taxe par courrier<\/strong><\/h2><p>Si vous utilisez la poste pour nous faire parvenir votre paiement, veuillez joindre le coupon de paiement d\u00e9tachable \u00e0 votre ch\u00e8que ou mandat libell\u00e9 \u00e0 l\u2019ordre de Municipalit\u00e9 du village de Clarendon, \u00e0 l\u2019adresse suivante :<br \/><br \/><\/p><p style=\"padding-left: 40px;\"><strong><em>Municipalit\u00e9 du Clarendon<\/em><\/strong><br class=\"autobr\" \/>C427 Route 148, C.P. 777<br \/>Clarendon, QC, Canada<br \/>J0X 2Y0<\/p><p>\u00a0<\/p><p>Vous pouvez \u00e9galement joindre \u00e0 votre premier versement, deux autres ch\u00e8ques au montant du second et du troisi\u00e8me versement, portant la date \u00e0 laquelle ces versements sont dus. Vous pouvez diviser le montant d\u00fb en douze versements.<br \/><br class=\"autobr\" \/>Tout ch\u00e8que doit \u00eatre fait sur un support papier fourni par une institution financi\u00e8re canadienne ou \u00e9trang\u00e8re ou obtenue aupr\u00e8s d\u2019une entreprise sp\u00e9cialis\u00e9e dans la confection de ch\u00e8ques. De plus, il doit \u00eatre tir\u00e9 sur un compte \u00e0 une succursale exer\u00e7ant son activit\u00e9 au Canada.<br \/><br class=\"autobr\" \/>Si vous d\u00e9sirez obtenir des renseignements suppl\u00e9mentaires, n\u2019h\u00e9sitez pas \u00e0 utiliser l\u2019un ou l\u2019autre des moyens de communication mis \u00e0 votre disposition, que ce soit\u00a0:<br \/><br \/><\/p><p style=\"padding-left: 40px;\"><strong>1. par t\u00e9l\u00e9phone : \u00ab\u00a0ICI\u00a0\u00bb<\/strong><br class=\"autobr\" \/><strong>2. par courrier \u00e9lectronique : \u00ab\u00a0Courriel@Clarendon.ca\u00a0\u00bb<\/strong><\/p>\t\t\t\t\t\t\t\t<\/div>\n\t\t\t\t<\/div>\n\t\t\t\t<\/div>\n\t\t\t\t\t<\/div>\n\t\t\t\t<\/div>\n\t\t\t\t<\/div>\n\t\t","protected":false},"excerpt":{"rendered":"<p>Les imp\u00f4ts fonciers annuels sont envoy\u00e9s \u00e0 la fin du mois de f\u00e9vrier aux propri\u00e9taires inscrits au r\u00f4le d\u2019\u00e9valuation fonci\u00e8re.\u00a0Si le total des taxes municipales est de 300 $ ou plus, le compte peut \u00eatre pay\u00e9\u00a0en trois versements \u00e9gaux. Outre l&rsquo;imp\u00f4t foncier annuel, il est possible que vous receviez en cours d\u2019ann\u00e9e un ou des [&hellip;]<\/p>\n","protected":false},"author":1,"featured_media":7513,"parent":344,"menu_order":0,"comment_status":"closed","ping_status":"closed","template":"","meta":{"_acf_changed":false,"footnotes":""},"class_list":["post-127","page","type-page","status-publish","has-post-thumbnail","hentry"],"acf":[],"_links":{"self":[{"href":"https:\/\/clarendon.ca\/fr\/wp-json\/wp\/v2\/pages\/127","targetHints":{"allow":["GET"]}}],"collection":[{"href":"https:\/\/clarendon.ca\/fr\/wp-json\/wp\/v2\/pages"}],"about":[{"href":"https:\/\/clarendon.ca\/fr\/wp-json\/wp\/v2\/types\/page"}],"author":[{"embeddable":true,"href":"https:\/\/clarendon.ca\/fr\/wp-json\/wp\/v2\/users\/1"}],"replies":[{"embeddable":true,"href":"https:\/\/clarendon.ca\/fr\/wp-json\/wp\/v2\/comments?post=127"}],"version-history":[{"count":91,"href":"https:\/\/clarendon.ca\/fr\/wp-json\/wp\/v2\/pages\/127\/revisions"}],"predecessor-version":[{"id":9381,"href":"https:\/\/clarendon.ca\/fr\/wp-json\/wp\/v2\/pages\/127\/revisions\/9381"}],"up":[{"embeddable":true,"href":"https:\/\/clarendon.ca\/fr\/wp-json\/wp\/v2\/pages\/344"}],"wp:featuredmedia":[{"embeddable":true,"href":"https:\/\/clarendon.ca\/fr\/wp-json\/wp\/v2\/media\/7513"}],"wp:attachment":[{"href":"https:\/\/clarendon.ca\/fr\/wp-json\/wp\/v2\/media?parent=127"}],"curies":[{"name":"wp","href":"https:\/\/api.w.org\/{rel}","templated":true}]}}