{"id":132,"date":"2024-08-25T08:45:21","date_gmt":"2024-08-25T12:45:21","guid":{"rendered":"https:\/\/clarendon.ottawavalleymedia.ca\/?page_id=132"},"modified":"2026-04-25T18:30:21","modified_gmt":"2026-04-25T22:30:21","slug":"recyclage-et-dechets","status":"publish","type":"page","link":"https:\/\/clarendon.ca\/fr\/residents\/recyclage-et-dechets\/","title":{"rendered":"Recyclage et d\u00e9chets"},"content":{"rendered":"\t\t<div data-elementor-type=\"wp-page\" data-elementor-id=\"132\" class=\"elementor elementor-132 elementor-2121\" data-elementor-post-type=\"page\">\n\t\t\t\t<div class=\"elementor-element elementor-element-617ea0e e-flex e-con-boxed e-con e-parent\" data-id=\"617ea0e\" data-element_type=\"container\" data-e-type=\"container\">\n\t\t\t\t\t<div class=\"e-con-inner\">\n\t\t<div class=\"elementor-element elementor-element-fb96e6a e-con-full e-flex e-con e-child\" data-id=\"fb96e6a\" data-element_type=\"container\" data-e-type=\"container\">\n\t\t\t\t<div class=\"elementor-element elementor-element-f7b43ad elementor-widget elementor-widget-image\" data-id=\"f7b43ad\" data-element_type=\"widget\" data-e-type=\"widget\" data-widget_type=\"image.default\">\n\t\t\t\t<div class=\"elementor-widget-container\">\n\t\t\t\t\t\t\t\t\t\t\t\t\t\t\t<img fetchpriority=\"high\" decoding=\"async\" width=\"682\" height=\"1024\" src=\"https:\/\/clarendon.ca\/wp-content\/uploads\/2025\/07\/mcgrimmon-transfer-site-682x1024.webp\" class=\"attachment-large size-large wp-image-8702\" alt=\"Transfer Site\" srcset=\"https:\/\/clarendon.ca\/wp-content\/uploads\/2025\/07\/mcgrimmon-transfer-site-682x1024.webp 682w, https:\/\/clarendon.ca\/wp-content\/uploads\/2025\/07\/mcgrimmon-transfer-site-200x300.webp 200w, https:\/\/clarendon.ca\/wp-content\/uploads\/2025\/07\/mcgrimmon-transfer-site-768x1152.webp 768w, https:\/\/clarendon.ca\/wp-content\/uploads\/2025\/07\/mcgrimmon-transfer-site-1024x1536.webp 1024w, https:\/\/clarendon.ca\/wp-content\/uploads\/2025\/07\/mcgrimmon-transfer-site.webp 1333w\" sizes=\"(max-width: 682px) 100vw, 682px\" \/>\t\t\t\t\t\t\t\t\t\t\t\t\t\t\t<\/div>\n\t\t\t\t<\/div>\n\t\t\t\t<\/div>\n\t\t<div class=\"elementor-element elementor-element-313d067 e-con-full e-flex e-con e-child\" data-id=\"313d067\" data-element_type=\"container\" data-e-type=\"container\">\n\t\t\t\t<div class=\"elementor-element elementor-element-73cfb92 elementor-widget elementor-widget-heading\" data-id=\"73cfb92\" data-element_type=\"widget\" data-e-type=\"widget\" data-widget_type=\"heading.default\">\n\t\t\t\t<div class=\"elementor-widget-container\">\n\t\t\t\t\t<h2 class=\"elementor-heading-title elementor-size-default\">Station de transfert<\/h2>\t\t\t\t<\/div>\n\t\t\t\t<\/div>\n\t\t<div class=\"elementor-element elementor-element-1048a78 e-con-full e-flex e-con e-child\" data-id=\"1048a78\" data-element_type=\"container\" data-e-type=\"container\">\n\t\t<div class=\"elementor-element elementor-element-05fb1ac e-con-full e-flex e-con e-child\" data-id=\"05fb1ac\" data-element_type=\"container\" data-e-type=\"container\">\n\t\t\t\t<div class=\"elementor-element elementor-element-2967b27 elementor-widget elementor-widget-text-editor\" data-id=\"2967b27\" data-element_type=\"widget\" data-e-type=\"widget\" data-widget_type=\"text-editor.default\">\n\t\t\t\t<div class=\"elementor-widget-container\">\n\t\t\t\t\t\t\t\t\t<p>Municipalit\u00e9 de Clarendon<\/p>\n<p><strong>Emplacement<\/strong> : <a href=\"https:\/\/maps.app.goo.gl\/EqXGAChFbBNokxjA6\" target=\"_blank\" rel=\"noopener\">384 7th Concession, Shawville, Qu\u00e9bec J0X 2Y0<\/a><\/p>\n<p><strong><br>Heures :<\/strong><\/p>\n<ul>\n<li>Lundi to Vendredi 7h30&nbsp; \u2013 16h<\/li>\n<li>Samedi 8h30 \u2013 12h<\/li>\n<li>Dimache &#8211; Ferm\u00e9<\/li>\n<\/ul>\n<div>&nbsp;<\/div>\n<div>Veuillez noter que la balance ferme 15 minutes plus t\u00f4t, tous les chargements importants devront \u00eatre d\u00e9pos\u00e9s avant 15h45 pendant la semaine.<\/div>\n<div>&nbsp;<\/div>\n<p><span style=\"font-weight: bolder;\">Frais de la station de transfert :<\/span><\/p>\n<ul>\n<li style=\"font-size: 18px;\">Sacs de Clarendon, pour les ordures seulement, 23 $ pour 100, vendus \u00e0 la salle du conseil de Clarendon et \u00e0 la station de transfert.<\/li>\n<\/ul>\n<div>&nbsp;<\/div>\n<div>Les prix peuvent \u00eatre modifi\u00e9s. Argent comptant seulement.<\/div>\t\t\t\t\t\t\t\t<\/div>\n\t\t\t\t<\/div>\n\t\t\t\t<\/div>\n\t\t<div class=\"elementor-element elementor-element-7ebe84a e-con-full e-flex e-con e-child\" data-id=\"7ebe84a\" data-element_type=\"container\" data-e-type=\"container\">\n\t\t\t\t<div class=\"elementor-element elementor-element-8db1f9b elementor-widget elementor-widget-image\" data-id=\"8db1f9b\" data-element_type=\"widget\" data-e-type=\"widget\" data-widget_type=\"image.default\">\n\t\t\t\t<div class=\"elementor-widget-container\">\n\t\t\t\t\t\t\t\t\t\t\t\t\t\t\t<img decoding=\"async\" src=\"https:\/\/clarendon.ca\/wp-content\/uploads\/2025\/02\/bryson-dechets-et-recyclage-1.webp\" title=\"\" alt=\"\" loading=\"lazy\" \/>\t\t\t\t\t\t\t\t\t\t\t\t\t\t\t<\/div>\n\t\t\t\t<\/div>\n\t\t\t\t<div class=\"elementor-element elementor-element-da8bc85 elementor-widget elementor-widget-button\" data-id=\"da8bc85\" data-element_type=\"widget\" data-e-type=\"widget\" data-widget_type=\"button.default\">\n\t\t\t\t<div class=\"elementor-widget-container\">\n\t\t\t\t\t\t\t\t\t<div class=\"elementor-button-wrapper\">\n\t\t\t\t\t<a class=\"elementor-button elementor-button-link elementor-size-sm\" href=\"https:\/\/mrcpontiac.qc.ca\/residents\/environnement\/matieres-residuelles\/\" target=\"_blank\">\n\t\t\t\t\t\t<span class=\"elementor-button-content-wrapper\">\n\t\t\t\t\t\t\t\t\t<span class=\"elementor-button-text\">Mat\u00e9riaux Accept\u00e9s<\/span>\n\t\t\t\t\t<\/span>\n\t\t\t\t\t<\/a>\n\t\t\t\t<\/div>\n\t\t\t\t\t\t\t\t<\/div>\n\t\t\t\t<\/div>\n\t\t\t\t<\/div>\n\t\t\t\t<\/div>\n\t\t\t\t<\/div>\n\t\t\t\t\t<\/div>\n\t\t\t\t<\/div>\n\t\t\t\t<\/div>\n\t\t","protected":false},"excerpt":{"rendered":"<p>Station de transfert Municipalit\u00e9 de Clarendon Emplacement : 384 7th Concession, Shawville, Qu\u00e9bec J0X 2Y0 Heures : Lundi to Vendredi 7h30&nbsp; \u2013 16h Samedi 8h30 \u2013 12h Dimache &#8211; Ferm\u00e9 &nbsp; Veuillez noter que la balance ferme 15 minutes plus t\u00f4t, tous les chargements importants devront \u00eatre d\u00e9pos\u00e9s avant 15h45 pendant la semaine. &nbsp; Frais [&hellip;]<\/p>\n","protected":false},"author":1,"featured_media":8697,"parent":344,"menu_order":0,"comment_status":"closed","ping_status":"closed","template":"","meta":{"_acf_changed":false,"footnotes":""},"class_list":["post-132","page","type-page","status-publish","has-post-thumbnail","hentry"],"acf":[],"_links":{"self":[{"href":"https:\/\/clarendon.ca\/fr\/wp-json\/wp\/v2\/pages\/132","targetHints":{"allow":["GET"]}}],"collection":[{"href":"https:\/\/clarendon.ca\/fr\/wp-json\/wp\/v2\/pages"}],"about":[{"href":"https:\/\/clarendon.ca\/fr\/wp-json\/wp\/v2\/types\/page"}],"author":[{"embeddable":true,"href":"https:\/\/clarendon.ca\/fr\/wp-json\/wp\/v2\/users\/1"}],"replies":[{"embeddable":true,"href":"https:\/\/clarendon.ca\/fr\/wp-json\/wp\/v2\/comments?post=132"}],"version-history":[{"count":106,"href":"https:\/\/clarendon.ca\/fr\/wp-json\/wp\/v2\/pages\/132\/revisions"}],"predecessor-version":[{"id":10224,"href":"https:\/\/clarendon.ca\/fr\/wp-json\/wp\/v2\/pages\/132\/revisions\/10224"}],"up":[{"embeddable":true,"href":"https:\/\/clarendon.ca\/fr\/wp-json\/wp\/v2\/pages\/344"}],"wp:featuredmedia":[{"embeddable":true,"href":"https:\/\/clarendon.ca\/fr\/wp-json\/wp\/v2\/media\/8697"}],"wp:attachment":[{"href":"https:\/\/clarendon.ca\/fr\/wp-json\/wp\/v2\/media?parent=132"}],"curies":[{"name":"wp","href":"https:\/\/api.w.org\/{rel}","templated":true}]}}