{"id":137,"date":"2024-08-25T08:48:33","date_gmt":"2024-08-25T12:48:33","guid":{"rendered":"https:\/\/clarendon.ottawavalleymedia.ca\/?page_id=137"},"modified":"2025-08-08T11:30:54","modified_gmt":"2025-08-08T15:30:54","slug":"travaux-publics","status":"publish","type":"page","link":"https:\/\/clarendon.ca\/fr\/residents\/travaux-publics\/","title":{"rendered":"Travaux publics"},"content":{"rendered":"\t\t<div data-elementor-type=\"wp-page\" data-elementor-id=\"137\" class=\"elementor elementor-137 elementor-2130\" data-elementor-post-type=\"page\">\n\t\t\t\t<div class=\"elementor-element elementor-element-2d1a5e5 e-flex e-con-boxed e-con e-parent\" data-id=\"2d1a5e5\" data-element_type=\"container\" data-e-type=\"container\">\n\t\t\t\t\t<div class=\"e-con-inner\">\n\t\t<div class=\"elementor-element elementor-element-ddf89ad e-con-full e-flex e-con e-child\" data-id=\"ddf89ad\" data-element_type=\"container\" data-e-type=\"container\">\n\t\t\t\t<div class=\"elementor-element elementor-element-5731dd4 elementor-widget elementor-widget-text-editor\" data-id=\"5731dd4\" data-element_type=\"widget\" data-e-type=\"widget\" data-widget_type=\"text-editor.default\">\n\t\t\t\t<div class=\"elementor-widget-container\">\n\t\t\t\t\t\t\t\t\t<p>Le service des travaux publics de Clarendon joue un r\u00f4le crucial dans l&rsquo;entretien et l&rsquo;am\u00e9lioration des infrastructures de la municipalit\u00e9. Ce d\u00e9partement est responsable d&rsquo;un large \u00e9ventail de services, y compris l&rsquo;entretien des routes, le d\u00e9neigement efficace et l&rsquo;entretien des installations publiques. Leur travail diligent garantit des voies de transport s\u00fbres et efficaces, contribue \u00e0 la s\u00e9curit\u00e9 publique et am\u00e9liore la qualit\u00e9 de vie g\u00e9n\u00e9rale des habitants.<\/p><p>Les travaux publics jouent \u00e9galement un r\u00f4le central dans la gestion des services publics essentiels de la municipalit\u00e9, tels que les syst\u00e8mes d&rsquo;approvisionnement en eau et d&rsquo;\u00e9vacuation des eaux us\u00e9es. Leurs efforts pour maintenir ces syst\u00e8mes critiques sont essentiels pour la protection de l&rsquo;environnement, la sant\u00e9 publique et le d\u00e9veloppement durable. L&rsquo;engagement du service en faveur de l&rsquo;excellence op\u00e9rationnelle et de l&rsquo;am\u00e9lioration continue refl\u00e8te la volont\u00e9 de Clarendon d&rsquo;offrir \u00e0 ses habitants une communaut\u00e9 bien entretenue et prosp\u00e8re.<\/p><p>\u00a0<\/p><p><strong>T\u00e9l\u00e9phone<\/strong> : <a href=\"tel:819-647-3862\">819-647-3862<\/a><br \/>En cas d&rsquo;urgence la nuit ou le week-end : <a href=\"tel:911\">9-1-1<\/a><\/p>\t\t\t\t\t\t\t\t<\/div>\n\t\t\t\t<\/div>\n\t\t\t\t<\/div>\n\t\t<div class=\"elementor-element elementor-element-6285ebd e-con-full e-flex e-con e-child\" data-id=\"6285ebd\" data-element_type=\"container\" data-e-type=\"container\">\n\t\t\t\t<div class=\"elementor-element elementor-element-6e30426 elementor-widget elementor-widget-text-editor\" data-id=\"6e30426\" data-element_type=\"widget\" data-e-type=\"widget\" data-widget_type=\"text-editor.default\">\n\t\t\t\t<div class=\"elementor-widget-container\">\n\t\t\t\t\t\t\t\t\t<p>Les autres services comprennent, sans s&rsquo;y limiter, les \u00e9l\u00e9ments suivants :<\/p><p>\u00a0<\/p><ul><li>Installation de panneaux de signalisation<\/li><li>D\u00e9neigement<\/li><li>Balayage des rues<\/li><li>Entretien des parcs<\/li><li>Entretien des b\u00e2timents<\/li><li>Station d&rsquo;\u00e9puration des eaux<\/li><li>Eau et \u00e9gouts<\/li><\/ul>\t\t\t\t\t\t\t\t<\/div>\n\t\t\t\t<\/div>\n\t\t\t\t<div class=\"elementor-element elementor-element-e79a721 elementor-widget__width-initial elementor-widget elementor-widget-text-editor\" data-id=\"e79a721\" data-element_type=\"widget\" data-e-type=\"widget\" data-widget_type=\"text-editor.default\">\n\t\t\t\t<div class=\"elementor-widget-container\">\n\t\t\t\t\t\t\t\t\t<p>Si vous avez un probl\u00e8me avec votre route, votre eau ou votre \u00e9gout, veuillez <a href=\"https:\/\/clarendon.ca\/contactez\/\">contacter <\/a>la municipalit\u00e9.\u00a0<\/p>\t\t\t\t\t\t\t\t<\/div>\n\t\t\t\t<\/div>\n\t\t\t\t<\/div>\n\t\t\t\t\t<\/div>\n\t\t\t\t<\/div>\n\t\t\t\t<\/div>\n\t\t","protected":false},"excerpt":{"rendered":"<p>Le service des travaux publics de Clarendon joue un r\u00f4le crucial dans l&rsquo;entretien et l&rsquo;am\u00e9lioration des infrastructures de la municipalit\u00e9. Ce d\u00e9partement est responsable d&rsquo;un large \u00e9ventail de services, y compris l&rsquo;entretien des routes, le d\u00e9neigement efficace et l&rsquo;entretien des installations publiques. Leur travail diligent garantit des voies de transport s\u00fbres et efficaces, contribue \u00e0 [&hellip;]<\/p>\n","protected":false},"author":1,"featured_media":8123,"parent":344,"menu_order":0,"comment_status":"closed","ping_status":"closed","template":"","meta":{"_acf_changed":false,"footnotes":""},"class_list":["post-137","page","type-page","status-publish","has-post-thumbnail","hentry"],"acf":[],"_links":{"self":[{"href":"https:\/\/clarendon.ca\/fr\/wp-json\/wp\/v2\/pages\/137","targetHints":{"allow":["GET"]}}],"collection":[{"href":"https:\/\/clarendon.ca\/fr\/wp-json\/wp\/v2\/pages"}],"about":[{"href":"https:\/\/clarendon.ca\/fr\/wp-json\/wp\/v2\/types\/page"}],"author":[{"embeddable":true,"href":"https:\/\/clarendon.ca\/fr\/wp-json\/wp\/v2\/users\/1"}],"replies":[{"embeddable":true,"href":"https:\/\/clarendon.ca\/fr\/wp-json\/wp\/v2\/comments?post=137"}],"version-history":[{"count":41,"href":"https:\/\/clarendon.ca\/fr\/wp-json\/wp\/v2\/pages\/137\/revisions"}],"predecessor-version":[{"id":9399,"href":"https:\/\/clarendon.ca\/fr\/wp-json\/wp\/v2\/pages\/137\/revisions\/9399"}],"up":[{"embeddable":true,"href":"https:\/\/clarendon.ca\/fr\/wp-json\/wp\/v2\/pages\/344"}],"wp:featuredmedia":[{"embeddable":true,"href":"https:\/\/clarendon.ca\/fr\/wp-json\/wp\/v2\/media\/8123"}],"wp:attachment":[{"href":"https:\/\/clarendon.ca\/fr\/wp-json\/wp\/v2\/media?parent=137"}],"curies":[{"name":"wp","href":"https:\/\/api.w.org\/{rel}","templated":true}]}}