{"id":144,"date":"2024-08-25T08:53:03","date_gmt":"2024-08-25T12:53:03","guid":{"rendered":"https:\/\/clarendon.ottawavalleymedia.ca\/?page_id=144"},"modified":"2025-10-27T12:32:02","modified_gmt":"2025-10-27T16:32:02","slug":"services-sante","status":"publish","type":"page","link":"https:\/\/clarendon.ca\/fr\/residents\/services-sante\/","title":{"rendered":"Services sant\u00e9"},"content":{"rendered":"\t\t<div data-elementor-type=\"wp-page\" data-elementor-id=\"144\" class=\"elementor elementor-144 elementor-2127\" data-elementor-post-type=\"page\">\n\t\t\t\t<div class=\"elementor-element elementor-element-d83d8fe e-flex e-con-boxed e-con e-parent\" data-id=\"d83d8fe\" data-element_type=\"container\" data-e-type=\"container\">\n\t\t\t\t\t<div class=\"e-con-inner\">\n\t\t<div class=\"elementor-element elementor-element-3447462 e-con-full e-flex e-con e-child\" data-id=\"3447462\" data-element_type=\"container\" data-e-type=\"container\">\n\t\t\t\t<div class=\"elementor-element elementor-element-5ae5796 elementor-widget elementor-widget-text-editor\" data-id=\"5ae5796\" data-element_type=\"widget\" data-e-type=\"widget\" data-widget_type=\"text-editor.default\">\n\t\t\t\t<div class=\"elementor-widget-container\">\n\t\t\t\t\t\t\t\t\t<p>Les r\u00e9sidents de Clarendon profitent de la proximit\u00e9 de Shawville, ce qui leur donne un acc\u00e8s facile aux services de sant\u00e9 essentiels. Des soins d\u2019urgence aux cliniques en passant par les soins de longue dur\u00e9e, plusieurs ressources cl\u00e9s se trouvent \u00e0 quelques minutes seulement. Ce lien assure un soutien rapide aux individus et aux familles de la municipalit\u00e9.<\/p>\t\t\t\t\t\t\t\t<\/div>\n\t\t\t\t<\/div>\n\t\t\t\t<\/div>\n\t\t<div class=\"elementor-element elementor-element-043710d e-con-full e-flex e-con e-child\" data-id=\"043710d\" data-element_type=\"container\" data-e-type=\"container\">\n\t\t\t\t<div class=\"elementor-element elementor-element-1f038e8 elementor-widget elementor-widget-image\" data-id=\"1f038e8\" data-element_type=\"widget\" data-e-type=\"widget\" data-widget_type=\"image.default\">\n\t\t\t\t<div class=\"elementor-widget-container\">\n\t\t\t\t\t\t\t\t\t\t\t\t\t\t\t<img fetchpriority=\"high\" decoding=\"async\" width=\"800\" height=\"541\" src=\"https:\/\/clarendon.ca\/wp-content\/uploads\/2025\/06\/top-view-of-medical-examination-tools-standing-on-2025-02-18-01-27-03-utc-1024x693.webp\" class=\"attachment-large size-large wp-image-7351\" alt=\"\" srcset=\"https:\/\/clarendon.ca\/wp-content\/uploads\/2025\/06\/top-view-of-medical-examination-tools-standing-on-2025-02-18-01-27-03-utc-1024x693.webp 1024w, https:\/\/clarendon.ca\/wp-content\/uploads\/2025\/06\/top-view-of-medical-examination-tools-standing-on-2025-02-18-01-27-03-utc-300x203.webp 300w, https:\/\/clarendon.ca\/wp-content\/uploads\/2025\/06\/top-view-of-medical-examination-tools-standing-on-2025-02-18-01-27-03-utc-768x520.webp 768w, https:\/\/clarendon.ca\/wp-content\/uploads\/2025\/06\/top-view-of-medical-examination-tools-standing-on-2025-02-18-01-27-03-utc-1536x1039.webp 1536w, https:\/\/clarendon.ca\/wp-content\/uploads\/2025\/06\/top-view-of-medical-examination-tools-standing-on-2025-02-18-01-27-03-utc-2048x1386.webp 2048w\" sizes=\"(max-width: 800px) 100vw, 800px\" \/>\t\t\t\t\t\t\t\t\t\t\t\t\t\t\t<\/div>\n\t\t\t\t<\/div>\n\t\t\t\t<\/div>\n\t\t\t\t\t<\/div>\n\t\t\t\t<\/div>\n\t\t<div class=\"elementor-element elementor-element-97a8002 e-flex e-con-boxed e-con e-parent\" data-id=\"97a8002\" data-element_type=\"container\" data-e-type=\"container\">\n\t\t\t\t\t<div class=\"e-con-inner\">\n\t\t<div class=\"elementor-element elementor-element-a29ce72 e-con-full e-flex e-con e-child\" data-id=\"a29ce72\" data-element_type=\"container\" data-e-type=\"container\" data-settings=\"{&quot;background_background&quot;:&quot;classic&quot;}\">\n\t\t\t\t<\/div>\n\t\t<div class=\"elementor-element elementor-element-2597895 e-con-full e-flex e-con e-child\" data-id=\"2597895\" data-element_type=\"container\" data-e-type=\"container\">\n\t\t\t\t<div class=\"elementor-element elementor-element-3e1a8e4 elementor-widget elementor-widget-heading\" data-id=\"3e1a8e4\" data-element_type=\"widget\" data-e-type=\"widget\" data-widget_type=\"heading.default\">\n\t\t\t\t<div class=\"elementor-widget-container\">\n\t\t\t\t\t<h2 class=\"elementor-heading-title elementor-size-default\">H\u00f4pital communautaire de Pontiac<\/h2>\t\t\t\t<\/div>\n\t\t\t\t<\/div>\n\t\t<div class=\"elementor-element elementor-element-2a6d5d2 e-con-full e-flex e-con e-child\" data-id=\"2a6d5d2\" data-element_type=\"container\" data-e-type=\"container\">\n\t\t<div class=\"elementor-element elementor-element-3e50bd1 e-con-full e-flex e-con e-child\" data-id=\"3e50bd1\" data-element_type=\"container\" data-e-type=\"container\">\n\t\t\t\t<div class=\"elementor-element elementor-element-d2de878 elementor-widget elementor-widget-text-editor\" data-id=\"d2de878\" data-element_type=\"widget\" data-e-type=\"widget\" data-widget_type=\"text-editor.default\">\n\t\t\t\t<div class=\"elementor-widget-container\">\n\t\t\t\t\t\t\t\t\t<p><span style=\"font-weight: 400;\">Le paysage des soins de sant\u00e9 \u00e0 Shawville est marqu\u00e9 par un m\u00e9lange d\u2019installations modernes, de professionnels de la sant\u00e9 d\u00e9vou\u00e9s et d\u2019une approche centr\u00e9e sur la communaut\u00e9. Que vous ayez besoin de soins m\u00e9dicaux imm\u00e9diats, de soins continus ou de services pr\u00e9ventifs, les \u00e9tablissements de sant\u00e9 de Shawville sont pr\u00eats \u00e0 servir. Lisez la suite pour en savoir plus sur chaque \u00e9tablissement, leurs services et la fa\u00e7on dont ils contribuent \u00e0 la sant\u00e9 et \u00e0 la vitalit\u00e9 globales de notre communaut\u00e9.<\/span><\/p>\t\t\t\t\t\t\t\t<\/div>\n\t\t\t\t<\/div>\n\t\t\t\t<\/div>\n\t\t<div class=\"elementor-element elementor-element-1e8ebfe e-con-full e-flex e-con e-child\" data-id=\"1e8ebfe\" data-element_type=\"container\" data-e-type=\"container\">\n\t\t\t\t<div class=\"elementor-element elementor-element-8e50468 elementor-widget elementor-widget-text-editor\" data-id=\"8e50468\" data-element_type=\"widget\" data-e-type=\"widget\" data-widget_type=\"text-editor.default\">\n\t\t\t\t<div class=\"elementor-widget-container\">\n\t\t\t\t\t\t\t\t\t<p><strong>Location\u00a0<\/strong>: 200, rue Argue, Shawville (Qu\u00e9bec) J0X 2Y0.\u00a0<\/p><p><b>T\u00e9l\u00e9phone : <\/b><a href=\"tel:819-647-2211\">819-647-2211<\/a>, poste 2182.<\/p><p><strong>Services offerts\u00a0<\/strong>: L&rsquo;h\u00f4pital fournit des soins m\u00e9dicaux g\u00e9n\u00e9raux et sp\u00e9cialis\u00e9s, des services de diagnostic et fonctionnent 24 heures sur 24, 7 jours sur 7, tout au long de l&rsquo;ann\u00e9e.<\/p><p><strong>Heures de visite\u00a0<\/strong>: Les heures de visite r\u00e9guli\u00e8res sont de 8 h \u00e0 20 h. Les heures de visite \u00e0 l&rsquo;unit\u00e9 de soins intensifs sont \u00e0 des intervalles pr\u00e9cis durant la journ\u00e9e.<\/p>\t\t\t\t\t\t\t\t<\/div>\n\t\t\t\t<\/div>\n\t\t\t\t<div class=\"elementor-element elementor-element-103e990 elementor-widget elementor-widget-button\" data-id=\"103e990\" data-element_type=\"widget\" data-e-type=\"widget\" data-widget_type=\"button.default\">\n\t\t\t\t<div class=\"elementor-widget-container\">\n\t\t\t\t\t\t\t\t\t<div class=\"elementor-button-wrapper\">\n\t\t\t\t\t<a class=\"elementor-button elementor-button-link elementor-size-sm\" href=\"https:\/\/www.sante.gouv.qc.ca\/repertoire-ressources\/ressource\/?nofiche=598\" target=\"_blank\">\n\t\t\t\t\t\t<span class=\"elementor-button-content-wrapper\">\n\t\t\t\t\t\t\t\t\t<span class=\"elementor-button-text\">Visiter le site web<\/span>\n\t\t\t\t\t<\/span>\n\t\t\t\t\t<\/a>\n\t\t\t\t<\/div>\n\t\t\t\t\t\t\t\t<\/div>\n\t\t\t\t<\/div>\n\t\t\t\t<\/div>\n\t\t\t\t<\/div>\n\t\t\t\t<\/div>\n\t\t\t\t\t<\/div>\n\t\t\t\t<\/div>\n\t\t<div class=\"elementor-element elementor-element-94b8a94 e-flex e-con-boxed e-con e-parent\" data-id=\"94b8a94\" data-element_type=\"container\" data-e-type=\"container\">\n\t\t\t\t\t<div class=\"e-con-inner\">\n\t\t<div class=\"elementor-element elementor-element-bca4f91 e-con-full e-flex e-con e-child\" data-id=\"bca4f91\" data-element_type=\"container\" data-e-type=\"container\" data-settings=\"{&quot;background_background&quot;:&quot;classic&quot;}\">\n\t\t\t\t<div class=\"elementor-element elementor-element-a415611 elementor-widget elementor-widget-image\" data-id=\"a415611\" data-element_type=\"widget\" data-e-type=\"widget\" data-widget_type=\"image.default\">\n\t\t\t\t<div class=\"elementor-widget-container\">\n\t\t\t\t\t\t\t\t\t\t\t\t\t\t\t<img decoding=\"async\" src=\"https:\/\/clarendon.ca\/wp-content\/uploads\/2025\/04\/clsc-logo.jpg\" title=\"\" alt=\"\" loading=\"lazy\" \/>\t\t\t\t\t\t\t\t\t\t\t\t\t\t\t<\/div>\n\t\t\t\t<\/div>\n\t\t\t\t<\/div>\n\t\t<div class=\"elementor-element elementor-element-00e8ea3 e-con-full e-flex e-con e-child\" data-id=\"00e8ea3\" data-element_type=\"container\" data-e-type=\"container\">\n\t\t\t\t<div class=\"elementor-element elementor-element-f5b88aa elementor-widget elementor-widget-heading\" data-id=\"f5b88aa\" data-element_type=\"widget\" data-e-type=\"widget\" data-widget_type=\"heading.default\">\n\t\t\t\t<div class=\"elementor-widget-container\">\n\t\t\t\t\t<h2 class=\"elementor-heading-title elementor-size-default\">CLSC<\/h2>\t\t\t\t<\/div>\n\t\t\t\t<\/div>\n\t\t<div class=\"elementor-element elementor-element-699fa73 e-con-full e-flex e-con e-child\" data-id=\"699fa73\" data-element_type=\"container\" data-e-type=\"container\">\n\t\t<div class=\"elementor-element elementor-element-1bbc9d0 e-con-full e-flex e-con e-child\" data-id=\"1bbc9d0\" data-element_type=\"container\" data-e-type=\"container\">\n\t\t\t\t<div class=\"elementor-element elementor-element-db6d5b5 elementor-widget elementor-widget-text-editor\" data-id=\"db6d5b5\" data-element_type=\"widget\" data-e-type=\"widget\" data-widget_type=\"text-editor.default\">\n\t\t\t\t<div class=\"elementor-widget-container\">\n\t\t\t\t\t\t\t\t\t<p>Le CLSC offre une large gamme de services sociaux et de sant\u00e9 aux r\u00e9sidents, y compris des soins d&rsquo;urgence, des services de diagnostic, des soins sp\u00e9cialis\u00e9s et des initiatives de sant\u00e9 publique visant \u00e0 promouvoir un mode de vie sain et \u00e0 pr\u00e9venir les maladies.<\/p>\t\t\t\t\t\t\t\t<\/div>\n\t\t\t\t<\/div>\n\t\t\t\t<\/div>\n\t\t<div class=\"elementor-element elementor-element-771deb6 e-con-full e-flex e-con e-child\" data-id=\"771deb6\" data-element_type=\"container\" data-e-type=\"container\">\n\t\t\t\t<div class=\"elementor-element elementor-element-8f6a484 elementor-widget elementor-widget-text-editor\" data-id=\"8f6a484\" data-element_type=\"widget\" data-e-type=\"widget\" data-widget_type=\"text-editor.default\">\n\t\t\t\t<div class=\"elementor-widget-container\">\n\t\t\t\t\t\t\t\t\t<p><strong>Heures d&rsquo;ouverture<\/strong> : Ouvert du lundi au vendredi, de 8 h \u00e0 16 h. Ferm\u00e9 le midi de 12 h \u00e0 13 h. Les horaires des jours f\u00e9ri\u00e9s peuvent varier selon les services. Contactez le CLSC avant de vous d\u00e9placer.<\/p><p><strong>Services et accessibilit\u00e9<\/strong> : Le CLSC offre une vari\u00e9t\u00e9 de services de sant\u00e9, y compris des prises de sang, des vaccinations, des services de sant\u00e9 sexuelle pour les jeunes, ainsi que des programmes de pr\u00e9vention des chutes et de soutien \u00e0 domicile.<\/p>\t\t\t\t\t\t\t\t<\/div>\n\t\t\t\t<\/div>\n\t\t\t\t<div class=\"elementor-element elementor-element-4e9e396 elementor-widget elementor-widget-button\" data-id=\"4e9e396\" data-element_type=\"widget\" data-e-type=\"widget\" data-widget_type=\"button.default\">\n\t\t\t\t<div class=\"elementor-widget-container\">\n\t\t\t\t\t\t\t\t\t<div class=\"elementor-button-wrapper\">\n\t\t\t\t\t<a class=\"elementor-button elementor-button-link elementor-size-sm\" href=\"https:\/\/cisss-outaouais.gouv.qc.ca\/clsc\/\" target=\"_blank\">\n\t\t\t\t\t\t<span class=\"elementor-button-content-wrapper\">\n\t\t\t\t\t\t\t\t\t<span class=\"elementor-button-text\">Visiter le site web<\/span>\n\t\t\t\t\t<\/span>\n\t\t\t\t\t<\/a>\n\t\t\t\t<\/div>\n\t\t\t\t\t\t\t\t<\/div>\n\t\t\t\t<\/div>\n\t\t\t\t<\/div>\n\t\t\t\t<\/div>\n\t\t\t\t<\/div>\n\t\t\t\t\t<\/div>\n\t\t\t\t<\/div>\n\t\t<div class=\"elementor-element elementor-element-ad01319 e-flex e-con-boxed e-con e-parent\" data-id=\"ad01319\" data-element_type=\"container\" data-e-type=\"container\">\n\t\t\t\t\t<div class=\"e-con-inner\">\n\t\t<div class=\"elementor-element elementor-element-f460900 e-con-full e-flex e-con e-child\" data-id=\"f460900\" data-element_type=\"container\" data-e-type=\"container\">\n\t\t\t\t<div class=\"elementor-element elementor-element-1391009 elementor-widget elementor-widget-image\" data-id=\"1391009\" data-element_type=\"widget\" data-e-type=\"widget\" data-widget_type=\"image.default\">\n\t\t\t\t<div class=\"elementor-widget-container\">\n\t\t\t\t\t\t\t\t\t\t\t\t\t\t\t<img decoding=\"async\" width=\"600\" height=\"600\" src=\"https:\/\/clarendon.ca\/wp-content\/uploads\/2025\/06\/clinique-lotus.webp\" class=\"attachment-large size-large wp-image-7365\" alt=\"\" srcset=\"https:\/\/clarendon.ca\/wp-content\/uploads\/2025\/06\/clinique-lotus.webp 600w, https:\/\/clarendon.ca\/wp-content\/uploads\/2025\/06\/clinique-lotus-300x300.webp 300w, https:\/\/clarendon.ca\/wp-content\/uploads\/2025\/06\/clinique-lotus-150x150.webp 150w\" sizes=\"(max-width: 600px) 100vw, 600px\" \/>\t\t\t\t\t\t\t\t\t\t\t\t\t\t\t<\/div>\n\t\t\t\t<\/div>\n\t\t\t\t<\/div>\n\t\t<div class=\"elementor-element elementor-element-7f14773 e-con-full e-flex e-con e-child\" data-id=\"7f14773\" data-element_type=\"container\" data-e-type=\"container\">\n\t\t\t\t<div class=\"elementor-element elementor-element-2443689 elementor-widget elementor-widget-heading\" data-id=\"2443689\" data-element_type=\"widget\" data-e-type=\"widget\" data-widget_type=\"heading.default\">\n\t\t\t\t<div class=\"elementor-widget-container\">\n\t\t\t\t\t<h2 class=\"elementor-heading-title elementor-size-default\">Clinique M\u00e9dicale le Lotus\n<\/h2>\t\t\t\t<\/div>\n\t\t\t\t<\/div>\n\t\t<div class=\"elementor-element elementor-element-10cfa29 e-con-full e-flex e-con e-child\" data-id=\"10cfa29\" data-element_type=\"container\" data-e-type=\"container\">\n\t\t<div class=\"elementor-element elementor-element-5dc58cd e-con-full e-flex e-con e-child\" data-id=\"5dc58cd\" data-element_type=\"container\" data-e-type=\"container\">\n\t\t\t\t<div class=\"elementor-element elementor-element-10df80b elementor-widget elementor-widget-text-editor\" data-id=\"10df80b\" data-element_type=\"widget\" data-e-type=\"widget\" data-widget_type=\"text-editor.default\">\n\t\t\t\t<div class=\"elementor-widget-container\">\n\t\t\t\t\t\t\t\t\t<p>La Clinique Lotus se pr\u00e9sente comme un \u00e9tablissement de soins de sant\u00e9 moderne et novateur \u00e0 Shawville. Il met l\u2019accent sur le confort des patients et la prestation de soins de sant\u00e9 professionnels, b\u00e9n\u00e9ficiant d\u2019une \u00e9quipe de praticiens qualifi\u00e9s dans diverses sp\u00e9cialit\u00e9s. L\u2019accent mis par la clinique sur la m\u00e9decine familiale et les soins complets en fait une ressource pr\u00e9cieuse pour les examens de sant\u00e9 de routine, la physioth\u00e9rapie, le soutien en sant\u00e9 mentale et les soins aux personnes \u00e2g\u00e9es, enrichissant ainsi l\u2019infrastructure de sant\u00e9 de la communaut\u00e9<\/p>\t\t\t\t\t\t\t\t<\/div>\n\t\t\t\t<\/div>\n\t\t\t\t<\/div>\n\t\t<div class=\"elementor-element elementor-element-48cef60 e-con-full e-flex e-con e-child\" data-id=\"48cef60\" data-element_type=\"container\" data-e-type=\"container\">\n\t\t\t\t<div class=\"elementor-element elementor-element-7d8a7a4 elementor-widget elementor-widget-text-editor\" data-id=\"7d8a7a4\" data-element_type=\"widget\" data-e-type=\"widget\" data-widget_type=\"text-editor.default\">\n\t\t\t\t<div class=\"elementor-widget-container\">\n\t\t\t\t\t\t\t\t\t<p><strong>Lieu<\/strong> : 394, rue C Centre, Shawville.<\/p><p><strong>T\u00e9l\u00e9phone<\/strong> : <a href=\"tel: 819-647-4707\">819-647-4707<\/a> <br \/><strong>Courriel<\/strong> : <a href=\"mailto:clinmedlelotus@outlook.com\">clinmedlelotus@outlook.com<\/a><\/p><p><strong>Services offerts<\/strong> : La clinique compte 12 m\u00e9decins de famille, 2 physioth\u00e9rapeutes, 1 psychoth\u00e9rapeute et 1 infirmi\u00e8re praticienne, qui r\u00e9pondent \u00e0 un large \u00e9ventail de besoins en mati\u00e8re de soins de sant\u00e9.<\/p><p><strong>Heures d&rsquo;ouverture<\/strong> : Ouvert du lundi au jeudi \u00e0 partir de 8h00, avec des horaires de fermeture variables. Ferm\u00e9 le samedi et le dimanche.<\/p>\t\t\t\t\t\t\t\t<\/div>\n\t\t\t\t<\/div>\n\t\t\t\t<div class=\"elementor-element elementor-element-5ce39ad elementor-widget elementor-widget-button\" data-id=\"5ce39ad\" data-element_type=\"widget\" data-e-type=\"widget\" data-widget_type=\"button.default\">\n\t\t\t\t<div class=\"elementor-widget-container\">\n\t\t\t\t\t\t\t\t\t<div class=\"elementor-button-wrapper\">\n\t\t\t\t\t<a class=\"elementor-button elementor-button-link elementor-size-sm\" href=\"https:\/\/www.cliniquemedicalelelotus.ca\/\" target=\"_blank\">\n\t\t\t\t\t\t<span class=\"elementor-button-content-wrapper\">\n\t\t\t\t\t\t\t\t\t<span class=\"elementor-button-text\">Visiter le site web<\/span>\n\t\t\t\t\t<\/span>\n\t\t\t\t\t<\/a>\n\t\t\t\t<\/div>\n\t\t\t\t\t\t\t\t<\/div>\n\t\t\t\t<\/div>\n\t\t\t\t<\/div>\n\t\t\t\t<\/div>\n\t\t\t\t<\/div>\n\t\t\t\t\t<\/div>\n\t\t\t\t<\/div>\n\t\t<div class=\"elementor-element elementor-element-31b3bea e-flex e-con-boxed e-con e-parent\" data-id=\"31b3bea\" data-element_type=\"container\" data-e-type=\"container\">\n\t\t\t\t\t<div class=\"e-con-inner\">\n\t\t<div class=\"elementor-element elementor-element-2040283 e-con-full e-flex e-con e-child\" data-id=\"2040283\" data-element_type=\"container\" data-e-type=\"container\">\n\t\t\t\t<div class=\"elementor-element elementor-element-7ac606d elementor-widget elementor-widget-image\" data-id=\"7ac606d\" data-element_type=\"widget\" data-e-type=\"widget\" data-widget_type=\"image.default\">\n\t\t\t\t<div class=\"elementor-widget-container\">\n\t\t\t\t\t\t\t\t\t\t\t\t\t\t\t<img decoding=\"async\" width=\"450\" height=\"450\" src=\"https:\/\/clarendon.ca\/wp-content\/uploads\/2025\/04\/chiro-pontiac.jpg\" class=\"attachment-large size-large wp-image-5975\" alt=\"\" srcset=\"https:\/\/clarendon.ca\/wp-content\/uploads\/2025\/04\/chiro-pontiac.jpg 450w, https:\/\/clarendon.ca\/wp-content\/uploads\/2025\/04\/chiro-pontiac-300x300.jpg 300w, https:\/\/clarendon.ca\/wp-content\/uploads\/2025\/04\/chiro-pontiac-150x150.jpg 150w\" sizes=\"(max-width: 450px) 100vw, 450px\" \/>\t\t\t\t\t\t\t\t\t\t\t\t\t\t\t<\/div>\n\t\t\t\t<\/div>\n\t\t\t\t<\/div>\n\t\t<div class=\"elementor-element elementor-element-209b72f e-con-full e-flex e-con e-child\" data-id=\"209b72f\" data-element_type=\"container\" data-e-type=\"container\">\n\t\t\t\t<div class=\"elementor-element elementor-element-92ac1f9 elementor-widget elementor-widget-heading\" data-id=\"92ac1f9\" data-element_type=\"widget\" data-e-type=\"widget\" data-widget_type=\"heading.default\">\n\t\t\t\t<div class=\"elementor-widget-container\">\n\t\t\t\t\t<h2 class=\"elementor-heading-title elementor-size-default\">Clinique Chiropratique du Pontiac\n<\/h2>\t\t\t\t<\/div>\n\t\t\t\t<\/div>\n\t\t<div class=\"elementor-element elementor-element-d5bc56c e-con-full e-flex e-con e-child\" data-id=\"d5bc56c\" data-element_type=\"container\" data-e-type=\"container\">\n\t\t<div class=\"elementor-element elementor-element-2f90fcd e-con-full e-flex e-con e-child\" data-id=\"2f90fcd\" data-element_type=\"container\" data-e-type=\"container\">\n\t\t\t\t<div class=\"elementor-element elementor-element-96527cd elementor-widget elementor-widget-text-editor\" data-id=\"96527cd\" data-element_type=\"widget\" data-e-type=\"widget\" data-widget_type=\"text-editor.default\">\n\t\t\t\t<div class=\"elementor-widget-container\">\n\t\t\t\t\t\t\t\t\t<p>La Clinique Chiropratique du Pontiac offre des soins chiropratiques sp\u00e9cialis\u00e9s pour une vari\u00e9t\u00e9 de probl\u00e8mes concernant la douleur dans la r\u00e9gion du dos et du cou. Ainsi que des conditions communes telles que la sciatique et l&rsquo;arthrite. La clinique offre une gamme de traitements comprenant des ajustements, des radiographies et une th\u00e9rapie par ultrasons, adapt\u00e9s aux besoins individuels. Des examens initiaux sont effectu\u00e9s afin d&rsquo;\u00e9laborer des plans de traitement personnalis\u00e9s. Avec des num\u00e9ros de t\u00e9l\u00e9phone disponibles pour les deux sites de Shawville et de Mansfield, la clinique garantit l&rsquo;accessibilit\u00e9 des services chiropratiques \u00e0 la communaut\u00e9.<\/p>\t\t\t\t\t\t\t\t<\/div>\n\t\t\t\t<\/div>\n\t\t\t\t<\/div>\n\t\t<div class=\"elementor-element elementor-element-46fb1df e-con-full e-flex e-con e-child\" data-id=\"46fb1df\" data-element_type=\"container\" data-e-type=\"container\">\n\t\t\t\t<div class=\"elementor-element elementor-element-bc0818d elementor-widget elementor-widget-text-editor\" data-id=\"bc0818d\" data-element_type=\"widget\" data-e-type=\"widget\" data-widget_type=\"text-editor.default\">\n\t\t\t\t<div class=\"elementor-widget-container\">\n\t\t\t\t\t\t\t\t\t<p><strong>Lieu de travail<\/strong> : Shawville, QC (avec un emplacement suppl\u00e9mentaire \u00e0 Mansfield, QC).<\/p><p><strong>Coordonn\u00e9es<\/strong> : Shawville : 819-647-5155, Mansfield : 819-683-3690.<\/p>\t\t\t\t\t\t\t\t<\/div>\n\t\t\t\t<\/div>\n\t\t\t\t<div class=\"elementor-element elementor-element-3a92b78 elementor-widget elementor-widget-button\" data-id=\"3a92b78\" data-element_type=\"widget\" data-e-type=\"widget\" data-widget_type=\"button.default\">\n\t\t\t\t<div class=\"elementor-widget-container\">\n\t\t\t\t\t\t\t\t\t<div class=\"elementor-button-wrapper\">\n\t\t\t\t\t<a class=\"elementor-button elementor-button-link elementor-size-sm\" href=\"https:\/\/chiropontiac.com\/fr\/\" target=\"_blank\">\n\t\t\t\t\t\t<span class=\"elementor-button-content-wrapper\">\n\t\t\t\t\t\t\t\t\t<span class=\"elementor-button-text\">Visiter le site web<\/span>\n\t\t\t\t\t<\/span>\n\t\t\t\t\t<\/a>\n\t\t\t\t<\/div>\n\t\t\t\t\t\t\t\t<\/div>\n\t\t\t\t<\/div>\n\t\t\t\t<\/div>\n\t\t\t\t<\/div>\n\t\t\t\t<\/div>\n\t\t\t\t\t<\/div>\n\t\t\t\t<\/div>\n\t\t\t\t<\/div>\n\t\t","protected":false},"excerpt":{"rendered":"<p>Les r\u00e9sidents de Clarendon profitent de la proximit\u00e9 de Shawville, ce qui leur donne un acc\u00e8s facile aux services de sant\u00e9 essentiels. Des soins d\u2019urgence aux cliniques en passant par les soins de longue dur\u00e9e, plusieurs ressources cl\u00e9s se trouvent \u00e0 quelques minutes seulement. Ce lien assure un soutien rapide aux individus et aux familles [&hellip;]<\/p>\n","protected":false},"author":1,"featured_media":7477,"parent":344,"menu_order":0,"comment_status":"closed","ping_status":"closed","template":"","meta":{"_acf_changed":false,"footnotes":""},"class_list":["post-144","page","type-page","status-publish","has-post-thumbnail","hentry"],"acf":[],"_links":{"self":[{"href":"https:\/\/clarendon.ca\/fr\/wp-json\/wp\/v2\/pages\/144","targetHints":{"allow":["GET"]}}],"collection":[{"href":"https:\/\/clarendon.ca\/fr\/wp-json\/wp\/v2\/pages"}],"about":[{"href":"https:\/\/clarendon.ca\/fr\/wp-json\/wp\/v2\/types\/page"}],"author":[{"embeddable":true,"href":"https:\/\/clarendon.ca\/fr\/wp-json\/wp\/v2\/users\/1"}],"replies":[{"embeddable":true,"href":"https:\/\/clarendon.ca\/fr\/wp-json\/wp\/v2\/comments?post=144"}],"version-history":[{"count":124,"href":"https:\/\/clarendon.ca\/fr\/wp-json\/wp\/v2\/pages\/144\/revisions"}],"predecessor-version":[{"id":9955,"href":"https:\/\/clarendon.ca\/fr\/wp-json\/wp\/v2\/pages\/144\/revisions\/9955"}],"up":[{"embeddable":true,"href":"https:\/\/clarendon.ca\/fr\/wp-json\/wp\/v2\/pages\/344"}],"wp:featuredmedia":[{"embeddable":true,"href":"https:\/\/clarendon.ca\/fr\/wp-json\/wp\/v2\/media\/7477"}],"wp:attachment":[{"href":"https:\/\/clarendon.ca\/fr\/wp-json\/wp\/v2\/media?parent=144"}],"curies":[{"name":"wp","href":"https:\/\/api.w.org\/{rel}","templated":true}]}}