{"id":149,"date":"2024-08-25T08:53:46","date_gmt":"2024-08-25T12:53:46","guid":{"rendered":"https:\/\/clarendon.ottawavalleymedia.ca\/?page_id=149"},"modified":"2025-10-27T12:33:30","modified_gmt":"2025-10-27T16:33:30","slug":"ecoles","status":"publish","type":"page","link":"https:\/\/clarendon.ca\/fr\/residents\/ecoles\/","title":{"rendered":"\u00c9coles"},"content":{"rendered":"\t\t<div data-elementor-type=\"wp-page\" data-elementor-id=\"149\" class=\"elementor elementor-149 elementor-2117\" data-elementor-post-type=\"page\">\n\t\t\t\t<div class=\"elementor-element elementor-element-4ef4db8 e-flex e-con-boxed e-con e-parent\" data-id=\"4ef4db8\" data-element_type=\"container\" data-e-type=\"container\">\n\t\t\t\t\t<div class=\"e-con-inner\">\n\t\t<div class=\"elementor-element elementor-element-7f1858c e-con-full e-flex e-con e-child\" data-id=\"7f1858c\" data-element_type=\"container\" data-e-type=\"container\">\n\t\t\t\t<div class=\"elementor-element elementor-element-6df8f2b elementor-widget elementor-widget-text-editor\" data-id=\"6df8f2b\" data-element_type=\"widget\" data-e-type=\"widget\" data-widget_type=\"text-editor.default\">\n\t\t\t\t<div class=\"elementor-widget-container\">\n\t\t\t\t\t\t\t\t\t<p>Les r\u00e9sidents ont acc\u00e8s \u00e0 d&rsquo;excellentes \u00e9coles locales qui offrent un environnement propice \u00e0 l&rsquo;\u00e9ducation de leurs enfants, favorisant leur \u00e9panouissement scolaire, social et personnel. Ces \u00e9coles accordent la priorit\u00e9 \u00e0 l&rsquo;inclusion et au bien-\u00eatre, veillant \u00e0 ce que chaque \u00e9l\u00e8ve dispose des ressources n\u00e9cessaires pour s&rsquo;\u00e9panouir et apporter une contribution positive \u00e0 notre communaut\u00e9.<\/p><p>\u00a0<\/p><p>La majorit\u00e9 des r\u00e9sidents de Clarendon fr\u00e9quentent l\u2019\u00e9cole \u00e0 Shawville, dans l\u2019un des deux \u00e9tablissements ci-dessous. D\u2019autres options sont \u00e9galement disponibles dans les municipalit\u00e9s voisines de Campbell\u2019s Bay, Quyon, Fort-Coulonge et Mansfield-et-Pontefract.<\/p>\t\t\t\t\t\t\t\t<\/div>\n\t\t\t\t<\/div>\n\t\t\t\t<\/div>\n\t\t<div class=\"elementor-element elementor-element-1d0db01 e-con-full e-flex e-con e-child\" data-id=\"1d0db01\" data-element_type=\"container\" data-e-type=\"container\">\n\t\t\t\t<div class=\"elementor-element elementor-element-54a6404 elementor-widget elementor-widget-image\" data-id=\"54a6404\" data-element_type=\"widget\" data-e-type=\"widget\" data-widget_type=\"image.default\">\n\t\t\t\t<div class=\"elementor-widget-container\">\n\t\t\t\t\t\t\t\t\t\t\t\t\t\t\t<img fetchpriority=\"high\" decoding=\"async\" width=\"800\" height=\"534\" src=\"https:\/\/clarendon.ca\/wp-content\/uploads\/2025\/06\/teacher-helping-elementary-student-in-classroom-2025-01-09-18-40-35-utc-1024x683.webp\" class=\"attachment-large size-large wp-image-7260\" alt=\"\" srcset=\"https:\/\/clarendon.ca\/wp-content\/uploads\/2025\/06\/teacher-helping-elementary-student-in-classroom-2025-01-09-18-40-35-utc-1024x683.webp 1024w, https:\/\/clarendon.ca\/wp-content\/uploads\/2025\/06\/teacher-helping-elementary-student-in-classroom-2025-01-09-18-40-35-utc-300x200.webp 300w, https:\/\/clarendon.ca\/wp-content\/uploads\/2025\/06\/teacher-helping-elementary-student-in-classroom-2025-01-09-18-40-35-utc-768x512.webp 768w, https:\/\/clarendon.ca\/wp-content\/uploads\/2025\/06\/teacher-helping-elementary-student-in-classroom-2025-01-09-18-40-35-utc-1536x1025.webp 1536w, https:\/\/clarendon.ca\/wp-content\/uploads\/2025\/06\/teacher-helping-elementary-student-in-classroom-2025-01-09-18-40-35-utc-2048x1366.webp 2048w\" sizes=\"(max-width: 800px) 100vw, 800px\" \/>\t\t\t\t\t\t\t\t\t\t\t\t\t\t\t<\/div>\n\t\t\t\t<\/div>\n\t\t\t\t<\/div>\n\t\t\t\t\t<\/div>\n\t\t\t\t<\/div>\n\t\t<div class=\"elementor-element elementor-element-89e7953 e-flex e-con-boxed e-con e-parent\" data-id=\"89e7953\" data-element_type=\"container\" data-e-type=\"container\">\n\t\t\t\t\t<div class=\"e-con-inner\">\n\t\t<div class=\"elementor-element elementor-element-fba3093 e-con-full e-flex e-con e-child\" data-id=\"fba3093\" data-element_type=\"container\" data-e-type=\"container\">\n\t\t\t\t<div class=\"elementor-element elementor-element-7cf8241 elementor-widget elementor-widget-image\" data-id=\"7cf8241\" data-element_type=\"widget\" data-e-type=\"widget\" data-widget_type=\"image.default\">\n\t\t\t\t<div class=\"elementor-widget-container\">\n\t\t\t\t\t\t\t\t\t\t\t\t\t\t\t\t<a href=\"https:\/\/mcdowell.westernquebec.ca\/\">\n\t\t\t\t\t\t\t<img decoding=\"async\" width=\"191\" height=\"250\" src=\"https:\/\/clarendon.ca\/wp-content\/uploads\/2025\/02\/mcdowell-elementary-1.png\" class=\"attachment-large size-large wp-image-3380\" alt=\"\" \/>\t\t\t\t\t\t\t\t<\/a>\n\t\t\t\t\t\t\t\t\t\t\t\t\t\t\t<\/div>\n\t\t\t\t<\/div>\n\t\t\t\t<\/div>\n\t\t<div class=\"elementor-element elementor-element-c6e81c8 e-con-full e-flex e-con e-child\" data-id=\"c6e81c8\" data-element_type=\"container\" data-e-type=\"container\">\n\t\t\t\t<div class=\"elementor-element elementor-element-d844fcc elementor-widget elementor-widget-heading\" data-id=\"d844fcc\" data-element_type=\"widget\" data-e-type=\"widget\" data-widget_type=\"heading.default\">\n\t\t\t\t<div class=\"elementor-widget-container\">\n\t\t\t\t\t<h2 class=\"elementor-heading-title elementor-size-default\">Dr. S.E. McDowell Elementary\n<\/h2>\t\t\t\t<\/div>\n\t\t\t\t<\/div>\n\t\t<div class=\"elementor-element elementor-element-0d73d22 e-con-full e-flex e-con e-child\" data-id=\"0d73d22\" data-element_type=\"container\" data-e-type=\"container\">\n\t\t<div class=\"elementor-element elementor-element-861cc4a e-con-full e-flex e-con e-child\" data-id=\"861cc4a\" data-element_type=\"container\" data-e-type=\"container\">\n\t\t\t\t<div class=\"elementor-element elementor-element-5cc533a elementor-widget elementor-widget-text-editor\" data-id=\"5cc533a\" data-element_type=\"widget\" data-e-type=\"widget\" data-widget_type=\"text-editor.default\">\n\t\t\t\t<div class=\"elementor-widget-container\">\n\t\t\t\t\t\t\t\t\t<p>L&rsquo;\u00e9cole primaire Dr. S.E. McDowell offre un environnement \u00e9ducatif stimulant aux enfants de tout le Pontiac, en mettant l&rsquo;accent sur une approche centr\u00e9e sur l&rsquo;enfant pour favoriser une atmosph\u00e8re s\u00fbre et inclusive. En tant que plaque tournante du Centre d&rsquo;\u00e9ducation permanente du Pontiac, elle enrichit l&rsquo;exp\u00e9rience d&rsquo;apprentissage de ses \u00e9l\u00e8ves au-del\u00e0 de la salle de classe traditionnelle. L&rsquo;\u00e9cole offre \u00e9galement un programme de garderie avant et apr\u00e8s l&rsquo;\u00e9cole, avec des activit\u00e9s telles que l&rsquo;aide aux devoirs, des activit\u00e9s physiques et des exp\u00e9riences technologiques.<\/p><p>Fonctionnant de 6 h 45 \u00e0 8 h 25 et de 14 h 55 \u00e0 17 h 45, la garderie compl\u00e8te l&rsquo;engagement de l&rsquo;\u00e9cole en faveur d&rsquo;une \u00e9ducation et d&rsquo;une prise en charge globales.<\/p>\t\t\t\t\t\t\t\t<\/div>\n\t\t\t\t<\/div>\n\t\t\t\t<\/div>\n\t\t<div class=\"elementor-element elementor-element-b43340d e-con-full e-flex e-con e-child\" data-id=\"b43340d\" data-element_type=\"container\" data-e-type=\"container\">\n\t\t\t\t<div class=\"elementor-element elementor-element-ed761c0 elementor-widget elementor-widget-text-editor\" data-id=\"ed761c0\" data-element_type=\"widget\" data-e-type=\"widget\" data-widget_type=\"text-editor.default\">\n\t\t\t\t<div class=\"elementor-widget-container\">\n\t\t\t\t\t\t\t\t\t<h3><strong>Localisation et coordonn\u00e9es<\/strong><\/h3><p>89 Centre St., Shawville, QC, J0X 2Y0.<\/p><p><strong>T\u00e9l\u00e9phone <\/strong>: <a href=\"http:\/\/819-647-3800\" data-wplink-url-error=\"true\">819-647-3800<\/a>.<\/p><h3><strong>Mission de l&rsquo;\u00e9cole<\/strong><\/h3><p>L&rsquo;\u00e9cole s&rsquo;engage \u00e0 favoriser un environnement s\u00fbr et bienveillant o\u00f9 chaque \u00e9l\u00e8ve peut se d\u00e9velopper en tant qu&rsquo;apprenant tout au long de sa vie.<\/p><h3><strong>Population \u00e9tudiante<\/strong><\/h3><p>Environ 275 \u00e9tudiants sont inscrits<\/p><h3><strong>Devise de l&rsquo;\u00e9cole<\/strong><\/h3><p>La devise de l&rsquo;\u00e9cole est \u00a0\u00bb Notre avenir commence ici \u00ab\u00a0<\/p>\t\t\t\t\t\t\t\t<\/div>\n\t\t\t\t<\/div>\n\t\t\t\t<div class=\"elementor-element elementor-element-983b218 elementor-widget elementor-widget-button\" data-id=\"983b218\" data-element_type=\"widget\" data-e-type=\"widget\" data-widget_type=\"button.default\">\n\t\t\t\t<div class=\"elementor-widget-container\">\n\t\t\t\t\t\t\t\t\t<div class=\"elementor-button-wrapper\">\n\t\t\t\t\t<a class=\"elementor-button elementor-button-link elementor-size-sm\" href=\"https:\/\/mcdowell.westernquebec.ca\/\" target=\"_blank\">\n\t\t\t\t\t\t<span class=\"elementor-button-content-wrapper\">\n\t\t\t\t\t\t\t\t\t<span class=\"elementor-button-text\">VISITEZ LE SITE WEB DU DR SE MCDOWELL<\/span>\n\t\t\t\t\t<\/span>\n\t\t\t\t\t<\/a>\n\t\t\t\t<\/div>\n\t\t\t\t\t\t\t\t<\/div>\n\t\t\t\t<\/div>\n\t\t\t\t<\/div>\n\t\t\t\t<\/div>\n\t\t\t\t<\/div>\n\t\t\t\t\t<\/div>\n\t\t\t\t<\/div>\n\t\t<div class=\"elementor-element elementor-element-0e4d56b e-flex e-con-boxed e-con e-parent\" data-id=\"0e4d56b\" data-element_type=\"container\" data-e-type=\"container\">\n\t\t\t\t\t<div class=\"e-con-inner\">\n\t\t<div class=\"elementor-element elementor-element-42f9443 e-con-full e-flex e-con e-child\" data-id=\"42f9443\" data-element_type=\"container\" data-e-type=\"container\">\n\t\t\t\t<div class=\"elementor-element elementor-element-9220d1b elementor-widget elementor-widget-image\" data-id=\"9220d1b\" data-element_type=\"widget\" data-e-type=\"widget\" data-widget_type=\"image.default\">\n\t\t\t\t<div class=\"elementor-widget-container\">\n\t\t\t\t\t\t\t\t\t\t\t\t\t\t\t\t<a href=\"https:\/\/phs.westernquebec.ca\/\">\n\t\t\t\t\t\t\t<img decoding=\"async\" src=\"https:\/\/clarendon.ca\/wp-content\/uploads\/2025\/02\/pontiac-high-school-logo-1.png\" title=\"\" alt=\"\" loading=\"lazy\" \/>\t\t\t\t\t\t\t\t<\/a>\n\t\t\t\t\t\t\t\t\t\t\t\t\t\t\t<\/div>\n\t\t\t\t<\/div>\n\t\t\t\t<\/div>\n\t\t<div class=\"elementor-element elementor-element-b60916c e-con-full e-flex e-con e-child\" data-id=\"b60916c\" data-element_type=\"container\" data-e-type=\"container\">\n\t\t\t\t<div class=\"elementor-element elementor-element-efda6b9 elementor-widget elementor-widget-heading\" data-id=\"efda6b9\" data-element_type=\"widget\" data-e-type=\"widget\" data-widget_type=\"heading.default\">\n\t\t\t\t<div class=\"elementor-widget-container\">\n\t\t\t\t\t<h2 class=\"elementor-heading-title elementor-size-default\">\nPontiac High School<\/h2>\t\t\t\t<\/div>\n\t\t\t\t<\/div>\n\t\t<div class=\"elementor-element elementor-element-c85d6b2 e-con-full e-flex e-con e-child\" data-id=\"c85d6b2\" data-element_type=\"container\" data-e-type=\"container\">\n\t\t<div class=\"elementor-element elementor-element-a13bab0 e-con-full e-flex e-con e-child\" data-id=\"a13bab0\" data-element_type=\"container\" data-e-type=\"container\">\n\t\t\t\t<div class=\"elementor-element elementor-element-58a32e6 elementor-widget elementor-widget-text-editor\" data-id=\"58a32e6\" data-element_type=\"widget\" data-e-type=\"widget\" data-widget_type=\"text-editor.default\">\n\t\t\t\t<div class=\"elementor-widget-container\">\n\t\t\t\t\t\t\t\t\t<p>La Pontiac High School se consacre \u00e0 la poursuite de l&rsquo;excellence individuelle au sein de son corps \u00e9tudiant, en adh\u00e9rant \u00e0 une philosophie d&rsquo;attentes \u00e9lev\u00e9es et d&rsquo;am\u00e9lioration continue. L&rsquo;\u00e9tablissement met l&rsquo;accent sur un syst\u00e8me de soutien complet, o\u00f9 chaque \u00e9l\u00e8ve se voit attribuer un mentor ou un conseiller, ce qui favorise un environnement propice \u00e0 la r\u00e9ussite scolaire et au d\u00e9veloppement personnel. Ces valeurs, associ\u00e9es \u00e0 une croyance ferme dans la responsabilit\u00e9, l&rsquo;importance d&rsquo;un environnement d&rsquo;apprentissage s\u00fbr et positif, et la pr\u00e9paration des \u00e9l\u00e8ves \u00e0 l&rsquo;enseignement post-secondaire, au monde du travail ou \u00e0 la vie, constituent la pierre angulaire des valeurs de la Pontiac High School.<\/p>\t\t\t\t\t\t\t\t<\/div>\n\t\t\t\t<\/div>\n\t\t\t\t<\/div>\n\t\t<div class=\"elementor-element elementor-element-1e4ad3c e-con-full e-flex e-con e-child\" data-id=\"1e4ad3c\" data-element_type=\"container\" data-e-type=\"container\">\n\t\t\t\t<div class=\"elementor-element elementor-element-a91183d elementor-widget elementor-widget-text-editor\" data-id=\"a91183d\" data-element_type=\"widget\" data-e-type=\"widget\" data-widget_type=\"text-editor.default\">\n\t\t\t\t<div class=\"elementor-widget-container\">\n\t\t\t\t\t\t\t\t\t<h3><strong>Localisation et coordonn\u00e9es<\/strong><\/h3><p>455 Maple Street, P.O. Box 4600, Shawville, QC, J0X 2Y0.<\/p><p><strong>T\u00e9l\u00e9phone <\/strong>: <a href=\"http:\/\/819-647-2244\" data-wplink-url-error=\"true\">819-647-2244<\/a>\u200b\u200b\u200b\u200b.<\/p><h3><strong>Mission de l&rsquo;\u00e9cole<\/strong><\/h3><p>L&rsquo;\u00e9cole dispense un enseignement aux \u00e9l\u00e8ves de la 7e \u00e0 la 11e ann\u00e9e.<\/p><h3><strong>Population \u00e9tudiante<\/strong><\/h3><p>Environ 400 \u00e9tudiants sont inscrits<\/p><h3><strong>Devise de l&rsquo;\u00e9cole<\/strong><\/h3><p>La devise de l&rsquo;\u00e9cole est \u00ab\u00a0Etude, Sport, Esprit\u00a0\u00bb.<\/p>\t\t\t\t\t\t\t\t<\/div>\n\t\t\t\t<\/div>\n\t\t\t\t<div class=\"elementor-element elementor-element-0e16297 elementor-widget elementor-widget-button\" data-id=\"0e16297\" data-element_type=\"widget\" data-e-type=\"widget\" data-widget_type=\"button.default\">\n\t\t\t\t<div class=\"elementor-widget-container\">\n\t\t\t\t\t\t\t\t\t<div class=\"elementor-button-wrapper\">\n\t\t\t\t\t<a class=\"elementor-button elementor-button-link elementor-size-sm\" href=\"https:\/\/phs.westernquebec.ca\/\" target=\"_blank\">\n\t\t\t\t\t\t<span class=\"elementor-button-content-wrapper\">\n\t\t\t\t\t\t\t\t\t<span class=\"elementor-button-text\">VISITEZ LE SITE WEB DE PHS<\/span>\n\t\t\t\t\t<\/span>\n\t\t\t\t\t<\/a>\n\t\t\t\t<\/div>\n\t\t\t\t\t\t\t\t<\/div>\n\t\t\t\t<\/div>\n\t\t\t\t<\/div>\n\t\t\t\t<\/div>\n\t\t\t\t<\/div>\n\t\t\t\t\t<\/div>\n\t\t\t\t<\/div>\n\t\t\t\t<\/div>\n\t\t","protected":false},"excerpt":{"rendered":"<p>Les r\u00e9sidents ont acc\u00e8s \u00e0 d&rsquo;excellentes \u00e9coles locales qui offrent un environnement propice \u00e0 l&rsquo;\u00e9ducation de leurs enfants, favorisant leur \u00e9panouissement scolaire, social et personnel. Ces \u00e9coles accordent la priorit\u00e9 \u00e0 l&rsquo;inclusion et au bien-\u00eatre, veillant \u00e0 ce que chaque \u00e9l\u00e8ve dispose des ressources n\u00e9cessaires pour s&rsquo;\u00e9panouir et apporter une contribution positive \u00e0 notre communaut\u00e9. [&hellip;]<\/p>\n","protected":false},"author":1,"featured_media":7479,"parent":344,"menu_order":0,"comment_status":"closed","ping_status":"closed","template":"","meta":{"_acf_changed":false,"footnotes":""},"class_list":["post-149","page","type-page","status-publish","has-post-thumbnail","hentry"],"acf":[],"_links":{"self":[{"href":"https:\/\/clarendon.ca\/fr\/wp-json\/wp\/v2\/pages\/149","targetHints":{"allow":["GET"]}}],"collection":[{"href":"https:\/\/clarendon.ca\/fr\/wp-json\/wp\/v2\/pages"}],"about":[{"href":"https:\/\/clarendon.ca\/fr\/wp-json\/wp\/v2\/types\/page"}],"author":[{"embeddable":true,"href":"https:\/\/clarendon.ca\/fr\/wp-json\/wp\/v2\/users\/1"}],"replies":[{"embeddable":true,"href":"https:\/\/clarendon.ca\/fr\/wp-json\/wp\/v2\/comments?post=149"}],"version-history":[{"count":70,"href":"https:\/\/clarendon.ca\/fr\/wp-json\/wp\/v2\/pages\/149\/revisions"}],"predecessor-version":[{"id":9964,"href":"https:\/\/clarendon.ca\/fr\/wp-json\/wp\/v2\/pages\/149\/revisions\/9964"}],"up":[{"embeddable":true,"href":"https:\/\/clarendon.ca\/fr\/wp-json\/wp\/v2\/pages\/344"}],"wp:featuredmedia":[{"embeddable":true,"href":"https:\/\/clarendon.ca\/fr\/wp-json\/wp\/v2\/media\/7479"}],"wp:attachment":[{"href":"https:\/\/clarendon.ca\/fr\/wp-json\/wp\/v2\/media?parent=149"}],"curies":[{"name":"wp","href":"https:\/\/api.w.org\/{rel}","templated":true}]}}