{"id":154,"date":"2024-08-25T08:57:12","date_gmt":"2024-08-25T12:57:12","guid":{"rendered":"https:\/\/clarendon.ottawavalleymedia.ca\/?page_id=154"},"modified":"2025-10-27T12:36:00","modified_gmt":"2025-10-27T16:36:00","slug":"alerte-citoyenne","status":"publish","type":"page","link":"https:\/\/clarendon.ca\/fr\/residents\/alerte-citoyenne\/","title":{"rendered":"Alerte citoyenne"},"content":{"rendered":"\t\t<div data-elementor-type=\"wp-page\" data-elementor-id=\"154\" class=\"elementor elementor-154 elementor-2113\" data-elementor-post-type=\"page\">\n\t\t\t\t<div class=\"elementor-element elementor-element-1846c93 e-flex e-con-boxed e-con e-parent\" data-id=\"1846c93\" data-element_type=\"container\" data-e-type=\"container\">\n\t\t\t\t\t<div class=\"e-con-inner\">\n\t\t<div class=\"elementor-element elementor-element-47347c7 e-con-full e-flex e-con e-child\" data-id=\"47347c7\" data-element_type=\"container\" data-e-type=\"container\">\n\t\t\t\t<div class=\"elementor-element elementor-element-01bc12b elementor-widget elementor-widget-text-editor\" data-id=\"01bc12b\" data-element_type=\"widget\" data-e-type=\"widget\" data-widget_type=\"text-editor.default\">\n\t\t\t\t<div class=\"elementor-widget-container\">\n\t\t\t\t\t\t\t\t\t<p><strong>VOUS RECEVEZ NOS APPELS AUTOMATIS\u00c9S \u00c0 LA MAISON (OU PAS DU TOUT) MAIS VOUS PR\u00c9F\u00c9REZ LES RECEVOIR SUR VOTRE PORTABLE OU PAR TEXTO ?<\/strong><\/p><p>\u00a0<\/p><p>\u00c0 Clarendon, nous avons mis en place un solide service d&rsquo;alerte aux citoyens pour vous tenir inform\u00e9s des situations importantes. Ce syst\u00e8me nous permet d&rsquo;envoyer des notifications rapides via des appels, des SMS et des courriels directement \u00e0 nos r\u00e9sidents.<\/p><p>\u00a0<\/p><p>Nous utilisons ce service pour les situations d&rsquo;urgence telles que les avis d&rsquo;\u00e9bullition de l&rsquo;eau ou les ruptures de conduites d&rsquo;eau, ainsi que pour d&rsquo;autres mises \u00e0 jour cruciales telles que les travaux planifi\u00e9s, les modifications des horaires de ramassage des ordures et de recyclage, et bien plus encore. Notre objectif est d&rsquo;atteindre tous les citoyens rapidement et efficacement. Vous pouvez recevoir ces alertes en fran\u00e7ais ou en anglais, selon votre pr\u00e9f\u00e9rence.<\/p><p>\u00a0<\/p><p>Cette initiative refl\u00e8te notre engagement en faveur d&rsquo;une communication efficace, en veillant \u00e0 ce que vous disposiez toujours des informations vitales dont vous avez besoin au sujet de notre communaut\u00e9.<\/p>\t\t\t\t\t\t\t\t<\/div>\n\t\t\t\t<\/div>\n\t\t\t\t<div class=\"elementor-element elementor-element-7aa47a7 elementor-align-center elementor-widget elementor-widget-button\" data-id=\"7aa47a7\" data-element_type=\"widget\" data-e-type=\"widget\" data-widget_type=\"button.default\">\n\t\t\t\t<div class=\"elementor-widget-container\">\n\t\t\t\t\t\t\t\t\t<div class=\"elementor-button-wrapper\">\n\t\t\t\t\t<a class=\"elementor-button elementor-button-link elementor-size-sm\" href=\"http:\/\/bixocontact.com\/apps\/Anonym\/InterfaceAquisitionPublique\/default.aspx?TooteloGuid=613739e2-1a8f-482f-943d-4e6122f018e7&#038;BureauId=4085&#038;Lang=FR\" target=\"_blank\">\n\t\t\t\t\t\t<span class=\"elementor-button-content-wrapper\">\n\t\t\t\t\t\t\t\t\t<span class=\"elementor-button-text\">S'INSCRIRE AUX ALERTES<\/span>\n\t\t\t\t\t<\/span>\n\t\t\t\t\t<\/a>\n\t\t\t\t<\/div>\n\t\t\t\t\t\t\t\t<\/div>\n\t\t\t\t<\/div>\n\t\t\t\t<\/div>\n\t\t<div class=\"elementor-element elementor-element-4b5af06 e-con-full e-flex e-con e-child\" data-id=\"4b5af06\" data-element_type=\"container\" data-e-type=\"container\" data-settings=\"{&quot;background_background&quot;:&quot;classic&quot;}\">\n\t\t\t\t<\/div>\n\t\t\t\t\t<\/div>\n\t\t\t\t<\/div>\n\t\t\t\t<\/div>\n\t\t","protected":false},"excerpt":{"rendered":"<p>VOUS RECEVEZ NOS APPELS AUTOMATIS\u00c9S \u00c0 LA MAISON (OU PAS DU TOUT) MAIS VOUS PR\u00c9F\u00c9REZ LES RECEVOIR SUR VOTRE PORTABLE OU PAR TEXTO ? \u00a0 \u00c0 Clarendon, nous avons mis en place un solide service d&rsquo;alerte aux citoyens pour vous tenir inform\u00e9s des situations importantes. Ce syst\u00e8me nous permet d&rsquo;envoyer des notifications rapides via des [&hellip;]<\/p>\n","protected":false},"author":1,"featured_media":7483,"parent":344,"menu_order":0,"comment_status":"closed","ping_status":"closed","template":"","meta":{"_acf_changed":false,"footnotes":""},"class_list":["post-154","page","type-page","status-publish","has-post-thumbnail","hentry"],"acf":[],"_links":{"self":[{"href":"https:\/\/clarendon.ca\/fr\/wp-json\/wp\/v2\/pages\/154","targetHints":{"allow":["GET"]}}],"collection":[{"href":"https:\/\/clarendon.ca\/fr\/wp-json\/wp\/v2\/pages"}],"about":[{"href":"https:\/\/clarendon.ca\/fr\/wp-json\/wp\/v2\/types\/page"}],"author":[{"embeddable":true,"href":"https:\/\/clarendon.ca\/fr\/wp-json\/wp\/v2\/users\/1"}],"replies":[{"embeddable":true,"href":"https:\/\/clarendon.ca\/fr\/wp-json\/wp\/v2\/comments?post=154"}],"version-history":[{"count":43,"href":"https:\/\/clarendon.ca\/fr\/wp-json\/wp\/v2\/pages\/154\/revisions"}],"predecessor-version":[{"id":9970,"href":"https:\/\/clarendon.ca\/fr\/wp-json\/wp\/v2\/pages\/154\/revisions\/9970"}],"up":[{"embeddable":true,"href":"https:\/\/clarendon.ca\/fr\/wp-json\/wp\/v2\/pages\/344"}],"wp:featuredmedia":[{"embeddable":true,"href":"https:\/\/clarendon.ca\/fr\/wp-json\/wp\/v2\/media\/7483"}],"wp:attachment":[{"href":"https:\/\/clarendon.ca\/fr\/wp-json\/wp\/v2\/media?parent=154"}],"curies":[{"name":"wp","href":"https:\/\/api.w.org\/{rel}","templated":true}]}}