{"id":408,"date":"2024-09-09T22:55:00","date_gmt":"2024-09-10T02:55:00","guid":{"rendered":"https:\/\/clarendon.ottawavalleymedia.ca\/?page_id=408"},"modified":"2025-10-27T12:49:40","modified_gmt":"2025-10-27T16:49:40","slug":"visiteurs","status":"publish","type":"page","link":"https:\/\/clarendon.ca\/fr\/visiteurs\/","title":{"rendered":"Visiteurs"},"content":{"rendered":"\t\t<div data-elementor-type=\"wp-page\" data-elementor-id=\"408\" class=\"elementor elementor-408 elementor-2134\" data-elementor-post-type=\"page\">\n\t\t\t\t<div class=\"elementor-element elementor-element-1e20f346 e-flex e-con-boxed e-con e-parent\" data-id=\"1e20f346\" data-element_type=\"container\" data-e-type=\"container\" data-settings=\"{&quot;background_background&quot;:&quot;classic&quot;}\">\n\t\t\t\t\t<div class=\"e-con-inner\">\n\t\t\t\t<div class=\"elementor-element elementor-element-502dcf75 dekoline elementor-widget elementor-widget-heading\" data-id=\"502dcf75\" data-element_type=\"widget\" data-e-type=\"widget\" data-widget_type=\"heading.default\">\n\t\t\t\t<div class=\"elementor-widget-container\">\n\t\t\t\t\t<h2 class=\"elementor-heading-title elementor-size-xl\">Organisations et entreprises touristiques<\/h2>\t\t\t\t<\/div>\n\t\t\t\t<\/div>\n\t\t\t\t\t<\/div>\n\t\t\t\t<\/div>\n\t\t<div class=\"elementor-element elementor-element-5b1d55f e-flex e-con-boxed e-con e-parent\" data-id=\"5b1d55f\" data-element_type=\"container\" data-e-type=\"container\">\n\t\t\t\t\t<div class=\"e-con-inner\">\n\t\t<div class=\"elementor-element elementor-element-491b20bf e-con-full e-flex e-con e-child\" data-id=\"491b20bf\" data-element_type=\"container\" data-e-type=\"container\" data-settings=\"{&quot;background_background&quot;:&quot;classic&quot;}\">\n\t\t<div class=\"elementor-element elementor-element-48227605 e-con-full e-flex e-con e-child\" data-id=\"48227605\" data-element_type=\"container\" data-e-type=\"container\">\n\t\t<div class=\"elementor-element elementor-element-2f920720 e-con-full e-flex e-con e-child\" data-id=\"2f920720\" data-element_type=\"container\" data-e-type=\"container\">\n\t\t\t\t<div class=\"elementor-element elementor-element-568cc764 dekoline elementor-widget elementor-widget-heading\" data-id=\"568cc764\" data-element_type=\"widget\" data-e-type=\"widget\" data-widget_type=\"heading.default\">\n\t\t\t\t<div class=\"elementor-widget-container\">\n\t\t\t\t\t<h3 class=\"elementor-heading-title elementor-size-default\"><a href=\"https:\/\/www.littleredwagonwinery.com\/home-1\">Vignoble Petit Chariot Rouge<\/a><\/h3>\t\t\t\t<\/div>\n\t\t\t\t<\/div>\n\t\t\t\t<div class=\"elementor-element elementor-element-13db704d elementor-widget elementor-widget-text-editor\" data-id=\"13db704d\" data-element_type=\"widget\" data-e-type=\"widget\" data-widget_type=\"text-editor.default\">\n\t\t\t\t<div class=\"elementor-widget-container\">\n\t\t\t\t\t\t\t\t\t<p>Un charmant petit vignoble. Ce domaine viticole familial offre plus que des vins exceptionnels et une exp\u00e9rience unique pour ceux qui appr\u00e9cient la nature.<\/p>\t\t\t\t\t\t\t\t<\/div>\n\t\t\t\t<\/div>\n\t\t\t\t<\/div>\n\t\t<div class=\"elementor-element elementor-element-1903a2f8 e-con-full e-flex e-con e-child\" data-id=\"1903a2f8\" data-element_type=\"container\" data-e-type=\"container\">\n\t\t\t\t<div class=\"elementor-element elementor-element-1d4c89d elementor-widget elementor-widget-button\" data-id=\"1d4c89d\" data-element_type=\"widget\" data-e-type=\"widget\" data-widget_type=\"button.default\">\n\t\t\t\t<div class=\"elementor-widget-container\">\n\t\t\t\t\t\t\t\t\t<div class=\"elementor-button-wrapper\">\n\t\t\t\t\t<a class=\"elementor-button elementor-button-link elementor-size-sm\" href=\"https:\/\/www.littleredwagonwinery.com\/home-1\" target=\"_blank\">\n\t\t\t\t\t\t<span class=\"elementor-button-content-wrapper\">\n\t\t\t\t\t\t\t\t\t<span class=\"elementor-button-text\">PLUS D'INFO<\/span>\n\t\t\t\t\t<\/span>\n\t\t\t\t\t<\/a>\n\t\t\t\t<\/div>\n\t\t\t\t\t\t\t\t<\/div>\n\t\t\t\t<\/div>\n\t\t\t\t<\/div>\n\t\t\t\t<\/div>\n\t\t\t\t<\/div>\n\t\t<div class=\"elementor-element elementor-element-5c2f101 e-con-full e-flex e-con e-child\" data-id=\"5c2f101\" data-element_type=\"container\" data-e-type=\"container\" data-settings=\"{&quot;background_background&quot;:&quot;classic&quot;}\">\n\t\t<div class=\"elementor-element elementor-element-8e1d2d4 e-con-full e-flex e-con e-child\" data-id=\"8e1d2d4\" data-element_type=\"container\" data-e-type=\"container\">\n\t\t<div class=\"elementor-element elementor-element-18abf19 e-con-full e-flex e-con e-child\" data-id=\"18abf19\" data-element_type=\"container\" data-e-type=\"container\">\n\t\t\t\t<div class=\"elementor-element elementor-element-2c9f537 dekoline elementor-widget elementor-widget-heading\" data-id=\"2c9f537\" data-element_type=\"widget\" data-e-type=\"widget\" data-widget_type=\"heading.default\">\n\t\t\t\t<div class=\"elementor-widget-container\">\n\t\t\t\t\t<h3 class=\"elementor-heading-title elementor-size-default\"><a href=\"https:\/\/destinationpontiac.ca\/tourisme\/cycloparc-ppj\/\">Cycloparc PPJ<\/a><\/h3>\t\t\t\t<\/div>\n\t\t\t\t<\/div>\n\t\t\t\t<div class=\"elementor-element elementor-element-fc698f9 elementor-widget elementor-widget-text-editor\" data-id=\"fc698f9\" data-element_type=\"widget\" data-e-type=\"widget\" data-widget_type=\"text-editor.default\">\n\t\t\t\t<div class=\"elementor-widget-container\">\n\t\t\t\t\t\t\t\t\t<p>Cycloparc PPJ propose aux cyclistes et aux randonneurs un itin\u00e9raire pittoresque le long d&rsquo;une ancienne voie ferr\u00e9e, \u00e0 travers les splendeurs naturelles de la r\u00e9gion de Pontiac et ses charmants villages, id\u00e9al pour des escapades en famille.<\/p>\t\t\t\t\t\t\t\t<\/div>\n\t\t\t\t<\/div>\n\t\t\t\t<\/div>\n\t\t<div class=\"elementor-element elementor-element-a62a5ee e-con-full e-flex e-con e-child\" data-id=\"a62a5ee\" data-element_type=\"container\" data-e-type=\"container\">\n\t\t\t\t<div class=\"elementor-element elementor-element-5bb904b elementor-widget elementor-widget-button\" data-id=\"5bb904b\" data-element_type=\"widget\" data-e-type=\"widget\" data-widget_type=\"button.default\">\n\t\t\t\t<div class=\"elementor-widget-container\">\n\t\t\t\t\t\t\t\t\t<div class=\"elementor-button-wrapper\">\n\t\t\t\t\t<a class=\"elementor-button elementor-button-link elementor-size-sm\" href=\"https:\/\/destinationpontiac.ca\/tourisme\/cycloparc-ppj\/\">\n\t\t\t\t\t\t<span class=\"elementor-button-content-wrapper\">\n\t\t\t\t\t\t\t\t\t<span class=\"elementor-button-text\">PLUS D'INFO<\/span>\n\t\t\t\t\t<\/span>\n\t\t\t\t\t<\/a>\n\t\t\t\t<\/div>\n\t\t\t\t\t\t\t\t<\/div>\n\t\t\t\t<\/div>\n\t\t\t\t<\/div>\n\t\t\t\t<\/div>\n\t\t\t\t<\/div>\n\t\t<div class=\"elementor-element elementor-element-3219764 e-con-full e-flex e-con e-child\" data-id=\"3219764\" data-element_type=\"container\" data-e-type=\"container\" data-settings=\"{&quot;background_background&quot;:&quot;classic&quot;}\">\n\t\t<div class=\"elementor-element elementor-element-58e5d5b e-con-full e-flex e-con e-child\" data-id=\"58e5d5b\" data-element_type=\"container\" data-e-type=\"container\">\n\t\t<div class=\"elementor-element elementor-element-7040483 e-con-full e-flex e-con e-child\" data-id=\"7040483\" data-element_type=\"container\" data-e-type=\"container\">\n\t\t\t\t<div class=\"elementor-element elementor-element-4281f8d dekoline elementor-widget elementor-widget-heading\" data-id=\"4281f8d\" data-element_type=\"widget\" data-e-type=\"widget\" data-widget_type=\"heading.default\">\n\t\t\t\t<div class=\"elementor-widget-container\">\n\t\t\t\t\t<h3 class=\"elementor-heading-title elementor-size-default\"><a href=\"https:\/\/artpontiac.com\/\">Art Pontiac<\/a><\/h3>\t\t\t\t<\/div>\n\t\t\t\t<\/div>\n\t\t\t\t<div class=\"elementor-element elementor-element-84c75d6 elementor-widget elementor-widget-text-editor\" data-id=\"84c75d6\" data-element_type=\"widget\" data-e-type=\"widget\" data-widget_type=\"text-editor.default\">\n\t\t\t\t<div class=\"elementor-widget-container\">\n\t\t\t\t\t\t\t\t\t<p>ArtPontiac dynamise la sc\u00e8ne culturelle du Pontiac en rassemblant artistes et artisans dans des galeries, ateliers et \u00e9v\u00e9nements, enrichissant la communaut\u00e9 de l&rsquo;art sous toutes ses formes.<\/p>\t\t\t\t\t\t\t\t<\/div>\n\t\t\t\t<\/div>\n\t\t\t\t<\/div>\n\t\t<div class=\"elementor-element elementor-element-face467 e-con-full e-flex e-con e-child\" data-id=\"face467\" data-element_type=\"container\" data-e-type=\"container\">\n\t\t\t\t<div class=\"elementor-element elementor-element-565da91 elementor-widget elementor-widget-button\" data-id=\"565da91\" data-element_type=\"widget\" data-e-type=\"widget\" data-widget_type=\"button.default\">\n\t\t\t\t<div class=\"elementor-widget-container\">\n\t\t\t\t\t\t\t\t\t<div class=\"elementor-button-wrapper\">\n\t\t\t\t\t<a class=\"elementor-button elementor-button-link elementor-size-sm\" href=\"https:\/\/artpontiac.com\/\">\n\t\t\t\t\t\t<span class=\"elementor-button-content-wrapper\">\n\t\t\t\t\t\t\t\t\t<span class=\"elementor-button-text\">PLUS D'INFO<\/span>\n\t\t\t\t\t<\/span>\n\t\t\t\t\t<\/a>\n\t\t\t\t<\/div>\n\t\t\t\t\t\t\t\t<\/div>\n\t\t\t\t<\/div>\n\t\t\t\t<\/div>\n\t\t\t\t<\/div>\n\t\t\t\t<\/div>\n\t\t\t\t\t<\/div>\n\t\t\t\t<\/div>\n\t\t<div class=\"elementor-element elementor-element-28ffc5e7 e-con-full e-flex e-con e-parent\" data-id=\"28ffc5e7\" data-element_type=\"container\" data-e-type=\"container\">\n\t\t<div class=\"elementor-element elementor-element-3599f26d elementor-hidden-mobile e-flex e-con-boxed e-con e-child\" data-id=\"3599f26d\" data-element_type=\"container\" data-e-type=\"container\" data-settings=\"{&quot;background_background&quot;:&quot;classic&quot;}\">\n\t\t\t\t\t<div class=\"e-con-inner\">\n\t\t\t\t\t<\/div>\n\t\t\t\t<\/div>\n\t\t<div class=\"elementor-element elementor-element-18345803 e-flex e-con-boxed e-con e-child\" data-id=\"18345803\" data-element_type=\"container\" data-e-type=\"container\">\n\t\t\t\t\t<div class=\"e-con-inner\">\n\t\t\t\t<div class=\"elementor-element elementor-element-41931c71 elementor-widget elementor-widget-image\" data-id=\"41931c71\" data-element_type=\"widget\" data-e-type=\"widget\" data-widget_type=\"image.default\">\n\t\t\t\t<div class=\"elementor-widget-container\">\n\t\t\t\t\t\t\t\t\t\t\t\t\t\t\t\t<a href=\"http:\/\/www.explorepontiac.ca\" target=\"_blank\">\n\t\t\t\t\t\t\t<img fetchpriority=\"high\" decoding=\"async\" width=\"300\" height=\"298\" src=\"https:\/\/clarendon.ca\/wp-content\/uploads\/2025\/06\/explorepontiac.png\" class=\"attachment-medium size-medium wp-image-6291\" alt=\"\" srcset=\"https:\/\/clarendon.ca\/wp-content\/uploads\/2025\/06\/explorepontiac.png 300w, https:\/\/clarendon.ca\/wp-content\/uploads\/2025\/06\/explorepontiac-150x150.png 150w\" sizes=\"(max-width: 300px) 100vw, 300px\" \/>\t\t\t\t\t\t\t\t<\/a>\n\t\t\t\t\t\t\t\t\t\t\t\t\t\t\t<\/div>\n\t\t\t\t<\/div>\n\t\t\t\t<div class=\"elementor-element elementor-element-c97cb29 elementor-widget elementor-widget-text-editor\" data-id=\"c97cb29\" data-element_type=\"widget\" data-e-type=\"widget\" data-widget_type=\"text-editor.default\">\n\t\t\t\t<div class=\"elementor-widget-container\">\n\t\t\t\t\t\t\t\t\t<p><strong>ExplorePontiac.ca &#8211; O\u00f9 Chaque Route et La Route Touristique<\/strong><br \/>Le Pontiac est un endroit o\u00f9 l&rsquo;on trouve des petits villages charmants, des perles cach\u00e9es et des aventures de plein air de classe mondiale. Dans notre propre petite vall\u00e9e dans l&rsquo;ouest du Qu\u00e9bec, laissez nos excursions rurales vous mener \u00e0 une sortie bien m\u00e9rit\u00e9e pour vous reconnecter, vous \u00e9tirer et respirer l&rsquo;air frais.\u00a0<b style=\"text-align: var(--text-align);\">ExplorePontiac.ca<\/b><span style=\"text-align: var(--text-align);\"> est op\u00e9r\u00e9 par <\/span><a style=\"text-align: var(--text-align);\" href=\"https:\/\/www.explorepontiac.ca\/membership\"><b>l&rsquo;Association Pontiac Tourisme<\/b>,<\/a><span style=\"text-align: var(--text-align);\"> la principale organisation d&rsquo;entreprises dans l&rsquo;industrie du tourisme et de l&rsquo;h\u00f4tellerie pour la r\u00e9gion.<\/span><\/p>\t\t\t\t\t\t\t\t<\/div>\n\t\t\t\t<\/div>\n\t\t\t\t<div class=\"elementor-element elementor-element-3e221c24 elementor-widget elementor-widget-button\" data-id=\"3e221c24\" data-element_type=\"widget\" data-e-type=\"widget\" data-widget_type=\"button.default\">\n\t\t\t\t<div class=\"elementor-widget-container\">\n\t\t\t\t\t\t\t\t\t<div class=\"elementor-button-wrapper\">\n\t\t\t\t\t<a class=\"elementor-button elementor-button-link elementor-size-xl\" href=\"http:\/\/www.explorepontiac.ca\" target=\"_blank\">\n\t\t\t\t\t\t<span class=\"elementor-button-content-wrapper\">\n\t\t\t\t\t\t\t\t\t<span class=\"elementor-button-text\">EXPLOREPONTIAC.ca<\/span>\n\t\t\t\t\t<\/span>\n\t\t\t\t\t<\/a>\n\t\t\t\t<\/div>\n\t\t\t\t\t\t\t\t<\/div>\n\t\t\t\t<\/div>\n\t\t\t\t\t<\/div>\n\t\t\t\t<\/div>\n\t\t\t\t<\/div>\n\t\t<div class=\"elementor-element elementor-element-602d19d3 e-con-full e-flex e-con e-parent\" data-id=\"602d19d3\" data-element_type=\"container\" data-e-type=\"container\" data-settings=\"{&quot;background_background&quot;:&quot;classic&quot;}\">\n\t\t<div class=\"elementor-element elementor-element-9a8c0c7 elementor-hidden-mobile e-flex e-con-boxed e-con e-child\" data-id=\"9a8c0c7\" data-element_type=\"container\" data-e-type=\"container\" data-settings=\"{&quot;background_background&quot;:&quot;classic&quot;}\">\n\t\t\t\t\t<div class=\"e-con-inner\">\n\t\t\t\t\t<\/div>\n\t\t\t\t<\/div>\n\t\t<div class=\"elementor-element elementor-element-4f17e2be e-flex e-con-boxed e-con e-child\" data-id=\"4f17e2be\" data-element_type=\"container\" data-e-type=\"container\">\n\t\t\t\t\t<div class=\"e-con-inner\">\n\t\t\t\t<div class=\"elementor-element elementor-element-7b7b9b2e elementor-widget elementor-widget-image\" data-id=\"7b7b9b2e\" data-element_type=\"widget\" data-e-type=\"widget\" data-widget_type=\"image.default\">\n\t\t\t\t<div class=\"elementor-widget-container\">\n\t\t\t\t\t\t\t\t\t\t\t\t\t\t\t\t<a href=\"http:\/\/www.destinationpontiac.ca\" target=\"_blank\">\n\t\t\t\t\t\t\t<img decoding=\"async\" width=\"300\" height=\"117\" src=\"https:\/\/clarendon.ca\/wp-content\/uploads\/2024\/09\/destination-pontiac-logo-300x117-1.png\" class=\"attachment-medium size-medium wp-image-395\" alt=\"\" \/>\t\t\t\t\t\t\t\t<\/a>\n\t\t\t\t\t\t\t\t\t\t\t\t\t\t\t<\/div>\n\t\t\t\t<\/div>\n\t\t\t\t<div class=\"elementor-element elementor-element-5265e2bc elementor-widget elementor-widget-text-editor\" data-id=\"5265e2bc\" data-element_type=\"widget\" data-e-type=\"widget\" data-widget_type=\"text-editor.default\">\n\t\t\t\t<div class=\"elementor-widget-container\">\n\t\t\t\t\t\t\t\t\t<p style=\"text-align: center;\">Nous sommes le Far West qu\u00e9b\u00e9cois et nous en sommes fiers\u202f! Joliment nich\u00e9 dans la r\u00e9gion de l&rsquo;Outaouais, notre petit coin de paradis est encore m\u00e9connu. C&rsquo;est l&rsquo;une des rares r\u00e9gions que les touristes n&rsquo;ont pas encore prises d&rsquo;assaut. Venez donc profiter de la beaut\u00e9 tranquille de notre vaste territoire avant qu&rsquo;ils ne le fassent\u202f!<\/p><p>\u00a0<\/p><p style=\"text-align: center;\">DestionationPontiac.ca est le fruit d&rsquo;une collaboration avec Visages R\u00e9gionaux, une agence de communication qu\u00e9b\u00e9coise sp\u00e9cialis\u00e9e dans la promotion des r\u00e9gions de notre province.<\/p>\t\t\t\t\t\t\t\t<\/div>\n\t\t\t\t<\/div>\n\t\t\t\t<div class=\"elementor-element elementor-element-341588bd elementor-widget elementor-widget-button\" data-id=\"341588bd\" data-element_type=\"widget\" data-e-type=\"widget\" data-widget_type=\"button.default\">\n\t\t\t\t<div class=\"elementor-widget-container\">\n\t\t\t\t\t\t\t\t\t<div class=\"elementor-button-wrapper\">\n\t\t\t\t\t<a class=\"elementor-button elementor-button-link elementor-size-xl\" href=\"http:\/\/www.destinationpontiac.ca\" target=\"_blank\">\n\t\t\t\t\t\t<span class=\"elementor-button-content-wrapper\">\n\t\t\t\t\t\t\t\t\t<span class=\"elementor-button-text\">DESTINATIONPONTIAC.ca<\/span>\n\t\t\t\t\t<\/span>\n\t\t\t\t\t<\/a>\n\t\t\t\t<\/div>\n\t\t\t\t\t\t\t\t<\/div>\n\t\t\t\t<\/div>\n\t\t\t\t\t<\/div>\n\t\t\t\t<\/div>\n\t\t\t\t<\/div>\n\t\t\t\t<\/div>\n\t\t","protected":false},"excerpt":{"rendered":"<p>Organisations et entreprises touristiques Vignoble Petit Chariot Rouge Un charmant petit vignoble. Ce domaine viticole familial offre plus que des vins exceptionnels et une exp\u00e9rience unique pour ceux qui appr\u00e9cient la nature. PLUS D&rsquo;INFO Cycloparc PPJ Cycloparc PPJ propose aux cyclistes et aux randonneurs un itin\u00e9raire pittoresque le long d&rsquo;une ancienne voie ferr\u00e9e, \u00e0 travers [&hellip;]<\/p>\n","protected":false},"author":1,"featured_media":8661,"parent":0,"menu_order":0,"comment_status":"closed","ping_status":"closed","template":"","meta":{"_acf_changed":false,"footnotes":""},"class_list":["post-408","page","type-page","status-publish","has-post-thumbnail","hentry"],"acf":[],"_links":{"self":[{"href":"https:\/\/clarendon.ca\/fr\/wp-json\/wp\/v2\/pages\/408","targetHints":{"allow":["GET"]}}],"collection":[{"href":"https:\/\/clarendon.ca\/fr\/wp-json\/wp\/v2\/pages"}],"about":[{"href":"https:\/\/clarendon.ca\/fr\/wp-json\/wp\/v2\/types\/page"}],"author":[{"embeddable":true,"href":"https:\/\/clarendon.ca\/fr\/wp-json\/wp\/v2\/users\/1"}],"replies":[{"embeddable":true,"href":"https:\/\/clarendon.ca\/fr\/wp-json\/wp\/v2\/comments?post=408"}],"version-history":[{"count":68,"href":"https:\/\/clarendon.ca\/fr\/wp-json\/wp\/v2\/pages\/408\/revisions"}],"predecessor-version":[{"id":9990,"href":"https:\/\/clarendon.ca\/fr\/wp-json\/wp\/v2\/pages\/408\/revisions\/9990"}],"wp:featuredmedia":[{"embeddable":true,"href":"https:\/\/clarendon.ca\/fr\/wp-json\/wp\/v2\/media\/8661"}],"wp:attachment":[{"href":"https:\/\/clarendon.ca\/fr\/wp-json\/wp\/v2\/media?parent=408"}],"curies":[{"name":"wp","href":"https:\/\/api.w.org\/{rel}","templated":true}]}}