{"id":6640,"date":"2024-10-20T14:56:30","date_gmt":"2024-10-20T18:56:30","guid":{"rendered":"https:\/\/clarendon.ottawavalleymedia.ca\/?page_id=6640"},"modified":"2025-10-27T12:41:52","modified_gmt":"2025-10-27T16:41:52","slug":"entreprises","status":"publish","type":"page","link":"https:\/\/clarendon.ca\/fr\/entreprises\/","title":{"rendered":"Entreprises"},"content":{"rendered":"\t\t<div data-elementor-type=\"wp-page\" data-elementor-id=\"6640\" class=\"elementor elementor-6640 elementor-2062\" data-elementor-post-type=\"page\">\n\t\t\t\t<div class=\"elementor-element elementor-element-097d507 e-flex e-con-boxed e-con e-parent\" data-id=\"097d507\" data-element_type=\"container\" data-e-type=\"container\" data-settings=\"{&quot;background_background&quot;:&quot;classic&quot;}\">\n\t\t\t\t\t<div class=\"e-con-inner\">\n\t\t<div class=\"elementor-element elementor-element-7fd7695 e-con-full e-flex e-con e-child\" data-id=\"7fd7695\" data-element_type=\"container\" data-e-type=\"container\" data-settings=\"{&quot;background_background&quot;:&quot;classic&quot;}\">\n\t\t\t\t<div class=\"elementor-element elementor-element-6eb820d elementor-widget elementor-widget-text-editor\" data-id=\"6eb820d\" data-element_type=\"widget\" data-e-type=\"widget\" data-widget_type=\"text-editor.default\">\n\t\t\t\t<div class=\"elementor-widget-container\">\n\t\t\t\t\t\t\t\t\t<p data-start=\"0\" data-end=\"443\">Clarendon est peut-\u00eatre ancr\u00e9e dans l\u2019agriculture, mais sa communaut\u00e9 d\u2019affaires est beaucoup plus diversifi\u00e9e qu\u2019elle n\u2019en a l\u2019air. Des fermes familiales aux entrepreneurs en construction, en passant par les artisans et les prestataires de services \u00e0 domicile, les entrepreneurs locaux jouent un r\u00f4le cl\u00e9 dans l\u2019\u00e9conomie de la r\u00e9gion. Plusieurs entreprises desservent non seulement Clarendon, mais aussi les municipalit\u00e9s voisines du Pontiac.<\/p><p data-start=\"445\" data-end=\"851\" data-is-last-node=\"\" data-is-only-node=\"\"><br \/>Avec l\u2019essor du t\u00e9l\u00e9travail, du commerce en ligne et de la fabrication \u00e0 petite \u00e9chelle, Clarendon offre des occasions uniques pour les entreprises nouvelles ou \u00e9tablies. La municipalit\u00e9 s\u2019engage \u00e0 soutenir le d\u00e9veloppement \u00e9conomique gr\u00e2ce \u00e0 l\u2019acc\u00e8s \u00e0 des ressources r\u00e9gionales et \u00e0 des partenariats locaux. Que vous soyez en d\u00e9marrage ou en expansion, du soutien est disponible pour vous aider \u00e0 r\u00e9ussir.<\/p>\t\t\t\t\t\t\t\t<\/div>\n\t\t\t\t<\/div>\n\t\t\t\t<\/div>\n\t\t<div class=\"elementor-element elementor-element-67df32c e-con-full e-flex e-con e-child\" data-id=\"67df32c\" data-element_type=\"container\" data-e-type=\"container\" data-settings=\"{&quot;background_background&quot;:&quot;classic&quot;}\">\n\t\t\t\t<\/div>\n\t\t\t\t\t<\/div>\n\t\t\t\t<\/div>\n\t\t<div class=\"elementor-element elementor-element-191aa8e e-flex e-con-boxed e-con e-parent\" data-id=\"191aa8e\" data-element_type=\"container\" data-e-type=\"container\">\n\t\t\t\t\t<div class=\"e-con-inner\">\n\t\t\t\t<div class=\"elementor-element elementor-element-30021dc dekoline elementor-widget elementor-widget-heading\" data-id=\"30021dc\" data-element_type=\"widget\" data-e-type=\"widget\" data-widget_type=\"heading.default\">\n\t\t\t\t<div class=\"elementor-widget-container\">\n\t\t\t\t\t<h2 class=\"elementor-heading-title elementor-size-xl\">Ressources MRC Pontiac<\/h2>\t\t\t\t<\/div>\n\t\t\t\t<\/div>\n\t\t\t\t\t<\/div>\n\t\t\t\t<\/div>\n\t\t<div class=\"elementor-element elementor-element-9e6f918 e-con-full e-flex e-con e-parent\" data-id=\"9e6f918\" data-element_type=\"container\" data-e-type=\"container\">\n\t\t<div class=\"elementor-element elementor-element-57d8cb4 e-con-full e-flex e-con e-child\" data-id=\"57d8cb4\" data-element_type=\"container\" data-e-type=\"container\" data-settings=\"{&quot;background_background&quot;:&quot;classic&quot;}\">\n\t\t<div class=\"elementor-element elementor-element-8258269 e-con-full e-flex e-con e-child\" data-id=\"8258269\" data-element_type=\"container\" data-e-type=\"container\">\n\t\t<div class=\"elementor-element elementor-element-4f87e93 e-con-full e-flex e-con e-child\" data-id=\"4f87e93\" data-element_type=\"container\" data-e-type=\"container\">\n\t\t\t\t<div class=\"elementor-element elementor-element-46b7b51 dekoline elementor-widget elementor-widget-heading\" data-id=\"46b7b51\" data-element_type=\"widget\" data-e-type=\"widget\" data-widget_type=\"heading.default\">\n\t\t\t\t<div class=\"elementor-widget-container\">\n\t\t\t\t\t<h3 class=\"elementor-heading-title elementor-size-default\">D\u00e9veloppement \u00e9conomique<\/h3>\t\t\t\t<\/div>\n\t\t\t\t<\/div>\n\t\t\t\t<div class=\"elementor-element elementor-element-42efb69 elementor-widget elementor-widget-text-editor\" data-id=\"42efb69\" data-element_type=\"widget\" data-e-type=\"widget\" data-widget_type=\"text-editor.default\">\n\t\t\t\t<div class=\"elementor-widget-container\">\n\t\t\t\t\t\t\t\t\t<p>Notre objectif est de favoriser la croissance, l&rsquo;innovation et la prosp\u00e9rit\u00e9 dans le Pontiac. D\u00e9couvrez nos initiatives, ressources et opportunit\u00e9s qui contribuent \u00e0 la vitalit\u00e9 \u00e9conomique de notre communaut\u00e9.<\/p>\t\t\t\t\t\t\t\t<\/div>\n\t\t\t\t<\/div>\n\t\t\t\t<\/div>\n\t\t<div class=\"elementor-element elementor-element-33b9ea6 e-con-full e-flex e-con e-child\" data-id=\"33b9ea6\" data-element_type=\"container\" data-e-type=\"container\">\n\t\t\t\t<div class=\"elementor-element elementor-element-7e96d53 elementor-widget elementor-widget-button\" data-id=\"7e96d53\" data-element_type=\"widget\" data-e-type=\"widget\" data-widget_type=\"button.default\">\n\t\t\t\t<div class=\"elementor-widget-container\">\n\t\t\t\t\t\t\t\t\t<div class=\"elementor-button-wrapper\">\n\t\t\t\t\t<a class=\"elementor-button elementor-button-link elementor-size-sm\" href=\"https:\/\/mrcpontiac.qc.ca\/entreprises\/developpement-economique\/\">\n\t\t\t\t\t\t<span class=\"elementor-button-content-wrapper\">\n\t\t\t\t\t\t\t\t\t<span class=\"elementor-button-text\">PLUS D'INFO<\/span>\n\t\t\t\t\t<\/span>\n\t\t\t\t\t<\/a>\n\t\t\t\t<\/div>\n\t\t\t\t\t\t\t\t<\/div>\n\t\t\t\t<\/div>\n\t\t\t\t<\/div>\n\t\t\t\t<\/div>\n\t\t\t\t<\/div>\n\t\t<div class=\"elementor-element elementor-element-30208ff e-con-full e-flex e-con e-child\" data-id=\"30208ff\" data-element_type=\"container\" data-e-type=\"container\" data-settings=\"{&quot;background_background&quot;:&quot;classic&quot;}\">\n\t\t<div class=\"elementor-element elementor-element-c1a38a1 e-con-full e-flex e-con e-child\" data-id=\"c1a38a1\" data-element_type=\"container\" data-e-type=\"container\">\n\t\t<div class=\"elementor-element elementor-element-a422e8a e-con-full e-flex e-con e-child\" data-id=\"a422e8a\" data-element_type=\"container\" data-e-type=\"container\">\n\t\t\t\t<div class=\"elementor-element elementor-element-514ae66 dekoline elementor-widget elementor-widget-heading\" data-id=\"514ae66\" data-element_type=\"widget\" data-e-type=\"widget\" data-widget_type=\"heading.default\">\n\t\t\t\t<div class=\"elementor-widget-container\">\n\t\t\t\t\t<h3 class=\"elementor-heading-title elementor-size-default\">D\u00e9veloppement du tourisme<\/h3>\t\t\t\t<\/div>\n\t\t\t\t<\/div>\n\t\t\t\t<div class=\"elementor-element elementor-element-3555138 elementor-widget elementor-widget-text-editor\" data-id=\"3555138\" data-element_type=\"widget\" data-e-type=\"widget\" data-widget_type=\"text-editor.default\">\n\t\t\t\t<div class=\"elementor-widget-container\">\n\t\t\t\t\t\t\t\t\t<p>Avec une telle beaut\u00e9 naturelle intacte dans notre r\u00e9gion, la MRC de Pontiac soutient le d\u00e9veloppement de l&rsquo;industrie touristique afin d&rsquo;augmenter le nombre de visiteurs des r\u00e9gions avoisinantes et du monde entier.<\/p>\t\t\t\t\t\t\t\t<\/div>\n\t\t\t\t<\/div>\n\t\t\t\t<\/div>\n\t\t<div class=\"elementor-element elementor-element-2c87ce9 e-con-full e-flex e-con e-child\" data-id=\"2c87ce9\" data-element_type=\"container\" data-e-type=\"container\">\n\t\t\t\t<div class=\"elementor-element elementor-element-bd6707c elementor-widget elementor-widget-button\" data-id=\"bd6707c\" data-element_type=\"widget\" data-e-type=\"widget\" data-widget_type=\"button.default\">\n\t\t\t\t<div class=\"elementor-widget-container\">\n\t\t\t\t\t\t\t\t\t<div class=\"elementor-button-wrapper\">\n\t\t\t\t\t<a class=\"elementor-button elementor-button-link elementor-size-sm\" href=\"https:\/\/mrcpontiac.qc.ca\/entreprises\/tourisme\/\">\n\t\t\t\t\t\t<span class=\"elementor-button-content-wrapper\">\n\t\t\t\t\t\t\t\t\t<span class=\"elementor-button-text\">PLUS D'INFO<\/span>\n\t\t\t\t\t<\/span>\n\t\t\t\t\t<\/a>\n\t\t\t\t<\/div>\n\t\t\t\t\t\t\t\t<\/div>\n\t\t\t\t<\/div>\n\t\t\t\t<\/div>\n\t\t\t\t<\/div>\n\t\t\t\t<\/div>\n\t\t<div class=\"elementor-element elementor-element-45db989 e-con-full e-flex e-con e-child\" data-id=\"45db989\" data-element_type=\"container\" data-e-type=\"container\" data-settings=\"{&quot;background_background&quot;:&quot;classic&quot;}\">\n\t\t<div class=\"elementor-element elementor-element-4fce485 e-con-full e-flex e-con e-child\" data-id=\"4fce485\" data-element_type=\"container\" data-e-type=\"container\">\n\t\t<div class=\"elementor-element elementor-element-ad93194 e-con-full e-flex e-con e-child\" data-id=\"ad93194\" data-element_type=\"container\" data-e-type=\"container\">\n\t\t\t\t<div class=\"elementor-element elementor-element-cf1fd05 dekoline elementor-widget elementor-widget-heading\" data-id=\"cf1fd05\" data-element_type=\"widget\" data-e-type=\"widget\" data-widget_type=\"heading.default\">\n\t\t\t\t<div class=\"elementor-widget-container\">\n\t\t\t\t\t<h3 class=\"elementor-heading-title elementor-size-default\">D\u00e9veloppement culturel<\/h3>\t\t\t\t<\/div>\n\t\t\t\t<\/div>\n\t\t\t\t<div class=\"elementor-element elementor-element-3e4ee6b elementor-widget elementor-widget-text-editor\" data-id=\"3e4ee6b\" data-element_type=\"widget\" data-e-type=\"widget\" data-widget_type=\"text-editor.default\">\n\t\t\t\t<div class=\"elementor-widget-container\">\n\t\t\t\t\t\t\t\t\t<p>La MRC de Pontiac reconna\u00eet que les organismes artistiques et culturels de nos communaut\u00e9s contribuent au bonheur et au bien-\u00eatre de tous les r\u00e9sidents et visiteurs de notre r\u00e9gion.<\/p>\t\t\t\t\t\t\t\t<\/div>\n\t\t\t\t<\/div>\n\t\t\t\t<\/div>\n\t\t<div class=\"elementor-element elementor-element-75e76d0 e-con-full e-flex e-con e-child\" data-id=\"75e76d0\" data-element_type=\"container\" data-e-type=\"container\">\n\t\t\t\t<div class=\"elementor-element elementor-element-6d39e83 elementor-widget elementor-widget-button\" data-id=\"6d39e83\" data-element_type=\"widget\" data-e-type=\"widget\" data-widget_type=\"button.default\">\n\t\t\t\t<div class=\"elementor-widget-container\">\n\t\t\t\t\t\t\t\t\t<div class=\"elementor-button-wrapper\">\n\t\t\t\t\t<a class=\"elementor-button elementor-button-link elementor-size-sm\" href=\"https:\/\/mrcpontiac.qc.ca\/entreprises\/loisirs\/\">\n\t\t\t\t\t\t<span class=\"elementor-button-content-wrapper\">\n\t\t\t\t\t\t\t\t\t<span class=\"elementor-button-text\">PLUS D'INFO<\/span>\n\t\t\t\t\t<\/span>\n\t\t\t\t\t<\/a>\n\t\t\t\t<\/div>\n\t\t\t\t\t\t\t\t<\/div>\n\t\t\t\t<\/div>\n\t\t\t\t<\/div>\n\t\t\t\t<\/div>\n\t\t\t\t<\/div>\n\t\t\t\t<\/div>\n\t\t<div class=\"elementor-element elementor-element-b2bacd7 e-con-full e-flex e-con e-parent\" data-id=\"b2bacd7\" data-element_type=\"container\" data-e-type=\"container\">\n\t\t<div class=\"elementor-element elementor-element-37f8219 e-con-full e-flex e-con e-child\" data-id=\"37f8219\" data-element_type=\"container\" data-e-type=\"container\" data-settings=\"{&quot;background_background&quot;:&quot;classic&quot;}\">\n\t\t<div class=\"elementor-element elementor-element-a0d8024 e-con-full e-flex e-con e-child\" data-id=\"a0d8024\" data-element_type=\"container\" data-e-type=\"container\">\n\t\t<div class=\"elementor-element elementor-element-02e9312 e-con-full e-flex e-con e-child\" data-id=\"02e9312\" data-element_type=\"container\" data-e-type=\"container\">\n\t\t\t\t<div class=\"elementor-element elementor-element-38ef6f3 dekoline elementor-widget elementor-widget-heading\" data-id=\"38ef6f3\" data-element_type=\"widget\" data-e-type=\"widget\" data-widget_type=\"heading.default\">\n\t\t\t\t<div class=\"elementor-widget-container\">\n\t\t\t\t\t<h3 class=\"elementor-heading-title elementor-size-default\">D\u00e9veloppement agricole<\/h3>\t\t\t\t<\/div>\n\t\t\t\t<\/div>\n\t\t\t\t<div class=\"elementor-element elementor-element-e5ae7f2 elementor-widget elementor-widget-text-editor\" data-id=\"e5ae7f2\" data-element_type=\"widget\" data-e-type=\"widget\" data-widget_type=\"text-editor.default\">\n\t\t\t\t<div class=\"elementor-widget-container\">\n\t\t\t\t\t\t\t\t\t<p>Le secteur agricole est d&rsquo;une importance vitale pour notre r\u00e9gion, car il favorise le d\u00e9veloppement rural, renforce les liens communautaires et contribue \u00e0 pr\u00e9server le patrimoine culturel unique de la MRC de Pontiac.<\/p>\t\t\t\t\t\t\t\t<\/div>\n\t\t\t\t<\/div>\n\t\t\t\t<\/div>\n\t\t<div class=\"elementor-element elementor-element-bfaec0b e-con-full e-flex e-con e-child\" data-id=\"bfaec0b\" data-element_type=\"container\" data-e-type=\"container\">\n\t\t\t\t<div class=\"elementor-element elementor-element-42478d8 elementor-widget elementor-widget-button\" data-id=\"42478d8\" data-element_type=\"widget\" data-e-type=\"widget\" data-widget_type=\"button.default\">\n\t\t\t\t<div class=\"elementor-widget-container\">\n\t\t\t\t\t\t\t\t\t<div class=\"elementor-button-wrapper\">\n\t\t\t\t\t<a class=\"elementor-button elementor-button-link elementor-size-sm\" href=\"https:\/\/mrcpontiac.qc.ca\/entreprises\/agriculture\/\">\n\t\t\t\t\t\t<span class=\"elementor-button-content-wrapper\">\n\t\t\t\t\t\t\t\t\t<span class=\"elementor-button-text\">PLUS D'INFO<\/span>\n\t\t\t\t\t<\/span>\n\t\t\t\t\t<\/a>\n\t\t\t\t<\/div>\n\t\t\t\t\t\t\t\t<\/div>\n\t\t\t\t<\/div>\n\t\t\t\t<\/div>\n\t\t\t\t<\/div>\n\t\t\t\t<\/div>\n\t\t<div class=\"elementor-element elementor-element-dc6c230 e-con-full e-flex e-con e-child\" data-id=\"dc6c230\" data-element_type=\"container\" data-e-type=\"container\" data-settings=\"{&quot;background_background&quot;:&quot;classic&quot;}\">\n\t\t<div class=\"elementor-element elementor-element-5c0d1ec e-con-full e-flex e-con e-child\" data-id=\"5c0d1ec\" data-element_type=\"container\" data-e-type=\"container\">\n\t\t<div class=\"elementor-element elementor-element-4c5d099 e-con-full e-flex e-con e-child\" data-id=\"4c5d099\" data-element_type=\"container\" data-e-type=\"container\">\n\t\t\t\t<div class=\"elementor-element elementor-element-88b9dd3 dekoline elementor-widget elementor-widget-heading\" data-id=\"88b9dd3\" data-element_type=\"widget\" data-e-type=\"widget\" data-widget_type=\"heading.default\">\n\t\t\t\t<div class=\"elementor-widget-container\">\n\t\t\t\t\t<h3 class=\"elementor-heading-title elementor-size-default\">Soutien et financement<\/h3>\t\t\t\t<\/div>\n\t\t\t\t<\/div>\n\t\t\t\t<div class=\"elementor-element elementor-element-453ec50 elementor-widget elementor-widget-text-editor\" data-id=\"453ec50\" data-element_type=\"widget\" data-e-type=\"widget\" data-widget_type=\"text-editor.default\">\n\t\t\t\t<div class=\"elementor-widget-container\">\n\t\t\t\t\t\t\t\t\t<p>En fournissant des ressources, des programmes de mentorat et une aide financi\u00e8re, nous donnons aux entrepreneurs en herbe et aux startups les moyens de transformer des id\u00e9es novatrices en entreprises prosp\u00e8res, favorisant ainsi une \u00e9conomie locale dynamique et diversifi\u00e9e.<\/p>\t\t\t\t\t\t\t\t<\/div>\n\t\t\t\t<\/div>\n\t\t\t\t<\/div>\n\t\t<div class=\"elementor-element elementor-element-2b932fc e-con-full e-flex e-con e-child\" data-id=\"2b932fc\" data-element_type=\"container\" data-e-type=\"container\">\n\t\t\t\t<div class=\"elementor-element elementor-element-9b32f4f elementor-widget elementor-widget-button\" data-id=\"9b32f4f\" data-element_type=\"widget\" data-e-type=\"widget\" data-widget_type=\"button.default\">\n\t\t\t\t<div class=\"elementor-widget-container\">\n\t\t\t\t\t\t\t\t\t<div class=\"elementor-button-wrapper\">\n\t\t\t\t\t<a class=\"elementor-button elementor-button-link elementor-size-sm\" href=\"https:\/\/mrcpontiac.qc.ca\/entreprises\/entrepreneuriat\/\">\n\t\t\t\t\t\t<span class=\"elementor-button-content-wrapper\">\n\t\t\t\t\t\t\t\t\t<span class=\"elementor-button-text\">PLUS D'INFO<\/span>\n\t\t\t\t\t<\/span>\n\t\t\t\t\t<\/a>\n\t\t\t\t<\/div>\n\t\t\t\t\t\t\t\t<\/div>\n\t\t\t\t<\/div>\n\t\t\t\t<\/div>\n\t\t\t\t<\/div>\n\t\t\t\t<\/div>\n\t\t\t\t<\/div>\n\t\t<div class=\"elementor-element elementor-element-3ab9499 e-flex e-con-boxed e-con e-parent\" data-id=\"3ab9499\" data-element_type=\"container\" data-e-type=\"container\">\n\t\t\t\t\t<div class=\"e-con-inner\">\n\t\t\t\t<div class=\"elementor-element elementor-element-5c9c39a dekoline elementor-widget elementor-widget-heading\" data-id=\"5c9c39a\" data-element_type=\"widget\" data-e-type=\"widget\" data-widget_type=\"heading.default\">\n\t\t\t\t<div class=\"elementor-widget-container\">\n\t\t\t\t\t<h2 class=\"elementor-heading-title elementor-size-xl\">Nos partenaires<\/h2>\t\t\t\t<\/div>\n\t\t\t\t<\/div>\n\t\t\t\t\t<\/div>\n\t\t\t\t<\/div>\n\t\t<div class=\"elementor-element elementor-element-644aa91 e-con-full e-flex e-con e-parent\" data-id=\"644aa91\" data-element_type=\"container\" data-e-type=\"container\">\n\t\t<div class=\"elementor-element elementor-element-1aaadf9 e-con-full e-flex e-con e-child\" data-id=\"1aaadf9\" data-element_type=\"container\" data-e-type=\"container\" data-settings=\"{&quot;background_background&quot;:&quot;classic&quot;}\">\n\t\t\t\t<\/div>\n\t\t<div class=\"elementor-element elementor-element-133a16d e-con-full e-flex e-con e-child\" data-id=\"133a16d\" data-element_type=\"container\" data-e-type=\"container\">\n\t\t\t\t<div class=\"elementor-element elementor-element-e45cdfd elementor-widget elementor-widget-image\" data-id=\"e45cdfd\" data-element_type=\"widget\" data-e-type=\"widget\" data-widget_type=\"image.default\">\n\t\t\t\t<div class=\"elementor-widget-container\">\n\t\t\t\t\t\t\t\t\t\t\t\t\t\t\t\t<a href=\"https:\/\/sadcpontiac.ca\/\" target=\"_blank\">\n\t\t\t\t\t\t\t<img decoding=\"async\" width=\"375\" height=\"125\" src=\"https:\/\/clarendon.ca\/wp-content\/uploads\/2025\/03\/sadc-logo-1.png\" class=\"attachment-large size-large wp-image-5909\" alt=\"\" srcset=\"https:\/\/clarendon.ca\/wp-content\/uploads\/2025\/03\/sadc-logo-1.png 375w, https:\/\/clarendon.ca\/wp-content\/uploads\/2025\/03\/sadc-logo-1-300x100.png 300w\" sizes=\"(max-width: 375px) 100vw, 375px\" \/>\t\t\t\t\t\t\t\t<\/a>\n\t\t\t\t\t\t\t\t\t\t\t\t\t\t\t<\/div>\n\t\t\t\t<\/div>\n\t\t\t\t<div class=\"elementor-element elementor-element-b857469 elementor-widget elementor-widget-text-editor\" data-id=\"b857469\" data-element_type=\"widget\" data-e-type=\"widget\" data-widget_type=\"text-editor.default\">\n\t\t\t\t<div class=\"elementor-widget-container\">\n\t\t\t\t\t\t\t\t\t<p style=\"text-align: center;\">L&rsquo;entrepreneuriat consiste \u00e0 saisir une opportunit\u00e9 et \u00e0 rassembler les ressources n\u00e9cessaires pour transformer cette opportunit\u00e9 en r\u00e9alit\u00e9. C&rsquo;est ce que votre SADC locale fait le mieux. Notre r\u00f4le est d&rsquo;aider votre entreprise \u00e0 atteindre ses objectifs, \u00e0 devenir plus forte et plus rentable. Nous soutenons les petites entreprises en combinant des services de financement et de conseil pour vous aider \u00e0 atteindre votre prochaine \u00e9tape de d\u00e9veloppement.<\/p>\t\t\t\t\t\t\t\t<\/div>\n\t\t\t\t<\/div>\n\t\t\t\t<div class=\"elementor-element elementor-element-650d227 elementor-widget elementor-widget-button\" data-id=\"650d227\" data-element_type=\"widget\" data-e-type=\"widget\" data-widget_type=\"button.default\">\n\t\t\t\t<div class=\"elementor-widget-container\">\n\t\t\t\t\t\t\t\t\t<div class=\"elementor-button-wrapper\">\n\t\t\t\t\t<a class=\"elementor-button elementor-button-link elementor-size-sm\" href=\"https:\/\/sadcpontiac.ca\/\" target=\"_blank\">\n\t\t\t\t\t\t<span class=\"elementor-button-content-wrapper\">\n\t\t\t\t\t\t\t\t\t<span class=\"elementor-button-text\">SADCPONTIAC.ca<\/span>\n\t\t\t\t\t<\/span>\n\t\t\t\t\t<\/a>\n\t\t\t\t<\/div>\n\t\t\t\t\t\t\t\t<\/div>\n\t\t\t\t<\/div>\n\t\t\t\t<\/div>\n\t\t\t\t<\/div>\n\t\t<div class=\"elementor-element elementor-element-67b7e6a e-con-full e-flex e-con e-parent\" data-id=\"67b7e6a\" data-element_type=\"container\" data-e-type=\"container\">\n\t\t<div class=\"elementor-element elementor-element-be19ff1 e-con-full e-flex e-con e-child\" data-id=\"be19ff1\" data-element_type=\"container\" data-e-type=\"container\" data-settings=\"{&quot;background_background&quot;:&quot;classic&quot;}\">\n\t\t\t\t<\/div>\n\t\t<div class=\"elementor-element elementor-element-42f4853 e-con-full e-flex e-con e-child\" data-id=\"42f4853\" data-element_type=\"container\" data-e-type=\"container\">\n\t\t\t\t<div class=\"elementor-element elementor-element-7fe66f0 elementor-widget elementor-widget-image\" data-id=\"7fe66f0\" data-element_type=\"widget\" data-e-type=\"widget\" data-widget_type=\"image.default\">\n\t\t\t\t<div class=\"elementor-widget-container\">\n\t\t\t\t\t\t\t\t\t\t\t\t\t\t\t\t<a href=\"https:\/\/pontiacchamberofcommerce.ca\/fr\/\" target=\"_blank\">\n\t\t\t\t\t\t\t<img decoding=\"async\" width=\"300\" height=\"112\" src=\"https:\/\/clarendon.ca\/wp-content\/uploads\/2025\/03\/pontiac-chamber-of-commerce-300x112-1-1.png\" class=\"attachment-large size-large wp-image-5913\" alt=\"\" \/>\t\t\t\t\t\t\t\t<\/a>\n\t\t\t\t\t\t\t\t\t\t\t\t\t\t\t<\/div>\n\t\t\t\t<\/div>\n\t\t\t\t<div class=\"elementor-element elementor-element-c3eacbf elementor-widget elementor-widget-text-editor\" data-id=\"c3eacbf\" data-element_type=\"widget\" data-e-type=\"widget\" data-widget_type=\"text-editor.default\">\n\t\t\t\t<div class=\"elementor-widget-container\">\n\t\t\t\t\t\t\t\t\t<div class=\"elementor-element elementor-element-f67aaa5 elementor-widget elementor-widget-text-editor\" data-id=\"f67aaa5\" data-element_type=\"widget\" data-widget_type=\"text-editor.default\"><div class=\"elementor-widget-container\" style=\"text-align: center;\"><p>La mission de la Chambre de commerce du Pontiac est de favoriser la croissance \u00e9conomique dans le Pontiac, et nous croyons qu&rsquo;un secteur priv\u00e9 fort et dynamique est la cl\u00e9 d&rsquo;une meilleure qualit\u00e9 de vie pour tous nos citoyens.<\/p><p>\u00a0<\/p><p>Sa vision est d&rsquo;\u00eatre reconnue comme la principale organisation d&rsquo;affaires dans le Pontiac et d&rsquo;offrir une valeur maximale \u00e0 ses membres en reconnaissant et en encourageant le r\u00f4le du secteur priv\u00e9 comme force motrice de l&rsquo;\u00e9conomie du Pontiac.<\/p><\/div><\/div>\t\t\t\t\t\t\t\t<\/div>\n\t\t\t\t<\/div>\n\t\t\t\t<div class=\"elementor-element elementor-element-c12204f elementor-widget elementor-widget-button\" data-id=\"c12204f\" data-element_type=\"widget\" data-e-type=\"widget\" data-widget_type=\"button.default\">\n\t\t\t\t<div class=\"elementor-widget-container\">\n\t\t\t\t\t\t\t\t\t<div class=\"elementor-button-wrapper\">\n\t\t\t\t\t<a class=\"elementor-button elementor-button-link elementor-size-sm\" href=\"https:\/\/pontiacchamberofcommerce.ca\" target=\"_blank\">\n\t\t\t\t\t\t<span class=\"elementor-button-content-wrapper\">\n\t\t\t\t\t\t\t\t\t<span class=\"elementor-button-text\">COMMERCEPONTIAC.ca<\/span>\n\t\t\t\t\t<\/span>\n\t\t\t\t\t<\/a>\n\t\t\t\t<\/div>\n\t\t\t\t\t\t\t\t<\/div>\n\t\t\t\t<\/div>\n\t\t\t\t<\/div>\n\t\t\t\t<\/div>\n\t\t\t\t<\/div>\n\t\t","protected":false},"excerpt":{"rendered":"<p>Clarendon est peut-\u00eatre ancr\u00e9e dans l\u2019agriculture, mais sa communaut\u00e9 d\u2019affaires est beaucoup plus diversifi\u00e9e qu\u2019elle n\u2019en a l\u2019air. Des fermes familiales aux entrepreneurs en construction, en passant par les artisans et les prestataires de services \u00e0 domicile, les entrepreneurs locaux jouent un r\u00f4le cl\u00e9 dans l\u2019\u00e9conomie de la r\u00e9gion. Plusieurs entreprises desservent non seulement Clarendon, [&hellip;]<\/p>\n","protected":false},"author":5,"featured_media":5989,"parent":0,"menu_order":0,"comment_status":"closed","ping_status":"closed","template":"","meta":{"_acf_changed":false,"footnotes":""},"class_list":["post-6640","page","type-page","status-publish","has-post-thumbnail","hentry"],"acf":[],"_links":{"self":[{"href":"https:\/\/clarendon.ca\/fr\/wp-json\/wp\/v2\/pages\/6640","targetHints":{"allow":["GET"]}}],"collection":[{"href":"https:\/\/clarendon.ca\/fr\/wp-json\/wp\/v2\/pages"}],"about":[{"href":"https:\/\/clarendon.ca\/fr\/wp-json\/wp\/v2\/types\/page"}],"author":[{"embeddable":true,"href":"https:\/\/clarendon.ca\/fr\/wp-json\/wp\/v2\/users\/5"}],"replies":[{"embeddable":true,"href":"https:\/\/clarendon.ca\/fr\/wp-json\/wp\/v2\/comments?post=6640"}],"version-history":[{"count":64,"href":"https:\/\/clarendon.ca\/fr\/wp-json\/wp\/v2\/pages\/6640\/revisions"}],"predecessor-version":[{"id":9977,"href":"https:\/\/clarendon.ca\/fr\/wp-json\/wp\/v2\/pages\/6640\/revisions\/9977"}],"wp:featuredmedia":[{"embeddable":true,"href":"https:\/\/clarendon.ca\/fr\/wp-json\/wp\/v2\/media\/5989"}],"wp:attachment":[{"href":"https:\/\/clarendon.ca\/fr\/wp-json\/wp\/v2\/media?parent=6640"}],"curies":[{"name":"wp","href":"https:\/\/api.w.org\/{rel}","templated":true}]}}