{"id":88,"date":"2024-08-24T10:57:41","date_gmt":"2024-08-24T14:57:41","guid":{"rendered":"https:\/\/clarendon.ottawavalleymedia.ca\/?page_id=88"},"modified":"2025-10-27T12:04:30","modified_gmt":"2025-10-27T16:04:30","slug":"a-propos","status":"publish","type":"page","link":"https:\/\/clarendon.ca\/fr\/municipalite-de-clarendon\/a-propos\/","title":{"rendered":"\u00c0 propos"},"content":{"rendered":"\t\t<div data-elementor-type=\"wp-page\" data-elementor-id=\"88\" class=\"elementor elementor-88 elementor-2093\" data-elementor-post-type=\"page\">\n\t\t\t\t<div class=\"elementor-element elementor-element-94aba46 e-flex e-con-boxed e-con e-parent\" data-id=\"94aba46\" data-element_type=\"container\" data-e-type=\"container\">\n\t\t\t\t\t<div class=\"e-con-inner\">\n\t\t<div class=\"elementor-element elementor-element-5c46380 e-con-full e-flex e-con e-child\" data-id=\"5c46380\" data-element_type=\"container\" data-e-type=\"container\">\n\t\t\t\t<div class=\"elementor-element elementor-element-8ec8b1d elementor-widget elementor-widget-text-editor\" data-id=\"8ec8b1d\" data-element_type=\"widget\" data-e-type=\"widget\" data-widget_type=\"text-editor.default\">\n\t\t\t\t<div class=\"elementor-widget-container\">\n\t\t\t\t\t\t\t\t\t<div class=\"flex-shrink-0 flex flex-col relative items-end\"><div class=\"pt-0\"><div class=\"gizmo-bot-avatar flex h-8 w-8 items-center justify-center overflow-hidden rounded-full\"><p data-start=\"79\" data-end=\"455\">Clarendon est l\u2019un des plus anciens secteurs \u00e9tablis du Pontiac, reconnu pour ses solides racines agricoles. La municipalit\u00e9 abrite certaines des terres agricoles les plus productives de la r\u00e9gion, soutenant des g\u00e9n\u00e9rations de fermes familiales qui continuent de faire vivre l\u2019\u00e9conomie locale aujourd\u2019hui. Pour de nombreux r\u00e9sidents, l\u2019agriculture demeure un mode de vie qui fa\u00e7onne \u00e0 la fois le paysage et les valeurs de la communaut\u00e9.<\/p><\/div><\/div><\/div>\t\t\t\t\t\t\t\t<\/div>\n\t\t\t\t<\/div>\n\t\t\t\t<div class=\"elementor-element elementor-element-96acd3e elementor-widget elementor-widget-text-editor\" data-id=\"96acd3e\" data-element_type=\"widget\" data-e-type=\"widget\" data-widget_type=\"text-editor.default\">\n\t\t\t\t<div class=\"elementor-widget-container\">\n\t\t\t\t\t\t\t\t\t<div class=\"flex-shrink-0 flex flex-col relative items-end\"><div class=\"pt-0\"><div class=\"gizmo-bot-avatar flex h-8 w-8 items-center justify-center overflow-hidden rounded-full\"><p data-start=\"457\" data-end=\"789\">Bien que Clarendon soit en grande partie rurale, elle comprend aussi plusieurs secteurs de r\u00e9sidences saisonni\u00e8res et permanentes autour de communaut\u00e9s de vill\u00e9giature comme Sand Bay, Green Lake et Thorne Lake. Ces endroits attirent des visiteurs et des vill\u00e9giateurs de partout dans la province, s\u00e9duits par le charme paisible de la campagne, l\u2019acc\u00e8s \u00e0 l\u2019eau et le fort sentiment de communaut\u00e9.<\/p><\/div><\/div><\/div>\t\t\t\t\t\t\t\t<\/div>\n\t\t\t\t<\/div>\n\t\t\t\t<div class=\"elementor-element elementor-element-568a03b elementor-widget elementor-widget-text-editor\" data-id=\"568a03b\" data-element_type=\"widget\" data-e-type=\"widget\" data-widget_type=\"text-editor.default\">\n\t\t\t\t<div class=\"elementor-widget-container\">\n\t\t\t\t\t\t\t\t\t<div class=\"flex-shrink-0 flex flex-col relative items-end\"><div class=\"pt-0\"><div class=\"gizmo-bot-avatar flex h-8 w-8 items-center justify-center overflow-hidden rounded-full\"><p data-start=\"457\" data-end=\"789\">Clarendon est \u00e9galement reli\u00e9e par un r\u00e9seau de chemins ruraux et de sentiers qui serpentent \u00e0 travers les for\u00eats, les terres agricoles et les rives des lacs. C\u2019est un endroit o\u00f9 la tradition et la beaut\u00e9 naturelle se rencontrent, offrant \u00e0 la fois un paysage de travail et une escapade reposante. Que vous y viviez \u00e0 temps plein, \u00e0 temps partiel ou que vous soyez simplement de passage, Clarendon vous donne un aper\u00e7u d\u2019un coin paisible et travailleur du Pontiac.<\/p><\/div><\/div><\/div>\t\t\t\t\t\t\t\t<\/div>\n\t\t\t\t<\/div>\n\t\t\t\t<\/div>\n\t\t<div class=\"elementor-element elementor-element-ce4467a e-con-full e-flex e-con e-child\" data-id=\"ce4467a\" data-element_type=\"container\" data-e-type=\"container\">\n\t\t\t\t<div class=\"elementor-element elementor-element-45c5dcd elementor-widget elementor-widget-image\" data-id=\"45c5dcd\" data-element_type=\"widget\" data-e-type=\"widget\" data-widget_type=\"image.default\">\n\t\t\t\t<div class=\"elementor-widget-container\">\n\t\t\t\t\t\t\t\t\t\t\t\t\t\t\t<img fetchpriority=\"high\" decoding=\"async\" width=\"682\" height=\"1024\" src=\"https:\/\/clarendon.ca\/wp-content\/uploads\/2025\/07\/back-roads-green-lake-682x1024.webp\" class=\"attachment-large size-large wp-image-8725\" alt=\"Green Lake\" srcset=\"https:\/\/clarendon.ca\/wp-content\/uploads\/2025\/07\/back-roads-green-lake-682x1024.webp 682w, https:\/\/clarendon.ca\/wp-content\/uploads\/2025\/07\/back-roads-green-lake-200x300.webp 200w, https:\/\/clarendon.ca\/wp-content\/uploads\/2025\/07\/back-roads-green-lake-768x1152.webp 768w, https:\/\/clarendon.ca\/wp-content\/uploads\/2025\/07\/back-roads-green-lake-1024x1536.webp 1024w, https:\/\/clarendon.ca\/wp-content\/uploads\/2025\/07\/back-roads-green-lake.webp 1333w\" sizes=\"(max-width: 682px) 100vw, 682px\" \/>\t\t\t\t\t\t\t\t\t\t\t\t\t\t\t<\/div>\n\t\t\t\t<\/div>\n\t\t\t\t<\/div>\n\t\t\t\t\t<\/div>\n\t\t\t\t<\/div>\n\t\t<div class=\"elementor-element elementor-element-de304bd e-flex e-con-boxed e-con e-parent\" data-id=\"de304bd\" data-element_type=\"container\" data-e-type=\"container\">\n\t\t\t\t\t<div class=\"e-con-inner\">\n\t\t<div class=\"elementor-element elementor-element-89b039a e-con-full e-flex e-con e-child\" data-id=\"89b039a\" data-element_type=\"container\" data-e-type=\"container\">\n\t\t\t\t<div class=\"elementor-element elementor-element-17c5bde elementor-widget elementor-widget-image\" data-id=\"17c5bde\" data-element_type=\"widget\" data-e-type=\"widget\" data-widget_type=\"image.default\">\n\t\t\t\t<div class=\"elementor-widget-container\">\n\t\t\t\t\t\t\t\t\t\t\t\t\t\t\t<img decoding=\"async\" width=\"800\" height=\"533\" src=\"https:\/\/clarendon.ca\/wp-content\/uploads\/2025\/07\/quebec-canada-flag-fairgrounds-1024x682.webp\" class=\"attachment-large size-large wp-image-8007\" alt=\"Community Events in Clarendon\" srcset=\"https:\/\/clarendon.ca\/wp-content\/uploads\/2025\/07\/quebec-canada-flag-fairgrounds-1024x682.webp 1024w, https:\/\/clarendon.ca\/wp-content\/uploads\/2025\/07\/quebec-canada-flag-fairgrounds-300x200.webp 300w, https:\/\/clarendon.ca\/wp-content\/uploads\/2025\/07\/quebec-canada-flag-fairgrounds-768x512.webp 768w, https:\/\/clarendon.ca\/wp-content\/uploads\/2025\/07\/quebec-canada-flag-fairgrounds-1536x1024.webp 1536w, https:\/\/clarendon.ca\/wp-content\/uploads\/2025\/07\/quebec-canada-flag-fairgrounds.webp 2000w\" sizes=\"(max-width: 800px) 100vw, 800px\" \/>\t\t\t\t\t\t\t\t\t\t\t\t\t\t\t<\/div>\n\t\t\t\t<\/div>\n\t\t\t\t<\/div>\n\t\t<div class=\"elementor-element elementor-element-7e5b7e5 e-con-full e-flex e-con e-child\" data-id=\"7e5b7e5\" data-element_type=\"container\" data-e-type=\"container\">\n\t\t\t\t<div class=\"elementor-element elementor-element-f631988 elementor-widget elementor-widget-heading\" data-id=\"f631988\" data-element_type=\"widget\" data-e-type=\"widget\" data-widget_type=\"heading.default\">\n\t\t\t\t<div class=\"elementor-widget-container\">\n\t\t\t\t\t<h2 class=\"elementor-heading-title elementor-size-default\">La vie \u00e0 Clarendon et les activit\u00e9s communautaires\n<\/h2>\t\t\t\t<\/div>\n\t\t\t\t<\/div>\n\t\t\t\t<div class=\"elementor-element elementor-element-ef7e13b elementor-widget elementor-widget-text-editor\" data-id=\"ef7e13b\" data-element_type=\"widget\" data-e-type=\"widget\" data-widget_type=\"text-editor.default\">\n\t\t\t\t<div class=\"elementor-widget-container\">\n\t\t\t\t\t\t\t\t\t<p data-start=\"0\" data-end=\"507\">La vie \u00e0 Clarendon est empreinte d\u2019un fort esprit communautaire, avec des \u00e9v\u00e9nements locaux qui rassemblent les r\u00e9sidents tout au long de l\u2019ann\u00e9e. De grands rassemblements annuels comme le Country Jamboree et les foires d\u2019automne sont des moments forts du calendrier, souvent organis\u00e9s en collaboration avec la municipalit\u00e9 voisine de Shawville. Qu\u2019il s\u2019agisse de musique en direct, de d\u00e9fil\u00e9s des F\u00eates, de tournois sportifs ou de festivals saisonniers, il y a toujours quelque chose qui attire les foules.<\/p><p data-start=\"509\" data-end=\"839\">\u00a0<\/p><p data-start=\"509\" data-end=\"839\">Bon nombre de ces \u00e9v\u00e9nements sont partag\u00e9s entre les deux municipalit\u00e9s, t\u00e9moignant de la relation \u00e9troite entre Clarendon et Shawville. Les familles des deux communaut\u00e9s se r\u00e9unissent pour faire du b\u00e9n\u00e9volat, c\u00e9l\u00e9brer ensemble et soutenir les initiatives locales, cr\u00e9ant ainsi un sentiment d\u2019appartenance chaleureux et solidaire.<\/p><p data-start=\"841\" data-end=\"1158\" data-is-last-node=\"\" data-is-only-node=\"\">\u00a0<\/p><p data-start=\"841\" data-end=\"1158\" data-is-last-node=\"\" data-is-only-node=\"\">Des activit\u00e9s plus modestes, allant des soupers communautaires aux programmes pour enfants, sont souvent soutenues par les associations de r\u00e9sidents locales. Ces groupes contribuent \u00e0 garder les quartiers dynamiques et impliqu\u00e9s, renfor\u00e7ant l\u2019ambiance accueillante et ax\u00e9e sur la communaut\u00e9 qui caract\u00e9rise Clarendon.<\/p>\t\t\t\t\t\t\t\t<\/div>\n\t\t\t\t<\/div>\n\t\t\t\t<div class=\"elementor-element elementor-element-ecd8a39 elementor-widget elementor-widget-button\" data-id=\"ecd8a39\" data-element_type=\"widget\" data-e-type=\"widget\" data-widget_type=\"button.default\">\n\t\t\t\t<div class=\"elementor-widget-container\">\n\t\t\t\t\t\t\t\t\t<div class=\"elementor-button-wrapper\">\n\t\t\t\t\t<a class=\"elementor-button elementor-button-link elementor-size-sm\" href=\"https:\/\/clarendon.ca\/municipalite\/a-propos\/\">\n\t\t\t\t\t\t<span class=\"elementor-button-content-wrapper\">\n\t\t\t\t\t\t\t\t\t<span class=\"elementor-button-text\">EN SAVOIR PLUS<\/span>\n\t\t\t\t\t<\/span>\n\t\t\t\t\t<\/a>\n\t\t\t\t<\/div>\n\t\t\t\t\t\t\t\t<\/div>\n\t\t\t\t<\/div>\n\t\t\t\t<\/div>\n\t\t\t\t\t<\/div>\n\t\t\t\t<\/div>\n\t\t<div class=\"elementor-element elementor-element-8062811 e-flex e-con-boxed e-con e-parent\" data-id=\"8062811\" data-element_type=\"container\" data-e-type=\"container\">\n\t\t\t\t\t<div class=\"e-con-inner\">\n\t\t<div class=\"elementor-element elementor-element-0005b24 e-con-full e-flex e-con e-child\" data-id=\"0005b24\" data-element_type=\"container\" data-e-type=\"container\">\n\t\t\t\t<div class=\"elementor-element elementor-element-6be42bd elementor-widget elementor-widget-image\" data-id=\"6be42bd\" data-element_type=\"widget\" data-e-type=\"widget\" data-widget_type=\"image.default\">\n\t\t\t\t<div class=\"elementor-widget-container\">\n\t\t\t\t\t\t\t\t\t\t\t\t\t\t\t<img decoding=\"async\" width=\"800\" height=\"533\" src=\"https:\/\/clarendon.ca\/wp-content\/uploads\/2025\/07\/clarendon-business-farms-1024x682.webp\" class=\"attachment-large size-large wp-image-8637\" alt=\"Clarendon Business\" srcset=\"https:\/\/clarendon.ca\/wp-content\/uploads\/2025\/07\/clarendon-business-farms-1024x682.webp 1024w, https:\/\/clarendon.ca\/wp-content\/uploads\/2025\/07\/clarendon-business-farms-300x200.webp 300w, https:\/\/clarendon.ca\/wp-content\/uploads\/2025\/07\/clarendon-business-farms-768x512.webp 768w, https:\/\/clarendon.ca\/wp-content\/uploads\/2025\/07\/clarendon-business-farms-1536x1024.webp 1536w, https:\/\/clarendon.ca\/wp-content\/uploads\/2025\/07\/clarendon-business-farms.webp 2000w\" sizes=\"(max-width: 800px) 100vw, 800px\" \/>\t\t\t\t\t\t\t\t\t\t\t\t\t\t\t<\/div>\n\t\t\t\t<\/div>\n\t\t\t\t<\/div>\n\t\t<div class=\"elementor-element elementor-element-dc56c56 e-con-full e-flex e-con e-child\" data-id=\"dc56c56\" data-element_type=\"container\" data-e-type=\"container\">\n\t\t\t\t<div class=\"elementor-element elementor-element-5cf149d elementor-widget elementor-widget-heading\" data-id=\"5cf149d\" data-element_type=\"widget\" data-e-type=\"widget\" data-widget_type=\"heading.default\">\n\t\t\t\t<div class=\"elementor-widget-container\">\n\t\t\t\t\t<h2 class=\"elementor-heading-title elementor-size-default\">Entreprises et services locaux<\/h2>\t\t\t\t<\/div>\n\t\t\t\t<\/div>\n\t\t\t\t<div class=\"elementor-element elementor-element-0f698f1 elementor-widget elementor-widget-text-editor\" data-id=\"0f698f1\" data-element_type=\"widget\" data-e-type=\"widget\" data-widget_type=\"text-editor.default\">\n\t\t\t\t<div class=\"elementor-widget-container\">\n\t\t\t\t\t\t\t\t\t<p>L&rsquo;\u00e9conomie de Clarendon est profond\u00e9ment ancr\u00e9e dans l&rsquo;agriculture, avec des g\u00e9n\u00e9rations d&rsquo;exploitations familiales produisant tout, du b\u0153uf et des produits laitiers aux c\u00e9r\u00e9ales et au foin. Ces exploitations constituent l&rsquo;\u00e9pine dorsale de l&rsquo;\u00e9conomie locale et fa\u00e7onnent une grande partie du paysage rural. Mais au-del\u00e0 des champs, Clarendon abrite \u00e9galement un large \u00e9ventail d&rsquo;autres entreprises qui contribuent \u00e0 la prosp\u00e9rit\u00e9 de la municipalit\u00e9.<\/p><p>\u00a0<\/p><p>Les petites entreprises, les artisans et les entrepreneurs \u00e0 domicile sont tr\u00e8s actifs dans toute la communaut\u00e9. Des m\u00e9caniciens et des \u00e9quipes de construction aux artisans, boulangers et prestataires de services, de nombreux habitants exercent des activit\u00e9s secondaires ou g\u00e8rent des entreprises familiales qui desservent la r\u00e9gion et au-del\u00e0. L&rsquo;essor du t\u00e9l\u00e9travail et de la vente en ligne a \u00e9galement ouvert de nouvelles opportunit\u00e9s pour les chefs d&rsquo;entreprise de Clarendon.<\/p><p>\u00a0<\/p><p>Ensemble, ces activit\u00e9s \u00e9conomiques diverses, tant traditionnelles que modernes, contribuent \u00e0 b\u00e2tir une \u00e9conomie locale forte et r\u00e9siliente. Qu&rsquo;il s&rsquo;agisse de vendre des produits au march\u00e9, de r\u00e9parer du mat\u00e9riel ou de lancer une boutique \u00e0 domicile, Clarendon regorge de personnes qui trouvent des moyens cr\u00e9atifs de gagner leur vie et de soutenir leurs voisins.<\/p>\t\t\t\t\t\t\t\t<\/div>\n\t\t\t\t<\/div>\n\t\t\t\t<div class=\"elementor-element elementor-element-a177d70 elementor-widget elementor-widget-button\" data-id=\"a177d70\" data-element_type=\"widget\" data-e-type=\"widget\" data-widget_type=\"button.default\">\n\t\t\t\t<div class=\"elementor-widget-container\">\n\t\t\t\t\t\t\t\t\t<div class=\"elementor-button-wrapper\">\n\t\t\t\t\t<a class=\"elementor-button elementor-button-link elementor-size-sm\" href=\"https:\/\/clarendon.ca\/entreprises\/\">\n\t\t\t\t\t\t<span class=\"elementor-button-content-wrapper\">\n\t\t\t\t\t\t\t\t\t<span class=\"elementor-button-text\">EN SAVOIR PLUS<\/span>\n\t\t\t\t\t<\/span>\n\t\t\t\t\t<\/a>\n\t\t\t\t<\/div>\n\t\t\t\t\t\t\t\t<\/div>\n\t\t\t\t<\/div>\n\t\t\t\t<\/div>\n\t\t\t\t\t<\/div>\n\t\t\t\t<\/div>\n\t\t<div class=\"elementor-element elementor-element-3e38fae e-flex e-con-boxed e-con e-parent\" data-id=\"3e38fae\" data-element_type=\"container\" data-e-type=\"container\">\n\t\t\t\t\t<div class=\"e-con-inner\">\n\t\t<div class=\"elementor-element elementor-element-b9412f8 e-con-full e-flex e-con e-child\" data-id=\"b9412f8\" data-element_type=\"container\" data-e-type=\"container\">\n\t\t\t\t<div class=\"elementor-element elementor-element-cc7ef49 elementor-widget elementor-widget-image\" data-id=\"cc7ef49\" data-element_type=\"widget\" data-e-type=\"widget\" data-widget_type=\"image.default\">\n\t\t\t\t<div class=\"elementor-widget-container\">\n\t\t\t\t\t\t\t\t\t\t\t\t\t\t\t<img loading=\"lazy\" decoding=\"async\" width=\"800\" height=\"533\" src=\"https:\/\/clarendon.ca\/wp-content\/uploads\/2025\/07\/mcdowell-shawville-1024x682.webp\" class=\"attachment-large size-large wp-image-7996\" alt=\"Dr S.E. McDowell School\" srcset=\"https:\/\/clarendon.ca\/wp-content\/uploads\/2025\/07\/mcdowell-shawville-1024x682.webp 1024w, https:\/\/clarendon.ca\/wp-content\/uploads\/2025\/07\/mcdowell-shawville-300x200.webp 300w, https:\/\/clarendon.ca\/wp-content\/uploads\/2025\/07\/mcdowell-shawville-768x512.webp 768w, https:\/\/clarendon.ca\/wp-content\/uploads\/2025\/07\/mcdowell-shawville-1536x1024.webp 1536w, https:\/\/clarendon.ca\/wp-content\/uploads\/2025\/07\/mcdowell-shawville.webp 2000w\" sizes=\"(max-width: 800px) 100vw, 800px\" \/>\t\t\t\t\t\t\t\t\t\t\t\t\t\t\t<\/div>\n\t\t\t\t<\/div>\n\t\t\t\t<\/div>\n\t\t<div class=\"elementor-element elementor-element-7c3c7a1 e-con-full e-flex e-con e-child\" data-id=\"7c3c7a1\" data-element_type=\"container\" data-e-type=\"container\">\n\t\t\t\t<div class=\"elementor-element elementor-element-e0648ea elementor-widget elementor-widget-heading\" data-id=\"e0648ea\" data-element_type=\"widget\" data-e-type=\"widget\" data-widget_type=\"heading.default\">\n\t\t\t\t<div class=\"elementor-widget-container\">\n\t\t\t\t\t<h2 class=\"elementor-heading-title elementor-size-default\">Sant\u00e9 et \u00e9ducation<\/h2>\t\t\t\t<\/div>\n\t\t\t\t<\/div>\n\t\t\t\t<div class=\"elementor-element elementor-element-3c51414 elementor-widget elementor-widget-text-editor\" data-id=\"3c51414\" data-element_type=\"widget\" data-e-type=\"widget\" data-widget_type=\"text-editor.default\">\n\t\t\t\t<div class=\"elementor-widget-container\">\n\t\t\t\t\t\t\t\t\t<p data-start=\"0\" data-end=\"157\">Les r\u00e9sidents de Clarendon b\u00e9n\u00e9ficient d\u2019un acc\u00e8s rapide \u00e0 des services essentiels en sant\u00e9 et en \u00e9ducation, situ\u00e9s \u00e0 quelques minutes seulement \u00e0 Shawville.<\/p><p data-start=\"159\" data-end=\"495\">\u00a0<\/p><p data-start=\"159\" data-end=\"495\">L\u2019H\u00f4pital communautaire du Pontiac offre des soins d\u2019urgence et une gamme de services m\u00e9dicaux, tandis que le CLSC voisin propose des soins de sant\u00e9 primaires, des cliniques de vaccination et du soutien pour les a\u00een\u00e9s. Une clinique familiale \u00e0 Shawville regroupe \u00e9galement des m\u00e9decins de famille et d\u2019autres professionnels de la sant\u00e9.<\/p><p data-start=\"497\" data-end=\"670\" data-is-last-node=\"\" data-is-only-node=\"\">\u00a0<\/p><p data-start=\"497\" data-end=\"670\" data-is-last-node=\"\" data-is-only-node=\"\">C\u00f4t\u00e9 \u00e9ducation, les \u00e9l\u00e8ves fr\u00e9quentent les \u00e9coles anglophones de Shawville, ou les \u00e9coles primaires et secondaires francophones situ\u00e9es \u00e0 Quyon, Campbell\u2019s Bay et Mansfield.<\/p>\t\t\t\t\t\t\t\t<\/div>\n\t\t\t\t<\/div>\n\t\t\t\t<div class=\"elementor-element elementor-element-db1021e elementor-widget elementor-widget-button\" data-id=\"db1021e\" data-element_type=\"widget\" data-e-type=\"widget\" data-widget_type=\"button.default\">\n\t\t\t\t<div class=\"elementor-widget-container\">\n\t\t\t\t\t\t\t\t\t<div class=\"elementor-button-wrapper\">\n\t\t\t\t\t<a class=\"elementor-button elementor-button-link elementor-size-sm\" href=\"https:\/\/clarendon.ca\/residents\/\">\n\t\t\t\t\t\t<span class=\"elementor-button-content-wrapper\">\n\t\t\t\t\t\t\t\t\t<span class=\"elementor-button-text\">EN SAVOIR PLUS<\/span>\n\t\t\t\t\t<\/span>\n\t\t\t\t\t<\/a>\n\t\t\t\t<\/div>\n\t\t\t\t\t\t\t\t<\/div>\n\t\t\t\t<\/div>\n\t\t\t\t<\/div>\n\t\t\t\t\t<\/div>\n\t\t\t\t<\/div>\n\t\t\t\t<\/div>\n\t\t","protected":false},"excerpt":{"rendered":"<p>Clarendon est l\u2019un des plus anciens secteurs \u00e9tablis du Pontiac, reconnu pour ses solides racines agricoles. La municipalit\u00e9 abrite certaines des terres agricoles les plus productives de la r\u00e9gion, soutenant des g\u00e9n\u00e9rations de fermes familiales qui continuent de faire vivre l\u2019\u00e9conomie locale aujourd\u2019hui. Pour de nombreux r\u00e9sidents, l\u2019agriculture demeure un mode de vie qui fa\u00e7onne [&hellip;]<\/p>\n","protected":false},"author":1,"featured_media":8062,"parent":248,"menu_order":0,"comment_status":"closed","ping_status":"closed","template":"","meta":{"_acf_changed":false,"footnotes":""},"class_list":["post-88","page","type-page","status-publish","has-post-thumbnail","hentry"],"acf":[],"_links":{"self":[{"href":"https:\/\/clarendon.ca\/fr\/wp-json\/wp\/v2\/pages\/88","targetHints":{"allow":["GET"]}}],"collection":[{"href":"https:\/\/clarendon.ca\/fr\/wp-json\/wp\/v2\/pages"}],"about":[{"href":"https:\/\/clarendon.ca\/fr\/wp-json\/wp\/v2\/types\/page"}],"author":[{"embeddable":true,"href":"https:\/\/clarendon.ca\/fr\/wp-json\/wp\/v2\/users\/1"}],"replies":[{"embeddable":true,"href":"https:\/\/clarendon.ca\/fr\/wp-json\/wp\/v2\/comments?post=88"}],"version-history":[{"count":119,"href":"https:\/\/clarendon.ca\/fr\/wp-json\/wp\/v2\/pages\/88\/revisions"}],"predecessor-version":[{"id":9891,"href":"https:\/\/clarendon.ca\/fr\/wp-json\/wp\/v2\/pages\/88\/revisions\/9891"}],"up":[{"embeddable":true,"href":"https:\/\/clarendon.ca\/fr\/wp-json\/wp\/v2\/pages\/248"}],"wp:featuredmedia":[{"embeddable":true,"href":"https:\/\/clarendon.ca\/fr\/wp-json\/wp\/v2\/media\/8062"}],"wp:attachment":[{"href":"https:\/\/clarendon.ca\/fr\/wp-json\/wp\/v2\/media?parent=88"}],"curies":[{"name":"wp","href":"https:\/\/api.w.org\/{rel}","templated":true}]}}