{"id":9031,"date":"2024-08-13T16:03:28","date_gmt":"2024-08-13T20:03:28","guid":{"rendered":"https:\/\/clarendon.ottawavalleymedia.ca\/privacy-policy\/"},"modified":"2025-07-27T15:29:52","modified_gmt":"2025-07-27T19:29:52","slug":"politique-de-confidentialite","status":"publish","type":"page","link":"https:\/\/clarendon.ca\/fr\/politique-de-confidentialite\/","title":{"rendered":"Politique de confidentialit\u00e9"},"content":{"rendered":"\t\t<div data-elementor-type=\"wp-page\" data-elementor-id=\"9031\" class=\"elementor elementor-9031 elementor-2107\" data-elementor-post-type=\"page\">\n\t\t\t\t<div class=\"elementor-element elementor-element-05bfa31 e-flex e-con-boxed e-con e-parent\" data-id=\"05bfa31\" data-element_type=\"container\" data-e-type=\"container\">\n\t\t\t\t\t<div class=\"e-con-inner\">\n\t\t\t\t<div class=\"elementor-element elementor-element-d93d315 elementor-widget elementor-widget-text-editor\" data-id=\"d93d315\" data-element_type=\"widget\" data-e-type=\"widget\" data-widget_type=\"text-editor.default\">\n\t\t\t\t<div class=\"elementor-widget-container\">\n\t\t\t\t\t\t\t\t\t<p data-start=\"203\" data-end=\"639\">La Municipalit\u00e9 de Clarendon s\u2019engage \u00e0 prot\u00e9ger les renseignements personnels de ses r\u00e9sidents, employ\u00e9s et de toute personne qui interagit avec elle. Conform\u00e9ment \u00e0 la <strong data-start=\"373\" data-end=\"496\">Loi 25 du Qu\u00e9bec (Loi modernisant des dispositions l\u00e9gislatives en mati\u00e8re de protection des renseignements personnels)<\/strong>, nous prenons les mesures n\u00e9cessaires pour que les donn\u00e9es soient recueillies, utilis\u00e9es et conserv\u00e9es de mani\u00e8re responsable et transparente.<\/p><h3 data-start=\"641\" data-end=\"672\">Renseignements recueillis<\/h3><p data-start=\"673\" data-end=\"941\">Nous pouvons recueillir des renseignements personnels tels que votre nom, adresse, num\u00e9ro de t\u00e9l\u00e9phone, adresse courriel ou toute autre information n\u00e9cessaire \u00e0 la prestation de services municipaux, \u00e0 la r\u00e9ponse \u00e0 vos demandes ou au respect de nos obligations l\u00e9gales.<\/p><h3 data-start=\"943\" data-end=\"979\">Utilisation des renseignements<\/h3><p data-start=\"980\" data-end=\"1234\">Les renseignements recueillis sont utilis\u00e9s \u00e0 des fins pr\u00e9cises, comme traiter vos demandes, communiquer avec vous ou fournir des services publics. Ils peuvent aussi \u00eatre utilis\u00e9s pour respecter les lois et r\u00e8glements municipaux, provinciaux ou f\u00e9d\u00e9raux.<\/p><h3 data-start=\"1236\" data-end=\"1254\">Consentement<\/h3><p data-start=\"1255\" data-end=\"1493\">Nous recueillons les renseignements personnels avec votre consentement, sauf lorsque la loi nous autorise \u00e0 le faire autrement. Vous pouvez retirer votre consentement en tout temps, sous r\u00e9serve des restrictions l\u00e9gales ou contractuelles.<\/p><h3 data-start=\"1495\" data-end=\"1533\">T\u00e9moins et suivi sur le site web<\/h3><p data-start=\"1534\" data-end=\"1766\">Notre site web peut utiliser des t\u00e9moins (cookies) et d&rsquo;autres technologies de suivi pour am\u00e9liorer l\u2019exp\u00e9rience utilisateur et analyser le trafic. Vous pouvez g\u00e9rer ou d\u00e9sactiver les t\u00e9moins dans les param\u00e8tres de votre navigateur.<\/p><h3 data-start=\"1768\" data-end=\"1804\">Fournisseurs de services tiers<\/h3><p data-start=\"1805\" data-end=\"2105\">Dans certains cas, nous pouvons partager des renseignements personnels avec des fournisseurs de services tiers (ex. : h\u00e9bergement web, sous-traitants) pour faciliter la prestation des services municipaux. Ces fournisseurs doivent se conformer aux lois sur la protection des renseignements personnels.<\/p><h3 data-start=\"2107\" data-end=\"2169\">\u00c9valuations des facteurs relatifs \u00e0 la vie priv\u00e9e (\u00c9FVP)<\/h3><p data-start=\"2170\" data-end=\"2399\">Nous r\u00e9alisons des \u00e9valuations des facteurs relatifs \u00e0 la vie priv\u00e9e pour tout nouveau projet ou syst\u00e8me num\u00e9rique qui implique la collecte, l&rsquo;utilisation ou la conservation de renseignements personnels, conform\u00e9ment \u00e0 la Loi 25.<\/p><h3 data-start=\"2401\" data-end=\"2431\">S\u00e9curit\u00e9 et conservation<\/h3><p data-start=\"2432\" data-end=\"2743\">Nous mettons en place des mesures de s\u00e9curit\u00e9 appropri\u00e9es pour prot\u00e9ger vos renseignements contre la perte, l&rsquo;acc\u00e8s non autoris\u00e9 ou l\u2019utilisation abusive. Les donn\u00e9es sont conserv\u00e9es uniquement pour la dur\u00e9e n\u00e9cessaire aux fins pour lesquelles elles ont \u00e9t\u00e9 recueillies ou pour satisfaire aux exigences l\u00e9gales.<\/p><h3 data-start=\"2745\" data-end=\"2761\">Vos droits<\/h3><p data-start=\"2762\" data-end=\"2969\">Vous avez le droit d\u2019acc\u00e9der \u00e0 vos renseignements personnels, de demander une correction, ou d\u2019exiger leur suppression lorsque cela s\u2019applique. Vous pouvez \u00e9galement retirer votre consentement \u00e0 tout moment.<\/p><h3 data-start=\"2971\" data-end=\"2989\">Nous joindre<\/h3><p data-start=\"2990\" data-end=\"3148\">Pour toute question ou demande concernant vos renseignements personnels, veuillez contacter notre responsable de la protection des renseignements personnels\u00a0:<\/p><p data-start=\"3150\" data-end=\"3287\"><strong data-start=\"3150\" data-end=\"3168\">Patricia Hobbs<\/strong><br data-start=\"3168\" data-end=\"3171\" \/>Directrice g\u00e9n\u00e9rale et responsable de la protection des renseignements personnels<br data-start=\"3252\" data-end=\"3255\" \/>Courriel\u00a0: <strong data-start=\"3266\" data-end=\"3287\"><a class=\"cursor-pointer\" rel=\"noopener\" data-start=\"3268\" data-end=\"3285\">dg@clarendonqc.ca<\/a><\/strong><\/p><hr data-start=\"3289\" data-end=\"3292\" \/><p data-start=\"3294\" data-end=\"3338\"><strong data-start=\"3294\" data-end=\"3320\">Derni\u00e8re mise \u00e0 jour\u00a0:<\/strong> 27 juillet, 2025<\/p>\t\t\t\t\t\t\t\t<\/div>\n\t\t\t\t<\/div>\n\t\t\t\t\t<\/div>\n\t\t\t\t<\/div>\n\t\t\t\t<\/div>\n\t\t","protected":false},"excerpt":{"rendered":"<p>La Municipalit\u00e9 de Clarendon s\u2019engage \u00e0 prot\u00e9ger les renseignements personnels de ses r\u00e9sidents, employ\u00e9s et de toute personne qui interagit avec elle. Conform\u00e9ment \u00e0 la Loi 25 du Qu\u00e9bec (Loi modernisant des dispositions l\u00e9gislatives en mati\u00e8re de protection des renseignements personnels), nous prenons les mesures n\u00e9cessaires pour que les donn\u00e9es soient recueillies, utilis\u00e9es et conserv\u00e9es [&hellip;]<\/p>\n","protected":false},"author":5,"featured_media":7950,"parent":0,"menu_order":0,"comment_status":"closed","ping_status":"open","template":"","meta":{"_acf_changed":false,"footnotes":""},"class_list":["post-9031","page","type-page","status-publish","has-post-thumbnail","hentry"],"acf":[],"_links":{"self":[{"href":"https:\/\/clarendon.ca\/fr\/wp-json\/wp\/v2\/pages\/9031","targetHints":{"allow":["GET"]}}],"collection":[{"href":"https:\/\/clarendon.ca\/fr\/wp-json\/wp\/v2\/pages"}],"about":[{"href":"https:\/\/clarendon.ca\/fr\/wp-json\/wp\/v2\/types\/page"}],"author":[{"embeddable":true,"href":"https:\/\/clarendon.ca\/fr\/wp-json\/wp\/v2\/users\/5"}],"replies":[{"embeddable":true,"href":"https:\/\/clarendon.ca\/fr\/wp-json\/wp\/v2\/comments?post=9031"}],"version-history":[{"count":10,"href":"https:\/\/clarendon.ca\/fr\/wp-json\/wp\/v2\/pages\/9031\/revisions"}],"predecessor-version":[{"id":9059,"href":"https:\/\/clarendon.ca\/fr\/wp-json\/wp\/v2\/pages\/9031\/revisions\/9059"}],"wp:featuredmedia":[{"embeddable":true,"href":"https:\/\/clarendon.ca\/fr\/wp-json\/wp\/v2\/media\/7950"}],"wp:attachment":[{"href":"https:\/\/clarendon.ca\/fr\/wp-json\/wp\/v2\/media?parent=9031"}],"curies":[{"name":"wp","href":"https:\/\/api.w.org\/{rel}","templated":true}]}}